{"id":5722,"date":"2025-04-28T10:25:30","date_gmt":"2025-04-28T08:25:30","guid":{"rendered":"https:\/\/www.avafin.es\/?page_id=5722"},"modified":"2026-03-31T10:30:38","modified_gmt":"2026-03-31T08:30:38","slug":"promociones-activas","status":"publish","type":"page","link":"https:\/\/www.avafin.es\/ca\/descomptes-ofertes-i-promocions-actives","title":{"rendered":"Descomptes, ofertes i promocions"},"content":{"rendered":"<p>Descobreix descomptes exclusius als nostres <strong>pr\u00e9stecs personals<\/strong> pensats per a tu. Aconsegueix condicions especials en pr\u00e9stecs per als minicr\u00e8dits al moment, disponibles a AvaFin.es.<\/p>\n\n\n\n<h2>Promocions actives&nbsp;<\/h2>\n\n\n\n<ul class=\"wp-block-list\">\n<li><strong>Sense comissi\u00f3 dobertura. <\/strong>Solicita tu primer pr\u00e9stamo de hasta 300\u20ac en 30 d\u00edas, con TAE m\u00e1ximo de 734,97% y TIN m\u00e1ximo de 231,80%, sin comisi\u00f3n de apertura, solo para nuevos clientes a trav\u00e9s www.avafin.es. Sujeto a aprobaci\u00f3n crediticia. No acumulable con otras promociones. Validez: del 23-04-2025 hasta 30-04-2026.\n<ul class=\"wp-block-list\">\n<li><strong><a href=\"https:\/\/www.avafin.es\/wp-content\/uploads\/2026\/03\/Promocion_Sin_Comision_Apertura.pdf\" target=\"_blank\" rel=\"noreferrer noopener\">Bases legals<\/a><\/strong> en castell\u00e0.<\/li>\n\n\n\n<li><strong><a href=\"https:\/\/www.avafin.es\/wp-content\/uploads\/2026\/03\/Promocion_Sin_Comision_Obertura.pdf\" target=\"_blank\" rel=\"noreferrer noopener\">Bases legals<\/a><\/strong> en catal\u00e0.<\/li>\n<\/ul>\n<\/li>\n<\/ul>\n\n\n\n<p><\/p>\n\n\n\n<ul class=\"wp-block-list\">\n<li><strong>Codis promocionals.<\/strong> Utilitza el teu codi promocional i demana el teu pr\u00e9stec amb condicions especials. Promoci\u00f3 v\u00e0lida per a clients que ingressin algun codi rebut per qualsevol canal de comunicaci\u00f3 per fer la sol\u00b7licitud a trav\u00e9s de www.avafin.es. Cada codi \u00e9s d&#039;un sol \u00fas, no acumulable amb altres promocions ni transferible a tercers. Subjecte a aprovaci\u00f3 credit\u00edcia. Validesa: del 01-01-2025 fins al 31-12-2035.\n<ul class=\"wp-block-list\">\n<li><strong><a href=\"https:\/\/www.avafin.es\/wp-content\/uploads\/2025\/05\/Promocion_Codigos_Promocionales-1.pdf\" target=\"_blank\" rel=\"noreferrer noopener\">Bases legals<\/a><\/strong> en castell\u00e0.<\/li>\n\n\n\n<li><strong><a href=\"https:\/\/www.avafin.es\/wp-content\/uploads\/2025\/05\/Promocio_Codigos_Promocionals-1.pdf\" target=\"_blank\" rel=\"noreferrer noopener\">Bases legals<\/a><\/strong> en catal\u00e0.<\/li>\n<\/ul>\n<\/li>\n<\/ul>\n\n\n\n<h2>Promocions finalitzades&nbsp;<\/h2>\n\n\n\n<ul class=\"wp-block-list\">\n<li><strong>Pr\u00e9stec sense comissions i sense interessos.<\/strong> Sol\u00b7licitud del teu primer pr\u00e9stec de fins a 300\u20ac a 30 dies amb un TIN 0% i TAE 0%, i 0\u20ac per la comissi\u00f3 d&#039;obertura. Promoci\u00f3 valida nom\u00e9s per a nous clients que sol\u00b7licitin el pr\u00e9stec a trav\u00e9s de www.avafin.es. Total a tornar 300\u20ac. Subjecte a aprovaci\u00f3 credit\u00edcia. No acumulable amb altres promocions. Validesa: del 21-01-2025 al 01-03-2025. \n<ul class=\"wp-block-list\">\n<li><a href=\"https:\/\/www.avafin.es\/wp-content\/uploads\/2025\/05\/Promocion_Sin_Comision_Apertura.pdf\" target=\"_blank\" rel=\"noreferrer noopener\"><strong>Bases legals<\/strong><\/a> en castell\u00e0.<\/li>\n\n\n\n<li><a href=\"https:\/\/www.avafin.es\/wp-content\/uploads\/2025\/05\/Promocio_Sense_Interessos_Ni_Comissions_2025.pdf\" target=\"_blank\" rel=\"noreferrer noopener\"><strong>Bases legals<\/strong><\/a> en catal\u00e0.<\/li>\n<\/ul>\n<\/li>\n<\/ul>\n\n\n\n<p><\/p>\n\n\n\n<h3 class=\"wp-block-heading has-text-align-center header-full-dots\"><span>Necessites un Pr\u00e9stec R\u00e0pid?<\/span><\/h3>\n\n\n\n<div class=\"wp-block-group\"><div class=\"wp-block-group__inner-container is-layout-constrained wp-block-group-is-layout-constrained\">\n<p class=\"has-text-align-center\">Obtingues-ho avui amb AvaFin<\/p>\n\n\n\n<div style=\"margin: auto;\" class=\"flex flex-res\">\n<a id=\"av-get-loan\" class=\"btn btn-cta btn-lg force-data-base-url\" href=\"https:\/\/portal.avafin.es\/wp-registerCreditosi\" style=\"display: inline-block; margin: auto\">Sol\u00b7licitar<\/a>\n<\/div>\n<\/div><\/div>","protected":false},"excerpt":{"rendered":"<p>Descobreix descomptes exclusius als nostres pr\u00e9stecs personals pensats per a tu. Aconsegueix condicions especials en pr\u00e9stecs per als minicr\u00e8dits al moment, disponibles a AvaFin.es. Promocions actives Promocions finalitzades Necessites un Pr\u00e9stec R\u00e0pid?<\/p>","protected":false},"author":23,"featured_media":0,"parent":0,"menu_order":0,"comment_status":"closed","ping_status":"closed","template":"","meta":{"_acf_changed":false,"footnotes":""},"class_list":["post-5722","page","type-page","status-publish","hentry"],"acf":[],"yoast_head":"<!-- This site is optimized with the Yoast SEO plugin v26.4 - https:\/\/yoast.com\/wordpress\/plugins\/seo\/ -->\n<title>Descuentos, ofertas y promociones | AvaFin Espa\u00f1a<\/title>\n<meta name=\"description\" content=\"Descubre todas las ofertas y promociones activas en AvaFin. Condiciones especiales en pr\u00e9stamos personales y minicr\u00e9ditos online.\" \/>\n<meta name=\"robots\" content=\"index, follow, max-snippet:-1, max-image-preview:large, max-video-preview:-1\" \/>\n<link rel=\"canonical\" href=\"https:\/\/www.avafin.es\/ca\/descomptes-ofertes-i-promocions-actives\" \/>\n<meta property=\"og:locale\" content=\"ca_ES\" \/>\n<meta property=\"og:type\" content=\"article\" \/>\n<meta property=\"og:title\" content=\"Descuentos, ofertas y promociones | AvaFin Espa\u00f1a\" \/>\n<meta property=\"og:description\" content=\"Descubre todas las ofertas y promociones activas en AvaFin. Condiciones especiales en pr\u00e9stamos personales y minicr\u00e9ditos online.\" \/>\n<meta property=\"og:url\" content=\"https:\/\/www.avafin.es\/ca\/descomptes-ofertes-i-promocions-actives\" \/>\n<meta property=\"og:site_name\" content=\"AvaFin Espa\u00f1a\" \/>\n<meta property=\"article:modified_time\" content=\"2026-03-31T08:30:38+00:00\" \/>\n<meta name=\"twitter:card\" content=\"summary_large_image\" \/>\n<meta name=\"twitter:label1\" content=\"Est. reading time\" \/>\n\t<meta name=\"twitter:data1\" content=\"2 minuts\" \/>\n<script type=\"application\/ld+json\" class=\"yoast-schema-graph\">{\"@context\":\"https:\/\/schema.org\",\"@graph\":[{\"@type\":\"WebPage\",\"@id\":\"https:\/\/www.avafin.es\/ca\/descomptes-ofertes-i-promocions-actives\",\"url\":\"https:\/\/www.avafin.es\/ca\/descomptes-ofertes-i-promocions-actives\",\"name\":\"Descuentos, ofertas y promociones | AvaFin Espa\u00f1a\",\"isPartOf\":{\"@id\":\"https:\/\/www.avafin.es\/ca\/#website\"},\"datePublished\":\"2025-04-28T08:25:30+00:00\",\"dateModified\":\"2026-03-31T08:30:38+00:00\",\"description\":\"Descubre todas las ofertas y promociones activas en AvaFin. Condiciones especiales en pr\u00e9stamos personales y minicr\u00e9ditos online.\",\"breadcrumb\":{\"@id\":\"https:\/\/www.avafin.es\/ca\/descomptes-ofertes-i-promocions-actives#breadcrumb\"},\"inLanguage\":\"ca\",\"potentialAction\":[{\"@type\":\"ReadAction\",\"target\":[\"https:\/\/www.avafin.es\/ca\/descomptes-ofertes-i-promocions-actives\"]}]},{\"@type\":\"BreadcrumbList\",\"@id\":\"https:\/\/www.avafin.es\/ca\/descomptes-ofertes-i-promocions-actives#breadcrumb\",\"itemListElement\":[{\"@type\":\"ListItem\",\"position\":1,\"name\":\"Inicio\",\"item\":\"https:\/\/www.avafin.es\/\"},{\"@type\":\"ListItem\",\"position\":2,\"name\":\"Descuentos, ofertas y promociones\"}]},{\"@type\":\"WebSite\",\"@id\":\"https:\/\/www.avafin.es\/ca\/#website\",\"url\":\"https:\/\/www.avafin.es\/ca\/\",\"name\":\"AvaFin Espa\u00f1a\",\"description\":\"\",\"potentialAction\":[{\"@type\":\"SearchAction\",\"target\":{\"@type\":\"EntryPoint\",\"urlTemplate\":\"https:\/\/www.avafin.es\/ca\/?s={search_term_string}\"},\"query-input\":{\"@type\":\"PropertyValueSpecification\",\"valueRequired\":true,\"valueName\":\"search_term_string\"}}],\"inLanguage\":\"ca\"}]}<\/script>\n<!-- \/ Yoast SEO plugin. -->","yoast_head_json":{"title":"Descomptes, ofertes i promocions | AvaFin Espanya","description":"Descobreix totes les ofertes i promocions actives a AvaFin. Condicions especials en pr\u00e9stecs personals i minicr\u00e8dits en l\u00ednia.","robots":{"index":"index","follow":"follow","max-snippet":"max-snippet:-1","max-image-preview":"max-image-preview:large","max-video-preview":"max-video-preview:-1"},"canonical":"https:\/\/www.avafin.es\/ca\/descomptes-ofertes-i-promocions-actives","og_locale":"ca_ES","og_type":"article","og_title":"Descuentos, ofertas y promociones | AvaFin Espa\u00f1a","og_description":"Descubre todas las ofertas y promociones activas en AvaFin. Condiciones especiales en pr\u00e9stamos personales y minicr\u00e9ditos online.","og_url":"https:\/\/www.avafin.es\/ca\/descomptes-ofertes-i-promocions-actives","og_site_name":"AvaFin Espa\u00f1a","article_modified_time":"2026-03-31T08:30:38+00:00","twitter_card":"summary_large_image","twitter_misc":{"Est. reading time":"2 minuts"},"schema":{"@context":"https:\/\/schema.org","@graph":[{"@type":"WebPage","@id":"https:\/\/www.avafin.es\/ca\/descomptes-ofertes-i-promocions-actives","url":"https:\/\/www.avafin.es\/ca\/descomptes-ofertes-i-promocions-actives","name":"Descomptes, ofertes i promocions | AvaFin Espanya","isPartOf":{"@id":"https:\/\/www.avafin.es\/ca\/#website"},"datePublished":"2025-04-28T08:25:30+00:00","dateModified":"2026-03-31T08:30:38+00:00","description":"Descobreix totes les ofertes i promocions actives a AvaFin. Condicions especials en pr\u00e9stecs personals i minicr\u00e8dits en l\u00ednia.","breadcrumb":{"@id":"https:\/\/www.avafin.es\/ca\/descomptes-ofertes-i-promocions-actives#breadcrumb"},"inLanguage":"ca","potentialAction":[{"@type":"ReadAction","target":["https:\/\/www.avafin.es\/ca\/descomptes-ofertes-i-promocions-actives"]}]},{"@type":"BreadcrumbList","@id":"https:\/\/www.avafin.es\/ca\/descomptes-ofertes-i-promocions-actives#breadcrumb","itemListElement":[{"@type":"ListItem","position":1,"name":"Inicio","item":"https:\/\/www.avafin.es\/"},{"@type":"ListItem","position":2,"name":"Descuentos, ofertas y promociones"}]},{"@type":"WebSite","@id":"https:\/\/www.avafin.es\/ca\/#website","url":"https:\/\/www.avafin.es\/ca\/","name":"AvaFin Espanya","description":"","potentialAction":[{"@type":"SearchAction","target":{"@type":"EntryPoint","urlTemplate":"https:\/\/www.avafin.es\/ca\/?s={search_term_string}"},"query-input":{"@type":"PropertyValueSpecification","valueRequired":true,"valueName":"search_term_string"}}],"inLanguage":"ca"}]}},"_links":{"self":[{"href":"https:\/\/www.avafin.es\/ca\/wp-json\/wp\/v2\/pages\/5722","targetHints":{"allow":["GET"]}}],"collection":[{"href":"https:\/\/www.avafin.es\/ca\/wp-json\/wp\/v2\/pages"}],"about":[{"href":"https:\/\/www.avafin.es\/ca\/wp-json\/wp\/v2\/types\/page"}],"author":[{"embeddable":true,"href":"https:\/\/www.avafin.es\/ca\/wp-json\/wp\/v2\/users\/23"}],"replies":[{"embeddable":true,"href":"https:\/\/www.avafin.es\/ca\/wp-json\/wp\/v2\/comments?post=5722"}],"version-history":[{"count":4,"href":"https:\/\/www.avafin.es\/ca\/wp-json\/wp\/v2\/pages\/5722\/revisions"}],"predecessor-version":[{"id":9413,"href":"https:\/\/www.avafin.es\/ca\/wp-json\/wp\/v2\/pages\/5722\/revisions\/9413"}],"wp:attachment":[{"href":"https:\/\/www.avafin.es\/ca\/wp-json\/wp\/v2\/media?parent=5722"}],"curies":[{"name":"wp","href":"https:\/\/api.w.org\/{rel}","templated":true}]}}