{"id":4707,"date":"2024-10-09T10:51:37","date_gmt":"2024-10-09T10:51:37","guid":{"rendered":"https:\/\/www.avafin.es\/?page_id=4707"},"modified":"2025-09-04T11:49:34","modified_gmt":"2025-09-04T09:49:34","slug":"com-pagar-el-teu-prestec","status":"publish","type":"page","link":"https:\/\/www.avafin.es\/ca\/com-pagar-el-teu-prestec","title":{"rendered":"Com pagar el teu Pr\u00e9stec"},"content":{"rendered":"<p>Pots tornar el teu pr\u00e9stec de manera r\u00e0pida i senzilla a trav\u00e9s de la teva \u00c0rea de Clients. A continuaci\u00f3, us mostrem els passos del proc\u00e9s:<\/p>\n\n\n\n<h3 class=\"wp-block-heading\">Pas 1<\/h3>\n\n\n\n<p>Inicia sessi\u00f3 al teu compte a trav\u00e9s de la teva \u00c0rea de Clients. All\u00e0 veur\u00e0s els detalls del teu pr\u00e9stec actual.<br>Per tornar el pr\u00e9stec, fes clic al bot\u00f3 de <strong>Pagament total<\/strong>:<\/p>\n\n\n\n<div class=\"wp-block-columns is-layout-flex wp-container-core-columns-is-layout-9d6595d7 wp-block-columns-is-layout-flex\">\n<div class=\"wp-block-column is-layout-flow wp-block-column-is-layout-flow\"><div class=\"wp-block-image\">\n<figure class=\"aligncenter size-full is-resized\"><img loading=\"lazy\" decoding=\"async\" width=\"389\" height=\"845\" src=\"https:\/\/www.avafin.es\/wp-content\/uploads\/2025\/05\/Screen_1.png\" alt=\"\" class=\"wp-image-5849\" style=\"width:225px;height:auto\" srcset=\"https:\/\/www.avafin.es\/wp-content\/uploads\/2025\/05\/Screen_1.png 389w, https:\/\/www.avafin.es\/wp-content\/uploads\/2025\/05\/Screen_1-138x300.png 138w, https:\/\/www.avafin.es\/wp-content\/uploads\/2025\/05\/Screen_1-6x12.png 6w\" sizes=\"auto, (max-width: 389px) 100vw, 389px\" \/><\/figure>\n<\/div><\/div>\n\n\n\n<div class=\"wp-block-column is-layout-flow wp-block-column-is-layout-flow\"><div class=\"wp-block-image\">\n<figure class=\"aligncenter size-full is-resized\"><img loading=\"lazy\" decoding=\"async\" width=\"383\" height=\"801\" src=\"https:\/\/www.avafin.es\/wp-content\/uploads\/2025\/05\/Screen_2.png\" alt=\"\" class=\"wp-image-5851\" style=\"width:227px;height:auto\" srcset=\"https:\/\/www.avafin.es\/wp-content\/uploads\/2025\/05\/Screen_2.png 383w, https:\/\/www.avafin.es\/wp-content\/uploads\/2025\/05\/Screen_2-143x300.png 143w, https:\/\/www.avafin.es\/wp-content\/uploads\/2025\/05\/Screen_2-6x12.png 6w\" sizes=\"auto, (max-width: 383px) 100vw, 383px\" \/><\/figure>\n<\/div><\/div>\n\n\n\n<div class=\"wp-block-column is-layout-flow wp-block-column-is-layout-flow\"><div class=\"wp-block-image\">\n<figure class=\"aligncenter size-full is-resized\"><img loading=\"lazy\" decoding=\"async\" width=\"399\" height=\"840\" src=\"https:\/\/www.avafin.es\/wp-content\/uploads\/2025\/05\/Screen_8.png\" alt=\"\" class=\"wp-image-5864\" style=\"width:224px;height:auto\" srcset=\"https:\/\/www.avafin.es\/wp-content\/uploads\/2025\/05\/Screen_8.png 399w, https:\/\/www.avafin.es\/wp-content\/uploads\/2025\/05\/Screen_8-143x300.png 143w, https:\/\/www.avafin.es\/wp-content\/uploads\/2025\/05\/Screen_8-6x12.png 6w\" sizes=\"auto, (max-width: 399px) 100vw, 399px\" \/><\/figure>\n<\/div><\/div>\n<\/div>\n\n\n\n<h2 class=\"wp-block-heading\">Pas 2<\/h2>\n\n\n\n<p>Tens tres maneres de pagar el teu pr\u00e9stec: transfer\u00e8ncia instant\u00e0nia, targeta de d\u00e8bit i transfer\u00e8ncia banc\u00e0ria tradicional.<br>La nostra recomanaci\u00f3 \u00e9s triar la transfer\u00e8ncia instant\u00e0nia, ja que \u00e9s el m\u00e8tode m\u00e9s r\u00e0pid. Podr\u00e0s sol\u00b7licitar el teu proper pr\u00e9stec immediatament despr\u00e9s de pagar, mentre que la transfer\u00e8ncia tradicional pot trigar fins a 48 hores a tancar el pr\u00e9stec actual.<\/p>\n\n\n\n<div class=\"wp-block-columns is-layout-flex wp-container-core-columns-is-layout-9d6595d7 wp-block-columns-is-layout-flex\">\n<div class=\"wp-block-column is-layout-flow wp-block-column-is-layout-flow\"><div class=\"wp-block-image\">\n<figure class=\"aligncenter size-full is-resized\"><img loading=\"lazy\" decoding=\"async\" width=\"389\" height=\"776\" src=\"https:\/\/www.avafin.es\/wp-content\/uploads\/2025\/05\/Screen_4.png\" alt=\"\" class=\"wp-image-5854\" style=\"width:214px;height:auto\" srcset=\"https:\/\/www.avafin.es\/wp-content\/uploads\/2025\/05\/Screen_4.png 389w, https:\/\/www.avafin.es\/wp-content\/uploads\/2025\/05\/Screen_4-150x300.png 150w, https:\/\/www.avafin.es\/wp-content\/uploads\/2025\/05\/Screen_4-6x12.png 6w\" sizes=\"auto, (max-width: 389px) 100vw, 389px\" \/><\/figure>\n<\/div><\/div>\n<\/div>\n\n\n\n<p>Recorda que tamb\u00e9 pots fer un pagament parcial del pr\u00e9stec si no pots fer el pagament complet. Podeu ajustar la quantitat a pagar abans de confirmar l&#039;operaci\u00f3. Realitzar un pagament parcial sempre \u00e9s millor que no pagar res.<\/p>\n\n\n\n<p>Quan el pagament s&#039;hagi realitzat amb \u00e8xit, rebr\u00e0s un correu electr\u00f2nic de confirmaci\u00f3.<\/p>\n\n\n\n<p>Tingues present que, si tornes el pr\u00e9stec abans de la data de venciment, el cost total que pagues ser\u00e0 menor.<\/p>\n\n\n\n<div class=\"wp-block-columns is-layout-flex wp-container-core-columns-is-layout-9d6595d7 wp-block-columns-is-layout-flex\">\n<div class=\"wp-block-column is-layout-flow wp-block-column-is-layout-flow\"><div class=\"wp-block-image\">\n<figure class=\"aligncenter size-full is-resized\"><img loading=\"lazy\" decoding=\"async\" width=\"391\" height=\"848\" src=\"https:\/\/www.avafin.es\/wp-content\/uploads\/2025\/05\/Screen_5.png\" alt=\"\" class=\"wp-image-5856\" style=\"width:205px\" srcset=\"https:\/\/www.avafin.es\/wp-content\/uploads\/2025\/05\/Screen_5.png 391w, https:\/\/www.avafin.es\/wp-content\/uploads\/2025\/05\/Screen_5-138x300.png 138w, https:\/\/www.avafin.es\/wp-content\/uploads\/2025\/05\/Screen_5-6x12.png 6w\" sizes=\"auto, (max-width: 391px) 100vw, 391px\" \/><\/figure>\n<\/div><\/div>\n<\/div>\n\n\n\n<h3 class=\"wp-block-heading\">Pas 3<\/h3>\n\n\n\n<p>Si no pots tornar el pr\u00e9stec a la data de venciment, pots sol\u00b7licitar una pr\u00f2rroga per tenir m\u00e9s temps. Nom\u00e9s has de fer clic al bot\u00f3 Extensi\u00f3. Teniu tres opcions d&#039;estendre el vostre pr\u00e9stec: 30, 15 o 10 dies. Trieu l&#039;opci\u00f3 que vulgueu i seleccioneu el vostre m\u00e8tode de pagament. Et recomanem fer servir la transfer\u00e8ncia instant\u00e0nia, ja que \u00e9s la m\u00e9s r\u00e0pida. Tamb\u00e9 pots fer servir una targeta de d\u00e8bit o una transfer\u00e8ncia banc\u00e0ria tradicional. Rebr\u00e0s un correu electr\u00f2nic amb la confirmaci\u00f3 de la teva pr\u00f2rroga.<\/p>\n\n\n\n<div class=\"wp-block-columns is-layout-flex wp-container-core-columns-is-layout-9d6595d7 wp-block-columns-is-layout-flex\">\n<div class=\"wp-block-column is-layout-flow wp-block-column-is-layout-flow\"><div class=\"wp-block-image\">\n<figure class=\"aligncenter size-full is-resized\"><img loading=\"lazy\" decoding=\"async\" width=\"399\" height=\"840\" src=\"https:\/\/www.avafin.es\/wp-content\/uploads\/2025\/05\/Screen_8-1.png\" alt=\"\" class=\"wp-image-5865\" style=\"width:207px;height:auto\" srcset=\"https:\/\/www.avafin.es\/wp-content\/uploads\/2025\/05\/Screen_8-1.png 399w, https:\/\/www.avafin.es\/wp-content\/uploads\/2025\/05\/Screen_8-1-143x300.png 143w, https:\/\/www.avafin.es\/wp-content\/uploads\/2025\/05\/Screen_8-1-6x12.png 6w\" sizes=\"auto, (max-width: 399px) 100vw, 399px\" \/><\/figure>\n<\/div><\/div>\n\n\n\n<div class=\"wp-block-column is-layout-flow wp-block-column-is-layout-flow\"><div class=\"wp-block-image\">\n<figure class=\"aligncenter size-full is-resized\"><img loading=\"lazy\" decoding=\"async\" width=\"381\" height=\"702\" src=\"https:\/\/www.avafin.es\/wp-content\/uploads\/2025\/05\/Screen_6.png\" alt=\"\" class=\"wp-image-5858\" style=\"width:237px;height:auto\" srcset=\"https:\/\/www.avafin.es\/wp-content\/uploads\/2025\/05\/Screen_6.png 381w, https:\/\/www.avafin.es\/wp-content\/uploads\/2025\/05\/Screen_6-163x300.png 163w, https:\/\/www.avafin.es\/wp-content\/uploads\/2025\/05\/Screen_6-7x12.png 7w\" sizes=\"auto, (max-width: 381px) 100vw, 381px\" \/><\/figure>\n<\/div><\/div>\n\n\n\n<div class=\"wp-block-column is-layout-flow wp-block-column-is-layout-flow\"><div class=\"wp-block-image\">\n<figure class=\"aligncenter size-full is-resized\"><img loading=\"lazy\" decoding=\"async\" width=\"389\" height=\"776\" src=\"https:\/\/www.avafin.es\/wp-content\/uploads\/2025\/05\/Screen_4-1.png\" alt=\"\" class=\"wp-image-5859\" style=\"width:218px;height:auto\" srcset=\"https:\/\/www.avafin.es\/wp-content\/uploads\/2025\/05\/Screen_4-1.png 389w, https:\/\/www.avafin.es\/wp-content\/uploads\/2025\/05\/Screen_4-1-150x300.png 150w, https:\/\/www.avafin.es\/wp-content\/uploads\/2025\/05\/Screen_4-1-6x12.png 6w\" sizes=\"auto, (max-width: 389px) 100vw, 389px\" \/><\/figure>\n<\/div><\/div>\n<\/div>\n\n\n\n<p><\/p>\n\n\n\n<p>Per a m\u00e9s informaci\u00f3, visita la nostra secci\u00f3 de FAQs <a href=\"https:\/\/www.avafin.es\/ca\/preguntes-frequents\/\">aqu\u00ed<\/a> o contacta amb el nostre <a href=\"https:\/\/www.avafin.es\/ca\/contacte\/\">Servei d&#039;Atenci\u00f3 al Client<\/a><\/p>\n\n\n\n<h3 class=\"wp-block-heading has-text-align-center header-full-dots\">Vols pagar el teu Pr\u00e9stec o demanar-ne un de nou<span>?<\/span><\/h3>\n\n\n\n<div class=\"wp-block-group\"><div class=\"wp-block-group__inner-container is-layout-constrained wp-block-group-is-layout-constrained\">\n<p class=\"has-text-align-center\">Obtingues-ho avui amb AvaFin<\/p>\n\n\n\n<div style=\"margin: auto;\" class=\"flex flex-res\">\n<a id=\"av-get-loan\" class=\"btn btn-cta btn-lg force-data-base-url\" href=\"https:\/\/portal.avafin.es\/wp-registerCreditosi\" style=\"display: inline-block; margin: auto\">Sol\u00b7licitar<\/a>\n<\/div>\n<\/div><\/div>\n\n\n\n<p><\/p>","protected":false},"excerpt":{"rendered":"<p>Pots tornar el teu pr\u00e9stec de manera r\u00e0pida i senzilla a trav\u00e9s de la teva \u00c0rea de Clients. A continuaci\u00f3, us mostrem els passos del proc\u00e9s: Pas 1 Inicia sessi\u00f3 al teu compte a trav\u00e9s de la teva \u00c0rea de Clients. All\u00e0 veur\u00e0s els detalls del teu pr\u00e9stec actual. Per tornar el pr\u00e9stec, fes clic al bot\u00f3 [\u2026 ]<\/p>","protected":false},"author":20,"featured_media":0,"parent":0,"menu_order":0,"comment_status":"closed","ping_status":"closed","template":"","meta":{"_acf_changed":false,"footnotes":""},"class_list":["post-4707","page","type-page","status-publish","hentry"],"acf":[],"yoast_head":"<!-- This site is optimized with the Yoast SEO plugin v26.4 - https:\/\/yoast.com\/wordpress\/plugins\/seo\/ -->\n<title>C\u00f3mo pagar tu Pr\u00e9stamo 2026 | AvaFin Espa\u00f1a<\/title>\n<meta name=\"description\" content=\"Devuelve tu pr\u00e9stamo f\u00e1cilmente a trav\u00e9s de tu \u00c1rea de Clientes en Avafin. Elige entre transferencia instant\u00e1nea, tarjeta de d\u00e9bito o transferencia bancaria tradicional. Realiza pagos parciales y solicita una pr\u00f3rroga si lo necesitas. Recibe confirmaci\u00f3n por email y reduce el costo total devolviendo antes de la fecha l\u00edmite. \u00a1Gestiona tu pr\u00e9stamo sin complicaciones!\" \/>\n<meta name=\"robots\" content=\"index, follow, max-snippet:-1, max-image-preview:large, max-video-preview:-1\" \/>\n<link rel=\"canonical\" href=\"https:\/\/www.avafin.es\/ca\/com-pagar-el-teu-prestec\" \/>\n<meta property=\"og:locale\" content=\"ca_ES\" \/>\n<meta property=\"og:type\" content=\"article\" \/>\n<meta property=\"og:title\" content=\"C\u00f3mo pagar tu Pr\u00e9stamo 2026 | AvaFin Espa\u00f1a\" \/>\n<meta property=\"og:description\" content=\"Devuelve tu pr\u00e9stamo f\u00e1cilmente a trav\u00e9s de tu \u00c1rea de Clientes en Avafin. Elige entre transferencia instant\u00e1nea, tarjeta de d\u00e9bito o transferencia bancaria tradicional. Realiza pagos parciales y solicita una pr\u00f3rroga si lo necesitas. Recibe confirmaci\u00f3n por email y reduce el costo total devolviendo antes de la fecha l\u00edmite. \u00a1Gestiona tu pr\u00e9stamo sin complicaciones!\" \/>\n<meta property=\"og:url\" content=\"https:\/\/www.avafin.es\/ca\/com-pagar-el-teu-prestec\" \/>\n<meta property=\"og:site_name\" content=\"AvaFin Espa\u00f1a\" \/>\n<meta property=\"article:modified_time\" content=\"2025-09-04T09:49:34+00:00\" \/>\n<meta property=\"og:image\" content=\"https:\/\/www.avafin.es\/wp-content\/uploads\/2025\/05\/Screen_1.png\" \/>\n\t<meta property=\"og:image:width\" content=\"389\" \/>\n\t<meta property=\"og:image:height\" content=\"845\" \/>\n\t<meta property=\"og:image:type\" content=\"image\/png\" \/>\n<meta name=\"twitter:card\" content=\"summary_large_image\" \/>\n<meta name=\"twitter:label1\" content=\"Est. reading time\" \/>\n\t<meta name=\"twitter:data1\" content=\"3 minuts\" \/>\n<script type=\"application\/ld+json\" class=\"yoast-schema-graph\">{\"@context\":\"https:\/\/schema.org\",\"@graph\":[{\"@type\":\"WebPage\",\"@id\":\"https:\/\/www.avafin.es\/ca\/com-pagar-el-teu-prestec\",\"url\":\"https:\/\/www.avafin.es\/ca\/com-pagar-el-teu-prestec\",\"name\":\"C\u00f3mo pagar tu Pr\u00e9stamo 2026 | AvaFin Espa\u00f1a\",\"isPartOf\":{\"@id\":\"https:\/\/www.avafin.es\/ca\/#website\"},\"primaryImageOfPage\":{\"@id\":\"https:\/\/www.avafin.es\/ca\/com-pagar-el-teu-prestec#primaryimage\"},\"image\":{\"@id\":\"https:\/\/www.avafin.es\/ca\/com-pagar-el-teu-prestec#primaryimage\"},\"thumbnailUrl\":\"https:\/\/www.avafin.es\/wp-content\/uploads\/2025\/05\/Screen_1.png\",\"datePublished\":\"2024-10-09T10:51:37+00:00\",\"dateModified\":\"2025-09-04T09:49:34+00:00\",\"description\":\"Devuelve tu pr\u00e9stamo f\u00e1cilmente a trav\u00e9s de tu \u00c1rea de Clientes en Avafin. Elige entre transferencia instant\u00e1nea, tarjeta de d\u00e9bito o transferencia bancaria tradicional. Realiza pagos parciales y solicita una pr\u00f3rroga si lo necesitas. Recibe confirmaci\u00f3n por email y reduce el costo total devolviendo antes de la fecha l\u00edmite. \u00a1Gestiona tu pr\u00e9stamo sin complicaciones!\",\"breadcrumb\":{\"@id\":\"https:\/\/www.avafin.es\/ca\/com-pagar-el-teu-prestec#breadcrumb\"},\"inLanguage\":\"ca\",\"potentialAction\":[{\"@type\":\"ReadAction\",\"target\":[\"https:\/\/www.avafin.es\/ca\/com-pagar-el-teu-prestec\"]}]},{\"@type\":\"ImageObject\",\"inLanguage\":\"ca\",\"@id\":\"https:\/\/www.avafin.es\/ca\/com-pagar-el-teu-prestec#primaryimage\",\"url\":\"https:\/\/www.avafin.es\/wp-content\/uploads\/2025\/05\/Screen_1.png\",\"contentUrl\":\"https:\/\/www.avafin.es\/wp-content\/uploads\/2025\/05\/Screen_1.png\"},{\"@type\":\"BreadcrumbList\",\"@id\":\"https:\/\/www.avafin.es\/ca\/com-pagar-el-teu-prestec#breadcrumb\",\"itemListElement\":[{\"@type\":\"ListItem\",\"position\":1,\"name\":\"Inicio\",\"item\":\"https:\/\/www.avafin.es\/\"},{\"@type\":\"ListItem\",\"position\":2,\"name\":\"C\u00f3mo pagar tu Pr\u00e9stamo\"}]},{\"@type\":\"WebSite\",\"@id\":\"https:\/\/www.avafin.es\/ca\/#website\",\"url\":\"https:\/\/www.avafin.es\/ca\/\",\"name\":\"AvaFin Espa\u00f1a\",\"description\":\"\",\"potentialAction\":[{\"@type\":\"SearchAction\",\"target\":{\"@type\":\"EntryPoint\",\"urlTemplate\":\"https:\/\/www.avafin.es\/ca\/?s={search_term_string}\"},\"query-input\":{\"@type\":\"PropertyValueSpecification\",\"valueRequired\":true,\"valueName\":\"search_term_string\"}}],\"inLanguage\":\"ca\"}]}<\/script>\n<!-- \/ Yoast SEO plugin. -->","yoast_head_json":{"title":"Com pagar el teu Pr\u00e9stec 2026 | AvaFin Espanya","description":"Retorna el teu pr\u00e9stec f\u00e0cilment a trav\u00e9s de la teva \u00c0rea de Clients a Avafin. Tria entre transfer\u00e8ncia instant\u00e0nia, targeta de d\u00e8bit o transfer\u00e8ncia banc\u00e0ria tradicional. Realitza pagaments parcials i sol\u00b7licita una pr\u00f2rroga si ho necessites. Rep confirmaci\u00f3 per email i redueix el cost total retornant abans de la data l\u00edmit. Gestiona el teu pr\u00e9stec sense complicacions!","robots":{"index":"index","follow":"follow","max-snippet":"max-snippet:-1","max-image-preview":"max-image-preview:large","max-video-preview":"max-video-preview:-1"},"canonical":"https:\/\/www.avafin.es\/ca\/com-pagar-el-teu-prestec","og_locale":"ca_ES","og_type":"article","og_title":"C\u00f3mo pagar tu Pr\u00e9stamo 2026 | AvaFin Espa\u00f1a","og_description":"Devuelve tu pr\u00e9stamo f\u00e1cilmente a trav\u00e9s de tu \u00c1rea de Clientes en Avafin. Elige entre transferencia instant\u00e1nea, tarjeta de d\u00e9bito o transferencia bancaria tradicional. Realiza pagos parciales y solicita una pr\u00f3rroga si lo necesitas. Recibe confirmaci\u00f3n por email y reduce el costo total devolviendo antes de la fecha l\u00edmite. \u00a1Gestiona tu pr\u00e9stamo sin complicaciones!","og_url":"https:\/\/www.avafin.es\/ca\/com-pagar-el-teu-prestec","og_site_name":"AvaFin Espa\u00f1a","article_modified_time":"2025-09-04T09:49:34+00:00","og_image":[{"width":389,"height":845,"url":"https:\/\/www.avafin.es\/wp-content\/uploads\/2025\/05\/Screen_1.png","type":"image\/png"}],"twitter_card":"summary_large_image","twitter_misc":{"Est. reading time":"3 minuts"},"schema":{"@context":"https:\/\/schema.org","@graph":[{"@type":"WebPage","@id":"https:\/\/www.avafin.es\/ca\/com-pagar-el-teu-prestec","url":"https:\/\/www.avafin.es\/ca\/com-pagar-el-teu-prestec","name":"Com pagar el teu Pr\u00e9stec 2026 | AvaFin Espanya","isPartOf":{"@id":"https:\/\/www.avafin.es\/ca\/#website"},"primaryImageOfPage":{"@id":"https:\/\/www.avafin.es\/ca\/com-pagar-el-teu-prestec#primaryimage"},"image":{"@id":"https:\/\/www.avafin.es\/ca\/com-pagar-el-teu-prestec#primaryimage"},"thumbnailUrl":"https:\/\/www.avafin.es\/wp-content\/uploads\/2025\/05\/Screen_1.png","datePublished":"2024-10-09T10:51:37+00:00","dateModified":"2025-09-04T09:49:34+00:00","description":"Retorna el teu pr\u00e9stec f\u00e0cilment a trav\u00e9s de la teva \u00c0rea de Clients a Avafin. Tria entre transfer\u00e8ncia instant\u00e0nia, targeta de d\u00e8bit o transfer\u00e8ncia banc\u00e0ria tradicional. Realitza pagaments parcials i sol\u00b7licita una pr\u00f2rroga si ho necessites. Rep confirmaci\u00f3 per email i redueix el cost total retornant abans de la data l\u00edmit. Gestiona el teu pr\u00e9stec sense complicacions!","breadcrumb":{"@id":"https:\/\/www.avafin.es\/ca\/com-pagar-el-teu-prestec#breadcrumb"},"inLanguage":"ca","potentialAction":[{"@type":"ReadAction","target":["https:\/\/www.avafin.es\/ca\/com-pagar-el-teu-prestec"]}]},{"@type":"ImageObject","inLanguage":"ca","@id":"https:\/\/www.avafin.es\/ca\/com-pagar-el-teu-prestec#primaryimage","url":"https:\/\/www.avafin.es\/wp-content\/uploads\/2025\/05\/Screen_1.png","contentUrl":"https:\/\/www.avafin.es\/wp-content\/uploads\/2025\/05\/Screen_1.png"},{"@type":"BreadcrumbList","@id":"https:\/\/www.avafin.es\/ca\/com-pagar-el-teu-prestec#breadcrumb","itemListElement":[{"@type":"ListItem","position":1,"name":"Inicio","item":"https:\/\/www.avafin.es\/"},{"@type":"ListItem","position":2,"name":"C\u00f3mo pagar tu Pr\u00e9stamo"}]},{"@type":"WebSite","@id":"https:\/\/www.avafin.es\/ca\/#website","url":"https:\/\/www.avafin.es\/ca\/","name":"AvaFin Espanya","description":"","potentialAction":[{"@type":"SearchAction","target":{"@type":"EntryPoint","urlTemplate":"https:\/\/www.avafin.es\/ca\/?s={search_term_string}"},"query-input":{"@type":"PropertyValueSpecification","valueRequired":true,"valueName":"search_term_string"}}],"inLanguage":"ca"}]}},"_links":{"self":[{"href":"https:\/\/www.avafin.es\/ca\/wp-json\/wp\/v2\/pages\/4707","targetHints":{"allow":["GET"]}}],"collection":[{"href":"https:\/\/www.avafin.es\/ca\/wp-json\/wp\/v2\/pages"}],"about":[{"href":"https:\/\/www.avafin.es\/ca\/wp-json\/wp\/v2\/types\/page"}],"author":[{"embeddable":true,"href":"https:\/\/www.avafin.es\/ca\/wp-json\/wp\/v2\/users\/20"}],"replies":[{"embeddable":true,"href":"https:\/\/www.avafin.es\/ca\/wp-json\/wp\/v2\/comments?post=4707"}],"version-history":[{"count":0,"href":"https:\/\/www.avafin.es\/ca\/wp-json\/wp\/v2\/pages\/4707\/revisions"}],"wp:attachment":[{"href":"https:\/\/www.avafin.es\/ca\/wp-json\/wp\/v2\/media?parent=4707"}],"curies":[{"name":"wp","href":"https:\/\/api.w.org\/{rel}","templated":true}]}}