{"id":4682,"date":"2024-10-09T10:52:04","date_gmt":"2024-10-09T10:52:04","guid":{"rendered":"https:\/\/www.avafin.es\/?page_id=4682"},"modified":"2025-09-04T11:48:45","modified_gmt":"2025-09-04T09:48:45","slug":"qui-som","status":"publish","type":"page","link":"https:\/\/www.avafin.es\/ca\/qui-som","title":{"rendered":"Qui som"},"content":{"rendered":"<p>Som una entitat financera amb \u00e0mplia experi\u00e8ncia en el sector dels pr\u00e9stecs al consum, amb pres\u00e8ncia a diversos pa\u00efsos i un nombr\u00f3s grup de clients que confien en els nostres serveis.<\/p>\n\n\n\n<p>Som membres de l&#039;Associaci\u00f3 Espanyola de Micropr\u00e9stecs (AEMIP), garantim confian\u00e7a i protecci\u00f3 mitjan\u00e7ant el compliment del codi de bones pr\u00e0ctiques. Oferim pr\u00e9stecs que cobreixen aquelles necessitats no ateses per la banca tradicional. Si vols saber m\u00e9s sobre nosaltres, visita <a href=\"http:\/\/www.avafin.com\">www.avafin.com<\/a><\/p>\n\n\n\n<div style=\"height:51px\" aria-hidden=\"true\" class=\"wp-block-spacer\"><\/div>\n\n\n<section id=\"cards-group-block_d3c6e019165353a0c6e3de6320064dcb\" class=\"av-cards-group   av-cards-group-3 av-card-group-standard\" >\n            <div id=\"card-0\"\n            class=\"av-card\"\n            style=\"\"\n                    >\n                                <div class=\"av-cards-group-img-container\">\n                        <img decoding=\"async\" src=\"https:\/\/www.avafin.es\/wp-content\/uploads\/2024\/08\/banknotes_red.png\" width=\"48\" height=\"48\" loading=\"lazy\" alt=\"Diners\"\/>\n                    <\/div>\n                                                <h3><p>El que som: una empresa Fintech<\/p>\n<\/h3>\n                                                <p><p>Comptem amb la tecnologia m\u00e9s avan\u00e7ada per oferir solucions financeres, amb l&#039;objectiu de brindar als nostres clients pr\u00e9stecs f\u00e0cils i r\u00e0pids a curt termini.<\/p>\n<\/p>\n                                    <\/div>\n            <div id=\"card-1\"\n            class=\"av-card\"\n            style=\"\"\n                    >\n                                <div class=\"av-cards-group-img-container\">\n                        <img decoding=\"async\" src=\"https:\/\/www.avafin.es\/wp-content\/uploads\/2024\/05\/reselling_red.jpg\" width=\"48\" height=\"48\" loading=\"lazy\" alt=\"Monedes\"\/>\n                    <\/div>\n                                                <h3><p>La nostra missi\u00f3: satisfer necessitats financeres<\/p>\n<\/h3>\n                                                <p><p>Creiem que totes les persones haurien de tenir acc\u00e9s a una manera f\u00e0cil i segura de cobrir les necessitats econ\u00f2miques. Per aix\u00f2, hem desenvolupat la nostra pr\u00f2pia tecnologia, per fer aquest proc\u00e9s el m\u00e9s senzill i benefici\u00f3s possible.<\/p>\n<\/p>\n                                    <\/div>\n            <div id=\"card-2\"\n            class=\"av-card\"\n            style=\"\"\n                    >\n                                <div class=\"av-cards-group-img-container\">\n                        <img decoding=\"async\" src=\"https:\/\/www.avafin.es\/wp-content\/uploads\/2024\/07\/easiness_red.png\" width=\"48\" height=\"48\" loading=\"lazy\" alt=\"F\u00e0cil\"\/>\n                    <\/div>\n                                                <h3><p>El que oferim<\/p>\n<\/h3>\n                                                <p><p>Un producte fet a la teva mida, amb qu\u00e8 pots cobrir les teves necessitats i construir el teu historial creditici<\/p>\n<\/p>\n                                    <\/div>\n    <\/section>\n\n\n\n<div style=\"height:73px\" aria-hidden=\"true\" class=\"wp-block-spacer\"><\/div>\n\n\n\n<h2 class=\"wp-block-heading\">Tres raons per demanar un pr\u00e9stec amb nosaltres<\/h2>\n\n\n\n<div style=\"height:67px\" aria-hidden=\"true\" class=\"wp-block-spacer\"><\/div>\n\n\n<section id=\"cards-group-block_f83e109d6748687d640fedb9d90b762c\" class=\"av-cards-group   av-cards-group-3 av-card-group-standard\" >\n            <div id=\"card-0\"\n            class=\"av-card\"\n            style=\"\"\n                    >\n                                <div class=\"av-cards-group-img-container\">\n                        <img decoding=\"async\" src=\"https:\/\/www.avafin.es\/wp-content\/uploads\/2024\/08\/transparent_red.png\" width=\"48\" height=\"48\" loading=\"lazy\" alt=\"Lupa amb Ull\"\/>\n                    <\/div>\n                                                <h3><p>Condicions clares<\/p>\n<\/h3>\n                                                <p><p>Creiem en l&#039;honestedat i la transpar\u00e8ncia. Per aix\u00f2 posem a la teva disposici\u00f3 tots els termes i condicions del teu pr\u00e9stec abans i despr\u00e9s de la teva sol\u00b7licitud.<\/p>\n<\/p>\n                                    <\/div>\n            <div id=\"card-1\"\n            class=\"av-card\"\n            style=\"\"\n                    >\n                                <div class=\"av-cards-group-img-container\">\n                        <img decoding=\"async\" src=\"https:\/\/www.avafin.es\/wp-content\/uploads\/2024\/08\/star_with_check_red.png\" width=\"48\" height=\"48\" loading=\"lazy\" alt=\"Check\"\/>\n                    <\/div>\n                                                <h3><p>Millors beneficis<\/p>\n<\/h3>\n                                                <p><p>Pagar a temps t&#039;ajuda a construir un bon historial creditici, cosa que et permetr\u00e0 sol\u00b7licitar pr\u00e9stecs de m\u00e9s quantitat en el futur.<\/p>\n<\/p>\n                                    <\/div>\n            <div id=\"card-2\"\n            class=\"av-card\"\n            style=\"\"\n                    >\n                                <div class=\"av-cards-group-img-container\">\n                        <img decoding=\"async\" src=\"https:\/\/www.avafin.es\/wp-content\/uploads\/2024\/08\/authorization_red.png\" width=\"48\" height=\"48\" loading=\"lazy\" alt=\"Identificaci\u00f3\"\/>\n                    <\/div>\n                                                <h3><p>Acc\u00e9s f\u00e0cil a la teva informaci\u00f3<\/p>\n<\/h3>\n                                                <p><p>A la teva \u00c0rea de Client pots veure la informaci\u00f3 que ens has proporcionat, aix\u00ed com el detall del teu pr\u00e9stec i les opcions de pagament, entre d&#039;altres.<\/p>\n<\/p>\n                                    <\/div>\n    <\/section>\n\n\n\n<div style=\"height:25px\" aria-hidden=\"true\" class=\"wp-block-spacer\"><\/div>\n\n\n\n<h2 class=\"wp-block-heading\">Som transparents i responsables<\/h2>\n\n\n\n<div style=\"height:25px\" aria-hidden=\"true\" class=\"wp-block-spacer\"><\/div>\n\n\n\n<p>Tots els nostres productes s\u00f3n completament <strong>transparents<\/strong>, \u00e9s per aix\u00f2 que podr\u00e0s accedir a veure com s\u00f3n les nostres condicions abans de sol\u00b7licitar el pr\u00e9stec i una vegada sigui sol\u00b7licitat el rebr\u00e0s al correu electr\u00f2nic que tu mateix has introdu\u00eft, i els podr\u00e0s descarregar des de la teva \u00e0rea de client. necessari.<\/p>\n\n\n\n<p>Per tal d&#039;aconseguir la millor qualitat de servei a la teva disposici\u00f3, som associats de l&#039;Associaci\u00f3 Espanyola de Micropr\u00e9stecs (AEMIP). Aquesta associaci\u00f3 va n\u00e9ixer el 2013 amb l&#039;objectiu de protegir els clients i generar un clima de confian\u00e7a a l&#039;entorn dels microcr\u00e8dits. \u00c9s per aix\u00f2 que, amb orgull, et podem informar que amb el compliment del codi de bones pr\u00e0ctiques de l&#039;Associaci\u00f3 ens autoregulem, tenint sempre en compte les bones pr\u00e0ctiques. Aquest codi no \u00e9s res m\u00e9s que una voluntat ferma de protegir els nostres clients, evitant vulnerar el patrimoni i generant un clima de confian\u00e7a. Amb aquest es busca establir m\u00e9s protecci\u00f3, refor\u00e7ant la transpar\u00e8ncia i accessibilitat, i generant un clima de confian\u00e7a.<\/p>\n\n\n\n<figure class=\"wp-block-gallery has-nested-images columns-default is-cropped wp-block-gallery-1 is-layout-flex wp-block-gallery-is-layout-flex\"><\/figure>\n\n\n\n<p>Podeu consultar el codi d&#039;AEMIP <a href=\"https:\/\/aemip.es\/aemip\/codigo-de-buenas-practicas\/\">aqu\u00ed<\/a> fins i tot descarregar-te el codi deontol\u00f2gic.<\/p>\n\n\n<div class=\"wp-block-image is-style-default\">\n<figure class=\"alignright size-large is-resized\"><img loading=\"lazy\" decoding=\"async\" width=\"1024\" height=\"501\" src=\"https:\/\/www.avafin.es\/wp-content\/uploads\/2024\/09\/logo_AEMIP-1024x501.png\" alt=\"\" class=\"wp-image-4685\" style=\"width:259px;height:auto\" srcset=\"https:\/\/www.avafin.es\/wp-content\/uploads\/2024\/09\/logo_AEMIP-1024x501.png 1024w, https:\/\/www.avafin.es\/wp-content\/uploads\/2024\/09\/logo_AEMIP-300x147.png 300w, https:\/\/www.avafin.es\/wp-content\/uploads\/2024\/09\/logo_AEMIP-768x376.png 768w, https:\/\/www.avafin.es\/wp-content\/uploads\/2024\/09\/logo_AEMIP-1536x751.png 1536w, https:\/\/www.avafin.es\/wp-content\/uploads\/2024\/09\/logo_AEMIP-2048x1002.png 2048w, https:\/\/www.avafin.es\/wp-content\/uploads\/2024\/09\/logo_AEMIP-500x245.png 500w\" sizes=\"auto, (max-width: 1024px) 100vw, 1024px\" \/><\/figure>\n<\/div>\n\n\n<p>A m\u00e9s, AEMIP ofereix diferents serveis per a tu, sempre buscant la major protecci\u00f3 i transpar\u00e8ncia:<\/p>\n\n\n\n<p>\u2022Fitxer protect+<\/p>\n\n\n\n<p>\u2022Educaci\u00f3 financera<\/p>\n\n\n\n<p>\u2022Sol\u00b7licitud segura<\/p>\n\n\n\n<p>\u2022Mediaci\u00f3 de deute<\/p>\n\n\n\n<p>\u2022Fitxer efica\u00e7<\/p>\n\n\n\n<p>Per accedir a qualsevol servei oferta per AEMIP nom\u00e9s t&#039;haur\u00e0s de posar en contacte amb ells.<\/p>\n\n\n\n<h3 class=\"wp-block-heading has-text-align-center\">Necessites un Cr\u00e8dit a l&#039;Instant?<\/h3>\n\n\n\n<div class=\"wp-block-group\"><div class=\"wp-block-group__inner-container is-layout-constrained wp-block-group-is-layout-constrained\">\n<p class=\"has-text-align-center\">Obtingues-ho avui amb AvaFin<\/p>\n\n\n\n<div style=\"margin: auto;\" class=\"flex flex-res\">\n<a id=\"av-get-loan\" class=\"btn btn-cta btn-lg force-data-base-url\" href=\"https:\/\/portal.avafin.es\/wp-registerCreditosi\" style=\"display: inline-block; margin: auto\">Sol\u00b7licitar<\/a>\n<\/div>\n<\/div><\/div>","protected":false},"excerpt":{"rendered":"<p>Som una entitat financera amb \u00e0mplia experi\u00e8ncia en el sector dels pr\u00e9stecs al consum, amb pres\u00e8ncia a diversos pa\u00efsos i un nombr\u00f3s grup de clients que confien en els nostres serveis. Som membres de l&#039;Associaci\u00f3 Espanyola de Micropr\u00e9stecs (AEMIP), garantim confian\u00e7a i protecci\u00f3 mitjan\u00e7ant el compliment del codi de bones pr\u00e0ctiques. Oferim pr\u00e9stecs [\u2026 ]<\/p>","protected":false},"author":20,"featured_media":0,"parent":0,"menu_order":0,"comment_status":"closed","ping_status":"closed","template":"","meta":{"_acf_changed":false,"footnotes":""},"class_list":["post-4682","page","type-page","status-publish","hentry"],"acf":[],"yoast_head":"<!-- This site is optimized with the Yoast SEO plugin v26.4 - https:\/\/yoast.com\/wordpress\/plugins\/seo\/ -->\n<title>Qui\u00e9nes somos | AvaFin Espa\u00f1a<\/title>\n<meta name=\"robots\" content=\"index, follow, max-snippet:-1, max-image-preview:large, max-video-preview:-1\" \/>\n<link rel=\"canonical\" href=\"https:\/\/www.avafin.es\/ca\/qui-som\" \/>\n<meta property=\"og:locale\" content=\"ca_ES\" \/>\n<meta property=\"og:type\" content=\"article\" \/>\n<meta property=\"og:title\" content=\"Qui\u00e9nes somos | AvaFin Espa\u00f1a\" \/>\n<meta property=\"og:description\" content=\"Somos una entidad financiera con amplia experiencia en el sector de los pr\u00e9stamos al consumo, con presencia en varios pa\u00edses y un numeroso grupo de clientes que conf\u00edan en nuestros servicios. Somos miembros de la Asociaci\u00f3n Espa\u00f1ola de Micropr\u00e9stamos (AEMIP), garantizamos confianza y protecci\u00f3n mediante el cumplimiento de su c\u00f3digo de buenas pr\u00e1cticas. Ofrecemos pr\u00e9stamos [&hellip;]\" \/>\n<meta property=\"og:url\" content=\"https:\/\/www.avafin.es\/ca\/qui-som\" \/>\n<meta property=\"og:site_name\" content=\"AvaFin Espa\u00f1a\" \/>\n<meta property=\"article:modified_time\" content=\"2025-09-04T09:48:45+00:00\" \/>\n<meta property=\"og:image\" content=\"https:\/\/www.avafin.es\/wp-content\/uploads\/2024\/09\/logo_AEMIP-1024x501.png\" \/>\n<meta name=\"twitter:card\" content=\"summary_large_image\" \/>\n<meta name=\"twitter:label1\" content=\"Est. reading time\" \/>\n\t<meta name=\"twitter:data1\" content=\"2 minuts\" \/>\n<script type=\"application\/ld+json\" class=\"yoast-schema-graph\">{\"@context\":\"https:\/\/schema.org\",\"@graph\":[{\"@type\":\"WebPage\",\"@id\":\"https:\/\/www.avafin.es\/ca\/qui-som\",\"url\":\"https:\/\/www.avafin.es\/ca\/qui-som\",\"name\":\"Qui\u00e9nes somos | AvaFin Espa\u00f1a\",\"isPartOf\":{\"@id\":\"https:\/\/www.avafin.es\/ca\/#website\"},\"primaryImageOfPage\":{\"@id\":\"https:\/\/www.avafin.es\/ca\/qui-som#primaryimage\"},\"image\":{\"@id\":\"https:\/\/www.avafin.es\/ca\/qui-som#primaryimage\"},\"thumbnailUrl\":\"https:\/\/www.avafin.es\/wp-content\/uploads\/2024\/09\/logo_AEMIP-1024x501.png\",\"datePublished\":\"2024-10-09T10:52:04+00:00\",\"dateModified\":\"2025-09-04T09:48:45+00:00\",\"breadcrumb\":{\"@id\":\"https:\/\/www.avafin.es\/ca\/qui-som#breadcrumb\"},\"inLanguage\":\"ca\",\"potentialAction\":[{\"@type\":\"ReadAction\",\"target\":[\"https:\/\/www.avafin.es\/ca\/qui-som\"]}]},{\"@type\":\"ImageObject\",\"inLanguage\":\"ca\",\"@id\":\"https:\/\/www.avafin.es\/ca\/qui-som#primaryimage\",\"url\":\"https:\/\/www.avafin.es\/wp-content\/uploads\/2024\/09\/logo_AEMIP-1024x501.png\",\"contentUrl\":\"https:\/\/www.avafin.es\/wp-content\/uploads\/2024\/09\/logo_AEMIP-1024x501.png\"},{\"@type\":\"BreadcrumbList\",\"@id\":\"https:\/\/www.avafin.es\/ca\/qui-som#breadcrumb\",\"itemListElement\":[{\"@type\":\"ListItem\",\"position\":1,\"name\":\"Inicio\",\"item\":\"https:\/\/www.avafin.es\/\"},{\"@type\":\"ListItem\",\"position\":2,\"name\":\"Qui\u00e9nes somos\"}]},{\"@type\":\"WebSite\",\"@id\":\"https:\/\/www.avafin.es\/ca\/#website\",\"url\":\"https:\/\/www.avafin.es\/ca\/\",\"name\":\"AvaFin Espa\u00f1a\",\"description\":\"\",\"potentialAction\":[{\"@type\":\"SearchAction\",\"target\":{\"@type\":\"EntryPoint\",\"urlTemplate\":\"https:\/\/www.avafin.es\/ca\/?s={search_term_string}\"},\"query-input\":{\"@type\":\"PropertyValueSpecification\",\"valueRequired\":true,\"valueName\":\"search_term_string\"}}],\"inLanguage\":\"ca\"}]}<\/script>\n<!-- \/ Yoast SEO plugin. -->","yoast_head_json":{"title":"Qui som |","robots":{"index":"index","follow":"follow","max-snippet":"max-snippet:-1","max-image-preview":"max-image-preview:large","max-video-preview":"max-video-preview:-1"},"canonical":"https:\/\/www.avafin.es\/ca\/qui-som","og_locale":"ca_ES","og_type":"article","og_title":"Qui\u00e9nes somos | AvaFin Espa\u00f1a","og_description":"Somos una entidad financiera con amplia experiencia en el sector de los pr\u00e9stamos al consumo, con presencia en varios pa\u00edses y un numeroso grupo de clientes que conf\u00edan en nuestros servicios. Somos miembros de la Asociaci\u00f3n Espa\u00f1ola de Micropr\u00e9stamos (AEMIP), garantizamos confianza y protecci\u00f3n mediante el cumplimiento de su c\u00f3digo de buenas pr\u00e1cticas. Ofrecemos pr\u00e9stamos [&hellip;]","og_url":"https:\/\/www.avafin.es\/ca\/qui-som","og_site_name":"AvaFin Espa\u00f1a","article_modified_time":"2025-09-04T09:48:45+00:00","og_image":[{"url":"https:\/\/www.avafin.es\/wp-content\/uploads\/2024\/09\/logo_AEMIP-1024x501.png","type":"","width":"","height":""}],"twitter_card":"summary_large_image","twitter_misc":{"Est. reading time":"2 minuts"},"schema":{"@context":"https:\/\/schema.org","@graph":[{"@type":"WebPage","@id":"https:\/\/www.avafin.es\/ca\/qui-som","url":"https:\/\/www.avafin.es\/ca\/qui-som","name":"Qui som |","isPartOf":{"@id":"https:\/\/www.avafin.es\/ca\/#website"},"primaryImageOfPage":{"@id":"https:\/\/www.avafin.es\/ca\/qui-som#primaryimage"},"image":{"@id":"https:\/\/www.avafin.es\/ca\/qui-som#primaryimage"},"thumbnailUrl":"https:\/\/www.avafin.es\/wp-content\/uploads\/2024\/09\/logo_AEMIP-1024x501.png","datePublished":"2024-10-09T10:52:04+00:00","dateModified":"2025-09-04T09:48:45+00:00","breadcrumb":{"@id":"https:\/\/www.avafin.es\/ca\/qui-som#breadcrumb"},"inLanguage":"ca","potentialAction":[{"@type":"ReadAction","target":["https:\/\/www.avafin.es\/ca\/qui-som"]}]},{"@type":"ImageObject","inLanguage":"ca","@id":"https:\/\/www.avafin.es\/ca\/qui-som#primaryimage","url":"https:\/\/www.avafin.es\/wp-content\/uploads\/2024\/09\/logo_AEMIP-1024x501.png","contentUrl":"https:\/\/www.avafin.es\/wp-content\/uploads\/2024\/09\/logo_AEMIP-1024x501.png"},{"@type":"BreadcrumbList","@id":"https:\/\/www.avafin.es\/ca\/qui-som#breadcrumb","itemListElement":[{"@type":"ListItem","position":1,"name":"Inicio","item":"https:\/\/www.avafin.es\/"},{"@type":"ListItem","position":2,"name":"Qui\u00e9nes somos"}]},{"@type":"WebSite","@id":"https:\/\/www.avafin.es\/ca\/#website","url":"https:\/\/www.avafin.es\/ca\/","name":"AvaFin Espanya","description":"","potentialAction":[{"@type":"SearchAction","target":{"@type":"EntryPoint","urlTemplate":"https:\/\/www.avafin.es\/ca\/?s={search_term_string}"},"query-input":{"@type":"PropertyValueSpecification","valueRequired":true,"valueName":"search_term_string"}}],"inLanguage":"ca"}]}},"_links":{"self":[{"href":"https:\/\/www.avafin.es\/ca\/wp-json\/wp\/v2\/pages\/4682","targetHints":{"allow":["GET"]}}],"collection":[{"href":"https:\/\/www.avafin.es\/ca\/wp-json\/wp\/v2\/pages"}],"about":[{"href":"https:\/\/www.avafin.es\/ca\/wp-json\/wp\/v2\/types\/page"}],"author":[{"embeddable":true,"href":"https:\/\/www.avafin.es\/ca\/wp-json\/wp\/v2\/users\/20"}],"replies":[{"embeddable":true,"href":"https:\/\/www.avafin.es\/ca\/wp-json\/wp\/v2\/comments?post=4682"}],"version-history":[{"count":0,"href":"https:\/\/www.avafin.es\/ca\/wp-json\/wp\/v2\/pages\/4682\/revisions"}],"wp:attachment":[{"href":"https:\/\/www.avafin.es\/ca\/wp-json\/wp\/v2\/media?parent=4682"}],"curies":[{"name":"wp","href":"https:\/\/api.w.org\/{rel}","templated":true}]}}