{"id":3640,"date":"2024-07-11T11:08:07","date_gmt":"2024-07-11T11:08:07","guid":{"rendered":"https:\/\/avafines.wpenginepowered.com\/?page_id=3640"},"modified":"2025-09-03T13:00:24","modified_gmt":"2025-09-03T11:00:24","slug":"concedim-prestem-urgents-per-a-emergencies-economiques","status":"publish","type":"page","link":"https:\/\/www.avafin.es\/ca\/prestem\/concedim-prestem-urgents-per-a-emergencies-economiques","title":{"rendered":"Pr\u00e9stecs Urgents"},"content":{"rendered":"<ul class=\"wp-block-list\">\n<li><strong>Cobreix les necessitats urgents a l&#039;instant:<\/strong> mai saps quan necessitar\u00e0s diners extra. Si us trobeu en aquesta situaci\u00f3, la nostra soluci\u00f3 est\u00e0 sempre disponible des de qualsevol dispositiu.<\/li>\n<\/ul>\n\n\n\n<ul class=\"wp-block-list\">\n<li><strong>Sense paperassa ni trucades:<\/strong> el proc\u00e9s de pr\u00e9stec \u00e9s senzill i 100% en l\u00ednia, perqu\u00e8 puguis rebre els diners com m\u00e9s aviat millor. Eliminem la paperassa, la documentaci\u00f3, les trucades telef\u00f2niques i qualsevol altra cosa que pugui endarrerir el proc\u00e9s.<\/li>\n<\/ul>\n\n\n\n<ul class=\"wp-block-list\">\n<li><strong>Pr\u00e9stecs a qualsevol hora, dia o nit:<\/strong> estem disponibles per a tu les 24 hores, els 7 dies de la setmana, perqu\u00e8 sabem que resoldre una necessitat financera en qualsevol moment d\u00f3na tranquil\u00b7litat als nostres clients.<\/li>\n<\/ul>\n\n\n\n<h2 class=\"wp-block-heading\">Pr\u00e9stecs Urgents<\/h2>\n\n\n\n<p>Mai se sap quan en pot sorgir una <strong>urg\u00e8ncia econ\u00f2mica<\/strong>, i la necessitat d&#039;obtenir uns diners de qu\u00e8 no es disposa en aquest moment.<\/p>\n\n\n\n<p>Si et trobes en aquesta situaci\u00f3, pots tenir la <strong>tranquil\u00b7litat<\/strong> que hi ha solucions al teu abast, amb els <strong>pr\u00e9stecs urgents<\/strong> que gestionem <strong>24\/7<\/strong> a la nostra plataforma en l\u00ednia, perqu\u00e8 accedeixis a l&#039;instant a un <a href=\"https:\/\/www.avafin.es\/ca\/prestem\/300-euros\/\"><strong>pr\u00e9stec de 300 euros<\/strong><\/a>, o la quantitat que prefereixis per sota daquest l\u00edmit que tenim per als nous clients.<\/p>\n\n\n\n<p>Compta amb la financera de refer\u00e8ncia per a tot all\u00f2 relacionat amb <strong>cr\u00e8dits urgents<\/strong>!<\/p>\n\n\n\n<h2 class=\"wp-block-heading\">Qu\u00e8 s\u00f3n els pr\u00e9stecs urgents?<\/h2>\n\n\n\n<p>Els pr\u00e9stecs urgents s\u00f3n un <strong>tipus de pr\u00e9stecs<\/strong> personals orientats al <strong>cr\u00e8dit r\u00e0pid<\/strong>, per la qual cosa el seu principal tret distintiu \u00e9s la <strong>immediatesa <\/strong>amb qu\u00e8 es concedeixen.<\/p>\n\n\n\n<p>Precisament aquesta velocitat de gesti\u00f3 aboca que es tramitin <strong>100% online<\/strong>, de manera r\u00e0pida i eficient per fer arribar els fons com m\u00e9s aviat millor al destinatari, prescindint de tr\u00e0mits, paperassa, trucades telef\u00f2niques i tot all\u00f2 que provoqui retards.<\/p>\n\n\n\n<p>Aix\u00f2 no vol dir que els pr\u00e9stecs urgents es puguin realitzar precipitadament sense les degudes <strong>garanties<\/strong>, ja que han de complir una s\u00e8rie de <strong>requisits legals<\/strong>, per la qual cosa s&#039;ha d&#039;optar sempre per financeres confiables com <strong>AvaFin<\/strong>, que concilia a la perfecci\u00f3 la concessi\u00f3 de <a href=\"https:\/\/www.avafin.es\/ca\/diners\/rapid\/\"><strong>diners r\u00e0pids<\/strong><\/a> amb l&#039;estricte adequaci\u00f3 a la normativa vigent.<\/p>\n\n\n\n<h2 class=\"wp-block-heading\">Caracter\u00edstiques dels pr\u00e9stecs urgents<\/h2>\n\n\n\n<p>Els pr\u00e9stecs urgents al marge de per la seva <strong>rapidesa <\/strong>i la seva gesti\u00f3 <strong>en l\u00ednia<\/strong> es caracteritzen per la <strong>facilitat d&#039;acc\u00e9s<\/strong>, en exigir-se molt poques condicions per obtenir-los. Per aix\u00f2, aquests cr\u00e8dits r\u00e0pids estan enfocats a una <strong>quantitat de diners<\/strong> <strong>petita<\/strong> ia terminis de devoluci\u00f3 curts.<\/p>\n\n\n\n<p>D&#039;altra banda, porten tamb\u00e9 el corresponent TAE o <strong>taxa anual equivalent<\/strong>, en qu\u00e8 s&#039;inclou una comissi\u00f3 d&#039;obertura i un <strong>tipus d&#039;inter\u00e8s<\/strong> m\u00e9s elevat que en altres modalitats de pr\u00e9stecs. Tot i aix\u00f2, cal valorar que es tracta d&#039;una f\u00f3rmula de cr\u00e8dit orientada sempre a <strong>quantitats modestes<\/strong>, i que s&#039;usa com a via de finan\u00e7ament d&#039;emerg\u00e8ncia, no com a recurs habitual.<\/p>\n\n\n\n<h2 class=\"wp-block-heading\">Finalitats dels pr\u00e9stecs urgents<\/h2>\n\n\n\n<p>Els pr\u00e9stecs urgents s\u00f3n la soluci\u00f3 ideal per poder fer front a <strong>despeses imprevistes<\/strong>, ja es tracti d&#039;una reparaci\u00f3 a casa, un problema amb el cotxe o qualsevol altra <strong>urg\u00e8ncia econ\u00f2mica <\/strong>que sorgeixi i requereixi una resoluci\u00f3 immediata.<\/p>\n\n\n\n<p>Tamb\u00e9, hi ha persones que els utilitzen per aprofitar oportunitats en forma de gangues, que estaran disponibles molt poc temps, i per tant els pot compensar sol\u00b7licitar un pr\u00e9stec urgent que els permeti realitzar aquesta adquisici\u00f3 a preu de ganga.<\/p>\n\n\n\n<p>Les <strong>emerg\u00e8ncies<\/strong> poden resultar molt <strong>variades<\/strong>, i algunes entrarien ja en el terreny de la subjectivitat personal. En qualsevol cas, has de saber que a AvaFin <strong>mai et demanarem explicacions<\/strong> de per qu\u00e8 necessites els diners, per la qual cosa podr\u00e0s accedir els nostres <a href=\"https:\/\/www.avafin.es\/ca\/prestem\/rapids\/\"><strong>pr\u00e9stecs r\u00e0pids<\/strong><\/a> <strong>en l\u00ednia<\/strong>, a l&#039;instant i sense justificacions de cap mena.<\/p>\n\n\n\n<h2 class=\"wp-block-heading\">Pr\u00e9stecs personals urgents, existeixen?<\/h2>\n\n\n\n<p>Sobre el paper es poden obtenir pr\u00e9stecs personals de bancs, financeres com la nostra i fins i tot prestadors particulars si compleixen els requisits legals. Ara b\u00e9, que siguin <strong>pr\u00e9stecs personals urgents<\/strong> ja \u00e9s una altra q\u00fcesti\u00f3.<\/p>\n\n\n\n<p>Les <strong>entitats banc\u00e0ries<\/strong>, malgrat que puguin estirar aquest reclam i fins i tot possibilitin fer part de la gesti\u00f3 online, el cert \u00e9s que estan lligades a una s\u00e8rie de procediments, que impliquen uns <strong>terminis de tramitaci\u00f3<\/strong> que perllonguen la <strong>espera<\/strong>.<\/p>\n\n\n\n<p>A m\u00e9s, la sol\u00b7licitud comporta <strong>trucades telef\u00f2niques<\/strong> amb el personal del banc, donar <strong>explicacions<\/strong>, i fins i tot haver de passar per les oficines despr\u00e9s de sol\u00b7licitar la corresponent cita, almenys per signar en el millor dels casos.<\/p>\n\n\n\n<p>La nostra <strong>plataforma <\/strong>s\u00ed que concedeix <strong>pr\u00e9stecs personals urgents<\/strong>, fent la valoraci\u00f3 de les sol\u00b7licituds rebudes online a <strong>minuts<\/strong>, i transferint els diners immediatament aix\u00ed que s&#039;aproven.<\/p>\n\n\n\n<h2 class=\"wp-block-heading\">Necessito diners urgents, quins tipus de pr\u00e9stecs urgents hi ha?<\/h2>\n\n\n\n<p>M&#039;ha sorgit una emerg\u00e8ncia, <strong>necessito un pr\u00e9stec urgent<\/strong> i vull saber les opcions que tinc: aquest plantejament els ho fan infinitat de persones cada dia, buscant resposta clares i precises.<\/p>\n\n\n\n<p>La resposta s\u00f3n els <strong>pr\u00e9stecs online<\/strong> <strong>urgents<\/strong> que poden oferir serveis financers com el nostre, o b\u00e9 ja acudir a prestadors particulars (sempre que ofereixin les degudes garanties legals). Aix\u00ed, descartada la via banc\u00e0ria per les inevitables dilacions o simplement per no poder complir els restrictius criteris de concessi\u00f3, la millor opci\u00f3 \u00e9s rec\u00f3rrer a una <strong>financera <\/strong>com <strong>AvaFin<\/strong>, pels motius seg\u00fcents:<\/p>\n\n\n\n<ul class=\"wp-block-list\">\n<li>Oferim una <strong>plataforma<\/strong> per sol\u00b7licitar pr\u00e9stecs urgents <strong>24\/7<\/strong>, ja que mai se sap quan sorgir\u00e0 una emerg\u00e8ncia econ\u00f2mica i la urg\u00e8ncia que tindr\u00e0. Saber que pots resoldre-la en qualsevol dia de la setmana i en qualsevol moment del dia o de la nit \u00e9s una cosa d&#039;un valor que excedeix all\u00f2 econ\u00f2mic, en afectar el teu <strong>tranquil\u00b7litat<\/strong>.<\/li>\n\n\n\n<li>Tenim un <strong>sistema automatitzat i eines tecnol\u00f2giques avan\u00e7ades<\/strong> per gestionar les sol\u00b7licituds en l\u00ednia amb la m\u00e0xima rapidesa, de manera que en no m\u00e9s de <strong>15 minuts <\/strong>resolem la concessi\u00f3 del pr\u00e9stec urgent, i si \u00e9s aprovat ingressem la transfer\u00e8ncia a l&#039;instant.<\/li>\n<\/ul>\n\n\n\n<p>Podem concedir aquests <a href=\"https:\/\/www.avafin.es\/ca\/credits\/en-linia\/\"><strong>cr\u00e8dits en l\u00ednia<\/strong><\/a> al moment perqu\u00e8 som una <strong>companyia especialitzada<\/strong> del <strong>sector fintech<\/strong>, \u00e9s a dir que proporcionem serveis financers que es recolzen en desenvolupaments tecnol\u00f2gics innovadors. Cosa que no et pot oferir un prestador particular, per molt fiable i professional que sigui el seu servei, ja que dif\u00edcilment estar\u00e0 disponible 24\/7\/365, ia comptar amb els recursos t\u00e8cnics necessaris per <strong>gestionar autom\u00e0ticament<\/strong> els <strong>prestem urgents<\/strong>.<\/p>\n\n\n\n<p><a><\/a> Aix\u00ed mateix, des d&#039;Avafin posem al teu abast <strong>diferents tipus de pr\u00e9stecs urgents<\/strong> pel que fa a quantia econ\u00f2mica, perqu\u00e8 <strong>aconsegueixis 50 euros<\/strong> o <strong>100 en l\u00ednia<\/strong> a la franja m\u00e9s baixa, i fins i tot <strong>300<\/strong> a la m\u00e9s alta si ets nou client. Mentre que per a properes vegades accediries a quantitats superiors de <strong>500 euros<\/strong> i fins i tot <strong>1.000 euros<\/strong>.<\/p>\n\n\n\n<h2 class=\"wp-block-heading\">On trobar els millors pr\u00e9stecs urgents en l\u00ednia?<\/h2>\n\n\n\n<p>Per rapidesa, comoditat i fiabilitat els millors prestem urgents online que trobar\u00e0s s\u00f3n els de <strong>AvaFin<\/strong>. A m\u00e9s, tens l&#039;oportunitat de <strong>personalitzar-los <\/strong>a la teva mida, utilitzant un <strong>simulador <\/strong>molt senzill en qu\u00e8 podr\u00e0s triar la quantitat que desitges i la data de devoluci\u00f3.<\/p>\n\n\n\n<p>La primera vegada escolliries la quantia de diners del teu pr\u00e9stec urgent dins d&#039;un l\u00edmit de <strong>300 euros<\/strong> i un termini m\u00e0xim de <strong>30 dies<\/strong> per a la devoluci\u00f3.<\/p>\n\n\n\n<p>En cas de saldar el cr\u00e8dit <strong>abans de la data<\/strong> escollida nom\u00e9s s&#039;aplicaran els interessos corresponents al per\u00edode actiu, \u00e9s a dir que et <strong>estalviar\u00e0s<\/strong> els dels dies que puguin sobrar des de la data que cancel\u00b7les el teu deute.<\/p>\n\n\n\n<h2 class=\"wp-block-heading\">Avantatges dels pr\u00e9stecs urgents online<\/h2>\n\n\n\n<p>Si hagu\u00e9ssim de fer un balan\u00e7 de <strong>avantatges i desavantatges<\/strong> dels pr\u00e9stecs urgents en l\u00ednia, les primeres s&#039;imposarien clarament quan es tracta d&#039;un servei financer com el que oferim nosaltres, que et permet:<\/p>\n\n\n\n<ul class=\"wp-block-list\">\n<li>Obtenir la <strong>quantitat de diners<\/strong> exacta que necessites per <strong>cobrir despeses<\/strong> imprevistos i solucionar aix\u00ed qualsevol emerg\u00e8ncia.<\/li>\n\n\n\n<li>Beneficiar-te d&#039;un<strong> proc\u00e9s de sol\u00b7licitud <\/strong>c\u00f2mode, segur i senzill, que es realitza de manera en l\u00ednia i est\u00e0 totalment automatitzat.<\/li>\n\n\n\n<li>Aprofitar els avantatges d&#039;un sistema de gesti\u00f3 de pr\u00e9stecs urgents que est\u00e0 enfocat al <strong>estalvi de temps<\/strong>, per fer-te arribar com m\u00e9s aviat millor la transfer\u00e8ncia.<\/li>\n\n\n\n<li>Garantir-te <strong>m\u00e0xima transpar\u00e8ncia<\/strong>, perqu\u00e8 tu mateix puguis triar quantitats i terminis dins dels l\u00edmits existents i s\u00e0pigues des del primer moment amb el nostre simulador quant has de tornar i quan. Sense complicacions, cap cobrament ocult de qualsevol classe ni trucs com el de la <strong>quota mensual<\/strong> de les targetes revolving.<\/li>\n<\/ul>\n\n\n\n<h2 class=\"wp-block-heading\">Requisits dels pr\u00e9stecs urgents<\/h2>\n\n\n\n<p>Si ets nou client pots obtenir el <a href=\"https:\/\/www.avafin.es\/ca\/diners\/urgent\/\"><strong>diners urgents<\/strong><\/a> que necessites, de 50 a 300 euros, complint tan sols aquests <strong>requisits<\/strong>:<\/p>\n\n\n\n<ul class=\"wp-block-list\">\n<li>Tenir DNI o NIE<\/li>\n\n\n\n<li>Ser m\u00e9s gran de 21 anys<\/li>\n\n\n\n<li>Comptar amb targeta de d\u00e8bit o cr\u00e8dit<\/li>\n\n\n\n<li>Tenir un compte de banc a Espanya per fer la transfer\u00e8ncia en l\u00ednia<\/li>\n\n\n\n<li>Disposar d&#039;un ingr\u00e9s mensual: n\u00f2mina o prestaci\u00f3 de qualsevol mena<\/li>\n<\/ul>\n\n\n\n<p><strong>Registra&#039;t<\/strong>, omple el formulari amb les teves dades i sol\u00b7licita el teu pr\u00e9stec urgent. En menys de <strong>15 minuts<\/strong> us respondrem i si ho concedim us farem l&#039;ingr\u00e9s al moment.<\/p>\n\n\n\n<h2 class=\"wp-block-heading\">Altres pr\u00e9stecs relacionats amb els pr\u00e9stecs urgents<\/h2>\n\n\n\n<ul class=\"wp-block-list\">\n<li><a href=\"https:\/\/www.avafin.es\/ca\/prestem\/rapids\/\"><strong>Pr\u00e9stecs r\u00e0pids<\/strong><\/a><\/li>\n\n\n\n<li><a href=\"https:\/\/www.avafin.es\/ca\/diners\/ja\/\"><strong>Diners ja<\/strong><\/a><\/li>\n\n\n\n<li><a href=\"https:\/\/www.avafin.es\/ca\/credits\/resposta-immediata\/\"><strong>Cr\u00e8dits de resposta immediata<\/strong><\/a><\/li>\n\n\n\n<li><a href=\"https:\/\/www.avafin.es\/ca\/credits\/rapids-sense-paperassa\/\"><strong>Cr\u00e8dits r\u00e0pids sense paperassa<\/strong><\/a><\/li>\n<\/ul>\n\n\n\n<div class=\"wp-block-group\"><div class=\"wp-block-group__inner-container is-layout-constrained wp-block-group-is-layout-constrained\">\n<h3 class=\"wp-block-heading has-text-align-center header-full-dots\"><span>Necessites un Pr\u00e9stec Urgent?<\/span><\/h3>\n\n\n\n<div class=\"wp-block-group\"><div class=\"wp-block-group__inner-container is-layout-constrained wp-block-group-is-layout-constrained\">\n<p class=\"has-text-align-center\">Obtingues-ho avui amb AvaFin<\/p>\n\n\n\n<div style=\"margin: auto;\" class=\"flex flex-res\">\n<a id=\"av-get-loan\" class=\"btn btn-cta btn-lg force-data-base-url\" href=\"https:\/\/portal.avafin.es\/wp-registerCreditosi\" style=\"display: inline-block; margin: auto\">Sol\u00b7licitar<\/a>\n<\/div>\n<\/div><\/div>\n<\/div><\/div>\n\n\n\n<h2 class=\"wp-block-heading\"><br><br><\/h2>","protected":false},"excerpt":{"rendered":"<p>Si necessites diners perqu\u00e8 tens despeses imprevistes, els pr\u00e9stecs urgents d&#039;AvaFin s\u00f3n la soluci\u00f3 ideal. Demana el teu pr\u00e9stec i ho obtindr\u00e0s en minuts!<\/p>","protected":false},"author":19,"featured_media":0,"parent":3527,"menu_order":0,"comment_status":"closed","ping_status":"closed","template":"","meta":{"_acf_changed":false,"footnotes":""},"class_list":["post-3640","page","type-page","status-publish","hentry"],"acf":[],"yoast_head":"<!-- This site is optimized with the Yoast SEO plugin v26.4 - https:\/\/yoast.com\/wordpress\/plugins\/seo\/ -->\n<title>Pr\u00e9stamos Urgentes | AvaFin Espa\u00f1a<\/title>\n<meta name=\"description\" content=\"Si necesitas dinero porque tienes gastos imprevistos los pr\u00e9stamos urgentes de AvaFin son la soluci\u00f3n ideal. \u00a1Solicita tu pr\u00e9stamo y lo obtendr\u00e1s en minutos!\" \/>\n<meta name=\"robots\" content=\"index, follow, max-snippet:-1, max-image-preview:large, max-video-preview:-1\" \/>\n<link rel=\"canonical\" href=\"https:\/\/www.avafin.es\/ca\/prestem\/concedim-prestem-urgents-per-a-emergencies-economiques\" \/>\n<meta property=\"og:locale\" content=\"ca_ES\" \/>\n<meta property=\"og:type\" content=\"article\" \/>\n<meta property=\"og:title\" content=\"Pr\u00e9stamos Urgentes | AvaFin Espa\u00f1a\" \/>\n<meta property=\"og:description\" content=\"Si necesitas dinero porque tienes gastos imprevistos los pr\u00e9stamos urgentes de AvaFin son la soluci\u00f3n ideal. \u00a1Solicita tu pr\u00e9stamo y lo obtendr\u00e1s en minutos!\" \/>\n<meta property=\"og:url\" content=\"https:\/\/www.avafin.es\/ca\/prestem\/concedim-prestem-urgents-per-a-emergencies-economiques\" \/>\n<meta property=\"og:site_name\" content=\"AvaFin Espa\u00f1a\" \/>\n<meta property=\"article:modified_time\" content=\"2025-09-03T11:00:24+00:00\" \/>\n<meta name=\"twitter:card\" content=\"summary_large_image\" \/>\n<meta name=\"twitter:label1\" content=\"Est. reading time\" \/>\n\t<meta name=\"twitter:data1\" content=\"7 minuts\" \/>\n<script type=\"application\/ld+json\" class=\"yoast-schema-graph\">{\"@context\":\"https:\/\/schema.org\",\"@graph\":[{\"@type\":\"WebPage\",\"@id\":\"https:\/\/www.avafin.es\/ca\/prestem\/concedim-prestem-urgents-per-a-emergencies-economiques\",\"url\":\"https:\/\/www.avafin.es\/ca\/prestem\/concedim-prestem-urgents-per-a-emergencies-economiques\",\"name\":\"Pr\u00e9stamos Urgentes | AvaFin Espa\u00f1a\",\"isPartOf\":{\"@id\":\"https:\/\/www.avafin.es\/ca\/#website\"},\"datePublished\":\"2024-07-11T11:08:07+00:00\",\"dateModified\":\"2025-09-03T11:00:24+00:00\",\"description\":\"Si necesitas dinero porque tienes gastos imprevistos los pr\u00e9stamos urgentes de AvaFin son la soluci\u00f3n ideal. \u00a1Solicita tu pr\u00e9stamo y lo obtendr\u00e1s en minutos!\",\"breadcrumb\":{\"@id\":\"https:\/\/www.avafin.es\/ca\/prestem\/concedim-prestem-urgents-per-a-emergencies-economiques#breadcrumb\"},\"inLanguage\":\"ca\",\"potentialAction\":[{\"@type\":\"ReadAction\",\"target\":[\"https:\/\/www.avafin.es\/ca\/prestem\/concedim-prestem-urgents-per-a-emergencies-economiques\"]}]},{\"@type\":\"BreadcrumbList\",\"@id\":\"https:\/\/www.avafin.es\/ca\/prestem\/concedim-prestem-urgents-per-a-emergencies-economiques#breadcrumb\",\"itemListElement\":[{\"@type\":\"ListItem\",\"position\":1,\"name\":\"Inicio\",\"item\":\"https:\/\/www.avafin.es\/\"},{\"@type\":\"ListItem\",\"position\":2,\"name\":\"Pr\u00e9stamos AvaFin\",\"item\":\"https:\/\/www.avafin.es\/prestamos\"},{\"@type\":\"ListItem\",\"position\":3,\"name\":\"Pr\u00e9stamos Urgentes\"}]},{\"@type\":\"WebSite\",\"@id\":\"https:\/\/www.avafin.es\/ca\/#website\",\"url\":\"https:\/\/www.avafin.es\/ca\/\",\"name\":\"AvaFin Espa\u00f1a\",\"description\":\"\",\"potentialAction\":[{\"@type\":\"SearchAction\",\"target\":{\"@type\":\"EntryPoint\",\"urlTemplate\":\"https:\/\/www.avafin.es\/ca\/?s={search_term_string}\"},\"query-input\":{\"@type\":\"PropertyValueSpecification\",\"valueRequired\":true,\"valueName\":\"search_term_string\"}}],\"inLanguage\":\"ca\"}]}<\/script>\n<!-- \/ Yoast SEO plugin. -->","yoast_head_json":{"title":"Pr\u00e9stecs Urgents | AvaFin Espanya","description":"Si necessites diners perqu\u00e8 tens despeses imprevistes, els pr\u00e9stecs urgents d&#039;AvaFin s\u00f3n la soluci\u00f3 ideal. Demana el teu pr\u00e9stec i ho obtindr\u00e0s en minuts!","robots":{"index":"index","follow":"follow","max-snippet":"max-snippet:-1","max-image-preview":"max-image-preview:large","max-video-preview":"max-video-preview:-1"},"canonical":"https:\/\/www.avafin.es\/ca\/prestem\/concedim-prestem-urgents-per-a-emergencies-economiques","og_locale":"ca_ES","og_type":"article","og_title":"Pr\u00e9stamos Urgentes | AvaFin Espa\u00f1a","og_description":"Si necesitas dinero porque tienes gastos imprevistos los pr\u00e9stamos urgentes de AvaFin son la soluci\u00f3n ideal. \u00a1Solicita tu pr\u00e9stamo y lo obtendr\u00e1s en minutos!","og_url":"https:\/\/www.avafin.es\/ca\/prestem\/concedim-prestem-urgents-per-a-emergencies-economiques","og_site_name":"AvaFin Espa\u00f1a","article_modified_time":"2025-09-03T11:00:24+00:00","twitter_card":"summary_large_image","twitter_misc":{"Est. reading time":"7 minuts"},"schema":{"@context":"https:\/\/schema.org","@graph":[{"@type":"WebPage","@id":"https:\/\/www.avafin.es\/ca\/prestem\/concedim-prestem-urgents-per-a-emergencies-economiques","url":"https:\/\/www.avafin.es\/ca\/prestem\/concedim-prestem-urgents-per-a-emergencies-economiques","name":"Pr\u00e9stecs Urgents | AvaFin Espanya","isPartOf":{"@id":"https:\/\/www.avafin.es\/ca\/#website"},"datePublished":"2024-07-11T11:08:07+00:00","dateModified":"2025-09-03T11:00:24+00:00","description":"Si necessites diners perqu\u00e8 tens despeses imprevistes, els pr\u00e9stecs urgents d&#039;AvaFin s\u00f3n la soluci\u00f3 ideal. Demana el teu pr\u00e9stec i ho obtindr\u00e0s en minuts!","breadcrumb":{"@id":"https:\/\/www.avafin.es\/ca\/prestem\/concedim-prestem-urgents-per-a-emergencies-economiques#breadcrumb"},"inLanguage":"ca","potentialAction":[{"@type":"ReadAction","target":["https:\/\/www.avafin.es\/ca\/prestem\/concedim-prestem-urgents-per-a-emergencies-economiques"]}]},{"@type":"BreadcrumbList","@id":"https:\/\/www.avafin.es\/ca\/prestem\/concedim-prestem-urgents-per-a-emergencies-economiques#breadcrumb","itemListElement":[{"@type":"ListItem","position":1,"name":"Inicio","item":"https:\/\/www.avafin.es\/"},{"@type":"ListItem","position":2,"name":"Pr\u00e9stamos AvaFin","item":"https:\/\/www.avafin.es\/prestamos"},{"@type":"ListItem","position":3,"name":"Pr\u00e9stamos Urgentes"}]},{"@type":"WebSite","@id":"https:\/\/www.avafin.es\/ca\/#website","url":"https:\/\/www.avafin.es\/ca\/","name":"AvaFin Espanya","description":"","potentialAction":[{"@type":"SearchAction","target":{"@type":"EntryPoint","urlTemplate":"https:\/\/www.avafin.es\/ca\/?s={search_term_string}"},"query-input":{"@type":"PropertyValueSpecification","valueRequired":true,"valueName":"search_term_string"}}],"inLanguage":"ca"}]}},"_links":{"self":[{"href":"https:\/\/www.avafin.es\/ca\/wp-json\/wp\/v2\/pages\/3640","targetHints":{"allow":["GET"]}}],"collection":[{"href":"https:\/\/www.avafin.es\/ca\/wp-json\/wp\/v2\/pages"}],"about":[{"href":"https:\/\/www.avafin.es\/ca\/wp-json\/wp\/v2\/types\/page"}],"author":[{"embeddable":true,"href":"https:\/\/www.avafin.es\/ca\/wp-json\/wp\/v2\/users\/19"}],"replies":[{"embeddable":true,"href":"https:\/\/www.avafin.es\/ca\/wp-json\/wp\/v2\/comments?post=3640"}],"version-history":[{"count":0,"href":"https:\/\/www.avafin.es\/ca\/wp-json\/wp\/v2\/pages\/3640\/revisions"}],"up":[{"embeddable":true,"href":"https:\/\/www.avafin.es\/ca\/wp-json\/wp\/v2\/pages\/3527"}],"wp:attachment":[{"href":"https:\/\/www.avafin.es\/ca\/wp-json\/wp\/v2\/media?parent=3640"}],"curies":[{"name":"wp","href":"https:\/\/api.w.org\/{rel}","templated":true}]}}