{"id":3628,"date":"2024-07-11T10:59:17","date_gmt":"2024-07-11T10:59:17","guid":{"rendered":"https:\/\/avafines.wpenginepowered.com\/?page_id=3628"},"modified":"2025-10-31T16:07:27","modified_gmt":"2025-10-31T14:07:27","slug":"particulars-barcelona","status":"publish","type":"page","link":"https:\/\/www.avafin.es\/ca\/prestadors\/particulars-barcelona","title":{"rendered":"Pr\u00e9stecs a Barcelona"},"content":{"rendered":"<p>Si est\u00e0s consultant <strong>pr\u00e9stecs a particulars a Barcelona<\/strong>, <strong>AvaFin <\/strong>posa al teu abast el que necessites, perqu\u00e8 puguis obtenir de manera immediata el <strong>diners que t&#039;urgeixen<\/strong>. I fer-ho amb uns requisits molt senzills de complir, sense esperes i sense haver de donar explicacions. Oblida&#039;t de les pegues dels bancs i d&#039;acudir a <strong>prestadors privats<\/strong>. Aconsegueix el teu pr\u00e9stec amb totes les garanties a la nostra plataforma amb uns <strong>pocs clics<\/strong>!<\/p>\n\n\n\n<h2 class=\"wp-block-heading\">Qui em pot prestar diners a Barcelona?<\/h2>\n\n\n\n<p>Com sabem, la vida a la <strong>ciutat comtal<\/strong> ia tota la seva \u00e0rea metropolitana s&#039;ha posat <strong>molt cara<\/strong>. No \u00e9s gens estrany tenir <strong>dificultats<\/strong> per <strong>acabar el mes<\/strong> fins a l&#039;arribada del proper ingr\u00e9s; o no poder fer front a <strong>emerg\u00e8ncies<\/strong>\u2026 Tot aix\u00f2 explica que cada vegada m\u00e9s persones busquin qui els pugui prestar diners a <strong>Barcelona<\/strong>.<\/p>\n\n\n\n<p>En cas que estiguis en aquesta tessitura, no t&#039;has de preocupar perqu\u00e8 <strong>AvaFin <\/strong>pot <strong>concedir-te un pr\u00e9stec<\/strong> perqu\u00e8 obtinguis aquest desitjat <a href=\"https:\/\/www.avafin.es\/ca\/diners\/ja\/\"><strong>diners ja<\/strong><\/a>, amb uns <strong>terminis de devoluci\u00f3<\/strong> prolongables fins a un mes (30 dies) i unes condicions molt clares, <strong>sense lletra petita<\/strong>.<\/p>\n\n\n\n<h2 class=\"wp-block-heading\">Qu\u00e8 s\u00f3n els pr\u00e9stecs a particulars?<\/h2>\n\n\n\n<p>El finan\u00e7ament que oferim a la nostra plataforma entra dins de la categoria de <strong>pr\u00e9stecs a particulars<\/strong>. Es tracta d&#039;uns <a href=\"https:\/\/www.avafin.es\/ca\/prestem\/personals\/\"><strong>pr\u00e9stecs personals<\/strong><\/a> que poden ser concedits per <strong>bancs<\/strong>, <strong>prestadors privats<\/strong> o empreses de serveis financers com <strong>AvaFin.<\/strong><\/p>\n\n\n\n<p>Aquests pr\u00e9stecs a particulars han de complir amb tots els <strong>requisits legals<\/strong> establerts a la legislaci\u00f3 vigent, que preveu entre altres aspectes l&#039;exist\u00e8ncia d&#039;unes condicions clares pel que fa a tipus d&#039;inter\u00e8s i <strong>terminis de devoluci\u00f3<\/strong>.<\/p>\n\n\n\n<p>Per aix\u00f2, la import\u00e0ncia de rec\u00f3rrer a <strong>financeres <\/strong><a href=\"https:\/\/www.avafin.es\/ca\/prestadors\/\"><strong>prestadors<\/strong><\/a> <strong>fiables<\/strong> com la nostra, que compta amb una acreditada traject\u00f2ria oferint <strong>pr\u00e9stecs a particulars a Barcelona<\/strong>. De fet, estem molt vinculats a la ciutat, ja que tenim <strong>seu aqu\u00ed<\/strong> des de fa anys.<\/p>\n\n\n\n<h2 class=\"wp-block-heading\">Qui presta diners a un particular a Barcelona?<\/h2>\n\n\n\n<p>Perqu\u00e8 puguis sospesar b\u00e9 totes les opcions disponibles, t&#039;explicarem les <strong>diferents alternatives<\/strong> existents per als <strong>particulars a Barcelona<\/strong> a lhora daconseguir un pr\u00e9stec.<\/p>\n\n\n\n<p>Cal destacar en primer lloc que les possibilitats v\u00e9nen determinades per una <strong>legislaci\u00f3 nacional<\/strong>, per la qual cosa no aplicaria una normativa espec\u00edfica de la Generalitat, ni a Barcelona ni a la resta de Catalunya.<\/p>\n\n\n\n<p>Feta aquesta excepci\u00f3, cal comen\u00e7ar assenyalant que en teoria la via m\u00e9s \u00f2bvia perqu\u00e8 un particular obtingui un pr\u00e9stec seria rec\u00f3rrer a un <strong>banc<\/strong>. Per\u00f2 com b\u00e9 saps, els seus <strong>condicions <\/strong>de concessi\u00f3 s\u00f3n molt <strong>estrictes<\/strong>, de manera que deixen fora de l&#039;acc\u00e9s al cr\u00e8dit bancari a moltes persones.<\/p>\n\n\n\n<p>Per no parlar del <strong>lent proc\u00e9s<\/strong> a seguir, amb molts tr\u00e0mits que impliquen <strong>justificar <\/strong>per qu\u00e8 es volen els diners, i habitualment <strong>anar<\/strong> tamb\u00e9 a la <strong>oficina banc\u00e0ria<\/strong>, almenys per signar el pr\u00e9stec.<\/p>\n\n\n\n<p>Una altra alternativa que hauria de ser buscar <strong>prestadors privats<\/strong> a la ciutat, per\u00f2 aquests pr\u00e9stecs entre particulars no s\u00f3n el m\u00e9s recomanable si no es t\u00e9 la seguretat que tot el procediment es realitzar\u00e0 de manera <strong>escrupolosa<\/strong>, conforme a la llei i amb totes les <strong>garanties <\/strong>per a la<strong> persona que sol\u00b7licita el pr\u00e9stec<\/strong>.<\/p>\n\n\n\n<p>Segur que hi ha <strong>prestadors particulars a Barcelona<\/strong> professionals que compleixen tots els requisits. Per\u00f2 tot i aix\u00ed, sempre n&#039;hi haur\u00e0 unes <strong>desavantatges<\/strong> inherents a decantar-se per aquesta via, en comptes de per una <strong>financera<\/strong> com la<strong> la nostra<\/strong> que assegura la m\u00e0xima <strong>confian\u00e7a i transpar\u00e8ncia<\/strong>, i que posa a la teva disposici\u00f3 eines com el <strong>simulador de pr\u00e9stecs<\/strong> del lloc online de <strong>AvaFin<\/strong>. Perqu\u00e8 puguis saber exactament totes les <strong>condicions<\/strong> del teu <strong>pr\u00e9stec<\/strong>: quantitat de diners que obtindries, import a tornar i terminis de devoluci\u00f3.<\/p>\n\n\n\n<p>Aix\u00ed mateix, resultar\u00e0 molt dif\u00edcil que trobis <strong>prestadors privats a Barcelona <\/strong>que disposin d&#039;una <strong>plataforma operativa 24\/7<\/strong> per facilitar-te sol\u00b7licitar <a href=\"https:\/\/www.avafin.es\/ca\/prestem\/\"><strong>pr\u00e9stecs<\/strong><\/a> a <strong>qualsevol moment<\/strong>. Una cosa clau quan les urg\u00e8ncies econ\u00f2miques poden sorgir en qualsevol moment del dia o de la nit\u2026<\/p>\n\n\n\n<p>Nosaltres us donem l&#039;oportunitat d&#039;aconseguir de manera r\u00e0pida, c\u00f2moda i senzilla fins i tot <strong>300 euros<\/strong> al teu <strong>primer pr\u00e9stec<\/strong>, que podr\u00e0s tornar fins a <strong>30 dies<\/strong>. Mentre que per als <strong>posteriors<\/strong> podem tant augmentar la <strong>quantitat de diners<\/strong> com estendre els <strong>terminis de devoluci\u00f3<\/strong>.<\/p>\n\n\n\n<h2 class=\"wp-block-heading\">Quins s\u00f3n els riscos dels pr\u00e9stecs particulars a Barcelona?<\/h2>\n\n\n\n<p>Acudir a prestadors particulars a Barcelona oa qualsevol altre lloc pot comportar una s\u00e8rie de riscos, quan no es tracta d&#039;un <strong>servei professionalitzat<\/strong> o, encara pitjor, parlem de <strong>pr\u00e9stecs informals.<\/strong><\/p>\n\n\n\n<p>Aix\u00ed, es pot donar que aspectes b\u00e0sics no es comprenguin b\u00e9, donant lloc a <strong>malentesos<\/strong>, opacitat sobre les condicions, etc. Per aix\u00f2, en aquest \u00e0mbit dels <strong>pr\u00e9stecs de capital privat<\/strong> la millor decisi\u00f3 sempre \u00e9s rec\u00f3rrer a <strong>financeres <\/strong>com la nostra, que pertany a un <strong>grup de refer\u00e8ncia<\/strong> a tot Europa en l&#039;\u00e0mbit dels <strong>serveis fintech<\/strong>.<\/p>\n\n\n\n<p>No te la juguis i demana el teu <strong>pr\u00e9stec a <\/strong><strong>AvaFin<\/strong> amb les m\u00e0ximes garanties de transpar\u00e8ncia i confian\u00e7a!<\/p>\n\n\n\n<h2 class=\"wp-block-heading\">Quines s\u00f3n les financeres m\u00e9s fiables?<\/h2>\n\n\n\n<p>La fiabilitat de les financeres ve determinada per la seva <strong>compliment legal<\/strong>, la seva <strong>professionalisme <\/strong>i la<strong> transpar\u00e8ncia<\/strong> dels seus serveis. La nostra compleix escrupolosament tots aquests requisits, i cuida cada detall per donar resposta a les necessitats dels seus clients.<\/p>\n\n\n\n<p>Gr\u00e0cies al nostre simulador podr\u00e0s triar <strong>la quantitat que desitges i el termini de devoluci\u00f3 <\/strong>(fins a 300 euros a tornar fins a 30 dies la primera vegada), i tindr\u00e0s <strong>clara des del principi<\/strong> tota la informaci\u00f3 relativa al teu pr\u00e9stec particular: l&#039;import que has sol\u00b7licitat, all\u00f2 que haur\u00e0s de tornar i el termini per fer-ho.<\/p>\n\n\n\n<p>A m\u00e9s, en cas de <strong>abonar abans<\/strong> el pr\u00e9stec et <strong>descomptarem els interessos <\/strong>dels dies que faltin fins que es compleixi la data. I si necessitessis una <strong>ampliaci\u00f3 en els terminis de devoluci\u00f3<\/strong>, podem prorrogar 30 dies m\u00e9s amb el corresponent rec\u00e0rrec addicional.<\/p>\n\n\n\n<p>Despr\u00e9s d&#039;haver saldat aquest primer pr\u00e9stec tindreu la possibilitat d&#039;accedir a <strong>majors quantitats<\/strong>.<\/p>\n\n\n\n<p>Podr\u00e0s <strong>gestionar <\/strong>tot all\u00f2 relatiu als teus pr\u00e9stecs des de <strong>la teva pr\u00f2pia \u00e0rea de client<\/strong> de la plataforma en l\u00ednia, i si ho precises tens a la teva disposici\u00f3 un <strong>servei telef\u00f2nic <\/strong>disponible en un ampl\u00edssim horari per solucionar els dubtes que et puguin sorgir.<\/p>\n\n\n\n<p>D&#039;aquesta manera, us assegurem la <strong>confian\u00e7a <\/strong>que busques i tamb\u00e9 la <strong>agilitat<\/strong> que necessites. Al que afegim totes les<strong> facilitats<\/strong> del m\u00f3n, perqu\u00e8 puguis sol\u00b7licitar al teu pr\u00e9stec de forma immediata amb <strong>requisits molt senzills <\/strong>de complir com s\u00f3n:<\/p>\n\n\n\n<ul class=\"wp-block-list\">\n<li>Disposar de la nacionalitat espanyola o NIE<\/li>\n\n\n\n<li>Ser m\u00e9s gran de 18 anys<\/li>\n\n\n\n<li>Comptar amb targeta de d\u00e8bit o cr\u00e8dit<\/li>\n\n\n\n<li>Tenir un n\u00famero de tel\u00e8fon m\u00f2bil per poder comunicar-te la resposta a la sol\u00b7licitud.<\/li>\n<\/ul>\n\n\n\n<p><strong>Tamb\u00e9 oferim <\/strong><a href=\"https:\/\/www.avafin.es\/ca\/credits\/sense-nomina\/\"><strong>cr\u00e8dits sense n\u00f2mina<\/strong><\/a> i sense aval, en aquest cas nom\u00e9s cal demostrar un ingr\u00e9s mensual per qualsevol tipus de prestaci\u00f3.<\/p>\n\n\n\n<p><a><\/a> Si busques <strong>pr\u00e9stecs a particulars a Barcelona<\/strong> no dubteu a rec\u00f3rrer a una financera amb seu aqu\u00ed, que \u00e9s fiable, transparent i que s&#039;adapta a les vostres necessitats. Registra&#039;t i <strong>sol\u00b7licita el teu pr\u00e9stec online <\/strong>a <strong>AvaFin<\/strong>!<\/p>\n\n\n\n<h2 class=\"wp-block-heading\">Pr\u00e9stecs al voltant de Barcelona<\/h2>\n\n\n\n<ul class=\"wp-block-list\">\n<li><a href=\"https:\/\/www.avafin.es\/ca\/prestadors\/prestem-madrid\/\">Madrid<\/a><a href=\"https:\/\/www.avafin.es\/ca\/prestadors\/particulars-barcelona\"><\/a><\/li>\n\n\n\n<li><a href=\"https:\/\/www.avafin.es\/ca\/prestadors\/particulars-valencia\/\">Val\u00e8ncia<\/a><\/li>\n\n\n\n<li><a href=\"https:\/\/www.avafin.es\/ca\/prestadors\/particulars-alacant\/\">Alacant<\/a><\/li>\n\n\n\n<li><a href=\"https:\/\/www.avafin.es\/ca\/prestadors\/particulars-zaragoza\/\">Saragossa<\/a><\/li>\n\n\n\n<li><a href=\"https:\/\/www.avafin.es\/ca\/prestadors\/particulars-tarragona\/\">Tarragona<\/a><\/li>\n\n\n\n<li><a href=\"https:\/\/www.avafin.es\/ca\/prestadors\/particulars-sevilla\/\">Sevilla<\/a><\/li>\n\n\n\n<li><a href=\"https:\/\/www.avafin.es\/ca\/prestadors\/a-badajoz\/\">Badajoz<\/a><\/li>\n\n\n\n<li><a href=\"https:\/\/www.avafin.es\/ca\/prestadors\/a-magrana\/\">Granada<\/a><\/li>\n<\/ul>\n\n\n\n<div class=\"wp-block-group\"><div class=\"wp-block-group__inner-container is-layout-constrained wp-block-group-is-layout-constrained\">\n<h3 class=\"wp-block-heading has-text-align-center header-full-dots\"><span>Necessites un Pr\u00e9stec Particular a Barcelona?<\/span><\/h3>\n\n\n\n<div class=\"wp-block-group\"><div class=\"wp-block-group__inner-container is-layout-constrained wp-block-group-is-layout-constrained\">\n<p class=\"has-text-align-center\">Obtingues-ho avui amb AvaFin<\/p>\n\n\n\n<div style=\"margin: auto;\" class=\"flex flex-res\">\n<a id=\"av-get-loan\" class=\"btn btn-cta btn-lg force-data-base-url\" href=\"https:\/\/portal.avafin.es\/wp-registerCreditosi\" style=\"display: inline-block; margin: auto\">Sol\u00b7licitar<\/a>\n<\/div>\n<\/div><\/div>\n<\/div><\/div>","protected":false},"excerpt":{"rendered":"<p>Si busques pr\u00e9stecs a particulars a Barcelona, consulta les possibilitats que t&#039;oferim des d&#039;AvaFin. Obtingues el pr\u00e9stec que necessites!<\/p>","protected":false},"author":19,"featured_media":0,"parent":3615,"menu_order":0,"comment_status":"closed","ping_status":"closed","template":"","meta":{"_acf_changed":false,"footnotes":""},"class_list":["post-3628","page","type-page","status-publish","hentry"],"acf":[],"yoast_head":"<!-- This site is optimized with the Yoast SEO plugin v26.4 - https:\/\/yoast.com\/wordpress\/plugins\/seo\/ -->\n<title>Concedemos los mejores Pr\u00e9stamos a Particulares en Barcelona 2026 | AvaFin Espa\u00f1a<\/title>\n<meta name=\"description\" content=\"Si buscas pr\u00e9stamos a particulares en Barcelona consulta las posibilidades que te ofrecemos desde AvaFin. \u00a1Obt\u00e9n el pr\u00e9stamo que necesitas!\" \/>\n<meta name=\"robots\" content=\"index, follow, max-snippet:-1, max-image-preview:large, max-video-preview:-1\" \/>\n<link rel=\"canonical\" href=\"https:\/\/www.avafin.es\/ca\/prestadors\/particulars-barcelona\" \/>\n<meta property=\"og:locale\" content=\"ca_ES\" \/>\n<meta property=\"og:type\" content=\"article\" \/>\n<meta property=\"og:title\" content=\"Concedemos los mejores Pr\u00e9stamos a Particulares en Barcelona 2026 | AvaFin Espa\u00f1a\" \/>\n<meta property=\"og:description\" content=\"Si buscas pr\u00e9stamos a particulares en Barcelona consulta las posibilidades que te ofrecemos desde AvaFin. \u00a1Obt\u00e9n el pr\u00e9stamo que necesitas!\" \/>\n<meta property=\"og:url\" content=\"https:\/\/www.avafin.es\/ca\/prestadors\/particulars-barcelona\" \/>\n<meta property=\"og:site_name\" content=\"AvaFin Espa\u00f1a\" \/>\n<meta property=\"article:modified_time\" content=\"2025-10-31T14:07:27+00:00\" \/>\n<meta name=\"twitter:card\" content=\"summary_large_image\" \/>\n<meta name=\"twitter:label1\" content=\"Est. reading time\" \/>\n\t<meta name=\"twitter:data1\" content=\"11 minuts\" \/>\n<script type=\"application\/ld+json\" class=\"yoast-schema-graph\">{\"@context\":\"https:\/\/schema.org\",\"@graph\":[{\"@type\":\"WebPage\",\"@id\":\"https:\/\/www.avafin.es\/ca\/prestadors\/particulars-barcelona\",\"url\":\"https:\/\/www.avafin.es\/ca\/prestadors\/particulars-barcelona\",\"name\":\"Concedemos los mejores Pr\u00e9stamos a Particulares en Barcelona 2026 | AvaFin Espa\u00f1a\",\"isPartOf\":{\"@id\":\"https:\/\/www.avafin.es\/ca\/#website\"},\"datePublished\":\"2024-07-11T10:59:17+00:00\",\"dateModified\":\"2025-10-31T14:07:27+00:00\",\"description\":\"Si buscas pr\u00e9stamos a particulares en Barcelona consulta las posibilidades que te ofrecemos desde AvaFin. \u00a1Obt\u00e9n el pr\u00e9stamo que necesitas!\",\"breadcrumb\":{\"@id\":\"https:\/\/www.avafin.es\/ca\/prestadors\/particulars-barcelona#breadcrumb\"},\"inLanguage\":\"ca\",\"potentialAction\":[{\"@type\":\"ReadAction\",\"target\":[\"https:\/\/www.avafin.es\/ca\/prestadors\/particulars-barcelona\"]}]},{\"@type\":\"BreadcrumbList\",\"@id\":\"https:\/\/www.avafin.es\/ca\/prestadors\/particulars-barcelona#breadcrumb\",\"itemListElement\":[{\"@type\":\"ListItem\",\"position\":1,\"name\":\"Inicio\",\"item\":\"https:\/\/www.avafin.es\/\"},{\"@type\":\"ListItem\",\"position\":2,\"name\":\"Prestamistas\",\"item\":\"https:\/\/www.avafin.es\/prestamistas\"},{\"@type\":\"ListItem\",\"position\":3,\"name\":\"Pr\u00e9stamos en Barcelona\"}]},{\"@type\":\"WebSite\",\"@id\":\"https:\/\/www.avafin.es\/ca\/#website\",\"url\":\"https:\/\/www.avafin.es\/ca\/\",\"name\":\"AvaFin Espa\u00f1a\",\"description\":\"\",\"potentialAction\":[{\"@type\":\"SearchAction\",\"target\":{\"@type\":\"EntryPoint\",\"urlTemplate\":\"https:\/\/www.avafin.es\/ca\/?s={search_term_string}\"},\"query-input\":{\"@type\":\"PropertyValueSpecification\",\"valueRequired\":true,\"valueName\":\"search_term_string\"}}],\"inLanguage\":\"ca\"}]}<\/script>\n<!-- \/ Yoast SEO plugin. -->","yoast_head_json":{"title":"Concedim els millors Pr\u00e9stecs a Particulars a Barcelona 2026 | AvaFin Espanya","description":"Si busques pr\u00e9stecs a particulars a Barcelona, consulta les possibilitats que t&#039;oferim des d&#039;AvaFin. Obtingues el pr\u00e9stec que necessites!","robots":{"index":"index","follow":"follow","max-snippet":"max-snippet:-1","max-image-preview":"max-image-preview:large","max-video-preview":"max-video-preview:-1"},"canonical":"https:\/\/www.avafin.es\/ca\/prestadors\/particulars-barcelona","og_locale":"ca_ES","og_type":"article","og_title":"Concedemos los mejores Pr\u00e9stamos a Particulares en Barcelona 2026 | AvaFin Espa\u00f1a","og_description":"Si buscas pr\u00e9stamos a particulares en Barcelona consulta las posibilidades que te ofrecemos desde AvaFin. \u00a1Obt\u00e9n el pr\u00e9stamo que necesitas!","og_url":"https:\/\/www.avafin.es\/ca\/prestadors\/particulars-barcelona","og_site_name":"AvaFin Espa\u00f1a","article_modified_time":"2025-10-31T14:07:27+00:00","twitter_card":"summary_large_image","twitter_misc":{"Est. reading time":"11 minuts"},"schema":{"@context":"https:\/\/schema.org","@graph":[{"@type":"WebPage","@id":"https:\/\/www.avafin.es\/ca\/prestadors\/particulars-barcelona","url":"https:\/\/www.avafin.es\/ca\/prestadors\/particulars-barcelona","name":"Concedim els millors Pr\u00e9stecs a Particulars a Barcelona 2026 | AvaFin Espanya","isPartOf":{"@id":"https:\/\/www.avafin.es\/ca\/#website"},"datePublished":"2024-07-11T10:59:17+00:00","dateModified":"2025-10-31T14:07:27+00:00","description":"Si busques pr\u00e9stecs a particulars a Barcelona, consulta les possibilitats que t&#039;oferim des d&#039;AvaFin. Obtingues el pr\u00e9stec que necessites!","breadcrumb":{"@id":"https:\/\/www.avafin.es\/ca\/prestadors\/particulars-barcelona#breadcrumb"},"inLanguage":"ca","potentialAction":[{"@type":"ReadAction","target":["https:\/\/www.avafin.es\/ca\/prestadors\/particulars-barcelona"]}]},{"@type":"BreadcrumbList","@id":"https:\/\/www.avafin.es\/ca\/prestadors\/particulars-barcelona#breadcrumb","itemListElement":[{"@type":"ListItem","position":1,"name":"Inicio","item":"https:\/\/www.avafin.es\/"},{"@type":"ListItem","position":2,"name":"Prestamistas","item":"https:\/\/www.avafin.es\/prestamistas"},{"@type":"ListItem","position":3,"name":"Pr\u00e9stamos en Barcelona"}]},{"@type":"WebSite","@id":"https:\/\/www.avafin.es\/ca\/#website","url":"https:\/\/www.avafin.es\/ca\/","name":"AvaFin Espanya","description":"","potentialAction":[{"@type":"SearchAction","target":{"@type":"EntryPoint","urlTemplate":"https:\/\/www.avafin.es\/ca\/?s={search_term_string}"},"query-input":{"@type":"PropertyValueSpecification","valueRequired":true,"valueName":"search_term_string"}}],"inLanguage":"ca"}]}},"_links":{"self":[{"href":"https:\/\/www.avafin.es\/ca\/wp-json\/wp\/v2\/pages\/3628","targetHints":{"allow":["GET"]}}],"collection":[{"href":"https:\/\/www.avafin.es\/ca\/wp-json\/wp\/v2\/pages"}],"about":[{"href":"https:\/\/www.avafin.es\/ca\/wp-json\/wp\/v2\/types\/page"}],"author":[{"embeddable":true,"href":"https:\/\/www.avafin.es\/ca\/wp-json\/wp\/v2\/users\/19"}],"replies":[{"embeddable":true,"href":"https:\/\/www.avafin.es\/ca\/wp-json\/wp\/v2\/comments?post=3628"}],"version-history":[{"count":0,"href":"https:\/\/www.avafin.es\/ca\/wp-json\/wp\/v2\/pages\/3628\/revisions"}],"up":[{"embeddable":true,"href":"https:\/\/www.avafin.es\/ca\/wp-json\/wp\/v2\/pages\/3615"}],"wp:attachment":[{"href":"https:\/\/www.avafin.es\/ca\/wp-json\/wp\/v2\/media?parent=3628"}],"curies":[{"name":"wp","href":"https:\/\/api.w.org\/{rel}","templated":true}]}}