{"id":3611,"date":"2024-07-11T09:38:06","date_gmt":"2024-07-11T09:38:06","guid":{"rendered":"https:\/\/avafines.wpenginepowered.com\/?page_id=3611"},"modified":"2025-09-03T13:02:23","modified_gmt":"2025-09-03T11:02:23","slug":"urgent","status":"publish","type":"page","link":"https:\/\/www.avafin.es\/ca\/diners\/urgent","title":{"rendered":"Diners Urgent"},"content":{"rendered":"<p>Si cerques la manera d&#039;obtenir <strong>diners urgents<\/strong>, a la nostra plataforma el tens a l&#039;abast de la m\u00e0, mitjan\u00e7ant un pr\u00e9stec r\u00e0pid que pot arribar a <strong>300 euros<\/strong> per a la teva primera sol\u00b7licitud de cr\u00e8dit.<\/p>\n\n\n\n<p>Respondrem a la teva petici\u00f3 a <strong>15 minuts<\/strong> i et transferirem a l&#039;instant el <strong>diners que necessites<\/strong>!<\/p>\n\n\n\n<h2 class=\"wp-block-heading\">Com aconseguir diners urgents?<\/h2>\n\n\n\n<p>Quan apareix una <strong>emerg\u00e8ncia econ\u00f2mica<\/strong> que no es pot afrontar sorgeix la pregunta de com aconseguir diners urgents.<\/p>\n\n\n\n<p>El problema que hi ha en aquests casos \u00e9s que hi ha dues q\u00fcestions a resoldre: la primera <strong>obtenir diners<\/strong> i la segona que aquest arribi a m\u00e9s amb la <strong>rapidesa requerida<\/strong>.<\/p>\n\n\n\n<p>La soluci\u00f3 ve de la m\u00e0 de plataformes com <strong>AvaFin<\/strong>, que en oferir un servei financer recolzat en <strong>eines tecnol\u00f2giques innovadores<\/strong> fa possible que un <strong>pr\u00e9stec urgent<\/strong> pugui concedir-se a <strong>minuts<\/strong>.<\/p>\n\n\n\n<p>Per aix\u00f2, som la <strong>millor opci\u00f3<\/strong> per aconseguir diners urgents si el cr\u00e8dit bancari s&#039;ha esgotat, \u00e9s inaccessible o senzillament ho has de descartar per la seva lentitud.<\/p>\n\n\n\n<p>\u00a1\u00a1 Compta amb una <strong>fintech especialitzada<\/strong> a <a href=\"https:\/\/www.avafin.es\/ca\/prestem\/rapids\/\"><strong>pr\u00e9stecs r\u00e0pids<\/strong><\/a> que et proporciona els diners que necessites quan ho necessites!<\/p>\n\n\n\n<h2 class=\"wp-block-heading\">En qu\u00e8 fixar-se en demanar diners urgents?<\/h2>\n\n\n\n<p>Per <strong>demanar diners urgents<\/strong> mitjan\u00e7ant un servei de <strong>cr\u00e8dits r\u00e0pids<\/strong> has de fixar-te que:<\/p>\n\n\n\n<ul class=\"wp-block-list\">\n<li><strong>Et pugui fer la transfer\u00e8ncia a la velocitat que vols<\/strong>: amb el nostre sistema valorem les <strong>sol\u00b7licituds en 15 minuts<\/strong>, i despr\u00e9s d&#039;aprovar-les autom\u00e0ticament realitzem l&#039;ingr\u00e9s al vostre compte online, perqu\u00e8 pugueu comptar amb els diners amb la m\u00e0xima immediatesa.<\/li>\n\n\n\n<li><strong>Tingues la possibilitat d&#039;escollir la quantitat de diners urgents que desitgis<\/strong>: si la teva emerg\u00e8ncia es pot solucionar amb 70 euros o amb 280, \u00bf per qu\u00e8 hauries de sol\u00b7licitar una altra quantitat diferent? Nosaltres t&#039;oferim un <strong>servei financer a mida<\/strong>, que et permet obtenir un <strong>pr\u00e9stec personalitzat <\/strong>per l&#039;import que vulguis a partir de <strong>50 euros<\/strong>, amb tan sols un l\u00edmit inicial de <strong>300 euros<\/strong> en cas que siguis nou client. Si tot va b\u00e9 en aquest primer cr\u00e8dit, en successius aquesta barrera s&#039;eliminaria i podries accedir fins a <a href=\"https:\/\/www.avafin.es\/ca\/prestem\/1000-euros\/\"><strong>pr\u00e9stecs de 1000 euros<\/strong><\/a>.<\/li>\n\n\n\n<li><strong>Pugues escollir el termini de devoluci\u00f3<\/strong>: ja que la flexibilitat tamb\u00e9 \u00e9s important a l&#039;hora d&#039;abonar el pr\u00e9stec. A <strong>AvaFin <\/strong>pots seleccionar la data concreta que prefereixis dins d&#039;un calendari perllongable a <strong>30 dies<\/strong>. Per\u00f2 tampoc aix\u00f2 suposar\u00e0 una travessa si <strong>vols saldar el teu pr\u00e9stec abans<\/strong>. Si ho fas, no et cobrarem els <strong>interessos <\/strong>corresponents als dies que resten abans del compliment de la data inicial seleccionada.<\/li>\n\n\n\n<li><strong>T&#039;ofereixi m\u00e0xima transpar\u00e8ncia<\/strong>: una cosa fonamental, i que pot quedar opacada per la necessitat d&#039;obtenir els diners urgents. Mai no hi ha d&#039;haver <strong>cobraments ocults ni tarifes amagades<\/strong> entre la lletra petita. \u00c9s normal que els pr\u00e9stecs urgents com aquests tinguin uns tipus dinter\u00e8s alts i incloguin alguna comissi\u00f3, per\u00f2 aquesta informaci\u00f3 clau ha de quedar clara des del principi. A la nostra plataforma podr\u00e0s visualitzar-la a la perfecci\u00f3 amb el <strong>simulador de pr\u00e9stecs<\/strong> abans de fer la teva sol\u00b7licitud. A m\u00e9s, lorientaci\u00f3 dels nostres pr\u00e9stecs r\u00e0pids a quantitats petites de diners fa que els <strong>tipus aplicats<\/strong> mai no elevin massa l&#039;import final a tornar per part del client. Cosa que pots <strong>verificar tu mateix<\/strong> si fas una prova amb l&#039;eina de simulaci\u00f3 de cr\u00e8dits.<\/li>\n<\/ul>\n\n\n\n<p>Com pots comprovar, complim els <strong>m\u00e0xims est\u00e0ndards<\/strong> en tots els aspectes essencials que cal valorar a la <strong>sol\u00b7licitud de cr\u00e8dit<\/strong> r\u00e0pid per a lobtenci\u00f3 de diners urgent. No et conformis amb menys! Compte amb la financera de refer\u00e8ncia per a aquest tipus de <a href=\"https:\/\/www.avafin.es\/ca\/prestem\/personals\/\"><strong>pr\u00e9stecs personals<\/strong><\/a> per solucionar emerg\u00e8ncies econ\u00f2miques!<\/p>\n\n\n\n<h2 class=\"wp-block-heading\">Avantatges de demanar diners urgents amb Avafin<\/h2>\n\n\n\n<p>Amb el nostre servei financer pots aconseguir <strong>pr\u00e9stecs urgents<\/strong> en l\u00ednia de <strong>forma r\u00e0pida<\/strong> per la <strong>quantitat de diners<\/strong> que prefereixis, dins del marge de 50 a 300 euros que tenim per a nous clients.<\/p>\n\n\n\n<p>Posem a la teva disposici\u00f3 una plataforma que processa sol\u00b7licituds <strong>24\/7\/365<\/strong>, sense tr\u00e0mits ni paperassa que retardin la concessi\u00f3 del <strong>pr\u00e9stec r\u00e0pid<\/strong>, perqu\u00e8 obtinguis el <strong>diners urgents<\/strong> que necessites en el moment que ho necessites.<\/p>\n\n\n\n<p>En pocs passos podr\u00e0s donar-te d&#039;alta com a client, completar el senzill q\u00fcestionari i sol\u00b7licitar el pr\u00e9stec. A <strong>15 minuts<\/strong> com a m\u00e0xim tindr\u00e0s la teva resposta, i si compleixes els f\u00e0cils requisits que demanem et farem el <strong>ingr\u00e9s a l&#039;instant<\/strong>.<\/p>\n\n\n\n<p>\u00a1\u00a1<strong>Registra&#039;t<\/strong> a la nostra plataforma per fer la teva sol\u00b7licitud si vols obtenir la teva <strong>diners r\u00e0pid! <\/strong>\u00a1\u00a1 Pots demanar un <a href=\"https:\/\/www.avafin.es\/ca\/prestem\/300-euros\/\"><strong>pr\u00e9stec de fins a 300 euros<\/strong><\/a>!<\/p>\n\n\n\n<h2 class=\"wp-block-heading\">Necessito diners urgents avui, quins requisits em demanaran?<\/h2>\n\n\n\n<p>Els nostres <strong>requisits<\/strong> s\u00f3n sempre els <strong>mateixos<\/strong>, no exigim m\u00e9s per tractar-se d&#039;un pr\u00e9stec r\u00e0pid per oferir diners urgents. Aix\u00ed, nom\u00e9s haur\u00e0s d&#039;acreditar:<\/p>\n\n\n\n<ul class=\"wp-block-list\">\n<li>Ser major de 18 anys mitjan\u00e7ant DNI, NIE o passaport.<\/li>\n\n\n\n<li>Que tens un ingr\u00e9s mensual. Val tant la n\u00f2mina com qualsevol prestaci\u00f3.<\/li>\n\n\n\n<li>Que en disposes <strong>targeta de cr\u00e8dit<\/strong> o d\u00e8bit d&#039;un banc espanyol.<\/li>\n\n\n\n<li> Que tens un compte online d&#039;una entitat banc\u00e0ria espanyola, per poder fer-te la transfer\u00e8ncia i rebis els teus diners urgents.<\/li>\n<\/ul>\n\n\n\n<h2 class=\"wp-block-heading\">Em preguntaran per qu\u00e8 necessito diners urgents avui?<\/h2>\n\n\n\n<p>Probablement et plantejar\u00e0s que s\u00ed <strong>necessito diners urgents<\/strong> haur\u00e9 de justificar per qu\u00e8 ho vull. Nosaltres mai no demanem explicacions als nostres clients sobre la situaci\u00f3 o emerg\u00e8ncia que els ha portat a <strong>demanar un pr\u00e9stec<\/strong>.<\/p>\n\n\n\n<p>N&#039;hi haur\u00e0 prou de complir els senzills requisits per obtenir el teu pr\u00e9stec urgent avui mateix.<\/p>\n\n\n\n<h2 class=\"wp-block-heading\">I si necessito els diners urgents per pagar deutes?<\/h2>\n\n\n\n<p><strong>Sol\u00b7licitar diners<\/strong> a cr\u00e8dit per pagar deutes pot ser problem\u00e0tic quan es tracta de demanar un pr\u00e9stec per abonar-ne un altre anterior. Una pr\u00e0ctica de palanquejament financer que desaconsellem, per aix\u00f2 a <strong>AvaFin <\/strong>no concedim un nou pr\u00e9stec a un client que tingui un altre previ pendent amb nosaltres.<\/p>\n\n\n\n<p>Ens comprometem amb una<strong> finan\u00e7ament responsable<\/strong>, i estem aqu\u00ed per ajudar-te, no per agreujar un problema.<\/p>\n\n\n\n<h2 class=\"wp-block-heading\">Quina documentaci\u00f3 he d&#039;aportar si necessito diners urgents?<\/h2>\n\n\n\n<p>Per sol\u00b7licitar un pr\u00e9stec per obtenir diners urgents <strong>documentaci\u00f3 <\/strong>que demanem \u00e9s <strong>m\u00ednima<\/strong>, tan sols haur\u00e0s d&#039;acreditar el teu <strong>identitat <\/strong>i la recepci\u00f3 d&#039;un <strong>ingr\u00e9s mensual<\/strong>.<\/p>\n\n\n\n<p>D&#039;aquesta manera, <strong>agilitzem <\/strong>al m\u00e0xim els tr\u00e0mits. Per\u00f2 com que la urg\u00e8ncia no est\u00e0 renyida a fer les coses ben fetes complim escrupolosament la <strong>legislaci\u00f3 vigent<\/strong> pel que fa a la realitzaci\u00f3 i enviament del <strong>contracte <\/strong>per email, que podem acompanyar amb la <strong>factura <\/strong>del servei si ho desitges.<\/p>\n\n\n\n<p>T&#039;oferim la teva <strong>pr\u00e9stec urgent<\/strong> amb totes les <strong>garanties<\/strong>!<\/p>\n\n\n\n<h2 class=\"wp-block-heading\">Altres pr\u00e9stecs per sol\u00b7licitar diners urgents<\/h2>\n\n\n\n<ul class=\"wp-block-list\">\n<li><a href=\"https:\/\/www.avafin.es\/ca\/diners\/ja\/\">Diners ja<\/a><\/li>\n\n\n\n<li><a href=\"https:\/\/www.avafin.es\/ca\/credits\/urgents-en-linia\/\">Cr\u00e8dits urgents en l\u00ednia<\/a><\/li>\n\n\n\n<li><a href=\"https:\/\/www.avafin.es\/ca\/credits\/rapids-sense-paperassa\/\">Cr\u00e8dits r\u00e0pids sense paperassa<\/a><\/li>\n\n\n\n<li><a href=\"https:\/\/www.avafin.es\/ca\/prestem\/urgents\/\">Pr\u00e9stecs urgents<\/a><\/li>\n<\/ul>\n\n\n\n<div class=\"wp-block-group\"><div class=\"wp-block-group__inner-container is-layout-constrained wp-block-group-is-layout-constrained\">\n<h3 class=\"wp-block-heading has-text-align-center header-full-dots\"><span>Necessites Diners Urgents?<\/span><\/h3>\n\n\n\n<div class=\"wp-block-group\"><div class=\"wp-block-group__inner-container is-layout-constrained wp-block-group-is-layout-constrained\">\n<p class=\"has-text-align-center\">Obtingues-ho avui amb AvaFin<\/p>\n\n\n\n<div style=\"margin: auto;\" class=\"flex flex-res\">\n<a id=\"av-get-loan\" class=\"btn btn-cta btn-lg force-data-base-url\" href=\"https:\/\/portal.avafin.es\/wp-registerCreditosi\" style=\"display: inline-block; margin: auto\">Sol\u00b7licitar<\/a>\n<\/div>\n<\/div><\/div>\n<\/div><\/div>","protected":false},"excerpt":{"rendered":"<p>Amb els nostres pr\u00e9stecs r\u00e0pids pots aconseguir diners urgents en l\u00ednia amb nom\u00e9s uns pocs passos. Aprovem les sol\u00b7licituds en minuts i ingressem al moment!<\/p>","protected":false},"author":19,"featured_media":0,"parent":3607,"menu_order":0,"comment_status":"closed","ping_status":"closed","template":"","meta":{"_acf_changed":false,"footnotes":""},"class_list":["post-3611","page","type-page","status-publish","hentry"],"acf":[],"yoast_head":"<!-- This site is optimized with the Yoast SEO plugin v26.4 - https:\/\/yoast.com\/wordpress\/plugins\/seo\/ -->\n<title>Obt\u00e9n el Dinero Urgente que Necesitas 2026 | AvaFin Espa\u00f1a<\/title>\n<meta name=\"description\" content=\"Con nuestros pr\u00e9stamos r\u00e1pidos puedes conseguir dinero urgente online con solo unos pocos pasos. \u00a1Aprobamos las solicitudes en minutos e ingresamos al momento!\" \/>\n<meta name=\"robots\" content=\"index, follow, max-snippet:-1, max-image-preview:large, max-video-preview:-1\" \/>\n<link rel=\"canonical\" href=\"https:\/\/www.avafin.es\/ca\/diners\/urgent\" \/>\n<meta property=\"og:locale\" content=\"ca_ES\" \/>\n<meta property=\"og:type\" content=\"article\" \/>\n<meta property=\"og:title\" content=\"Obt\u00e9n el Dinero Urgente que Necesitas 2026 | AvaFin Espa\u00f1a\" \/>\n<meta property=\"og:description\" content=\"Con nuestros pr\u00e9stamos r\u00e1pidos puedes conseguir dinero urgente online con solo unos pocos pasos. \u00a1Aprobamos las solicitudes en minutos e ingresamos al momento!\" \/>\n<meta property=\"og:url\" content=\"https:\/\/www.avafin.es\/ca\/diners\/urgent\" \/>\n<meta property=\"og:site_name\" content=\"AvaFin Espa\u00f1a\" \/>\n<meta property=\"article:modified_time\" content=\"2025-09-03T11:02:23+00:00\" \/>\n<meta name=\"twitter:card\" content=\"summary_large_image\" \/>\n<meta name=\"twitter:label1\" content=\"Est. reading time\" \/>\n\t<meta name=\"twitter:data1\" content=\"10 minuts\" \/>\n<script type=\"application\/ld+json\" class=\"yoast-schema-graph\">{\"@context\":\"https:\/\/schema.org\",\"@graph\":[{\"@type\":\"WebPage\",\"@id\":\"https:\/\/www.avafin.es\/ca\/diners\/urgent\",\"url\":\"https:\/\/www.avafin.es\/ca\/diners\/urgent\",\"name\":\"Obt\u00e9n el Dinero Urgente que Necesitas 2026 | AvaFin Espa\u00f1a\",\"isPartOf\":{\"@id\":\"https:\/\/www.avafin.es\/ca\/#website\"},\"datePublished\":\"2024-07-11T09:38:06+00:00\",\"dateModified\":\"2025-09-03T11:02:23+00:00\",\"description\":\"Con nuestros pr\u00e9stamos r\u00e1pidos puedes conseguir dinero urgente online con solo unos pocos pasos. \u00a1Aprobamos las solicitudes en minutos e ingresamos al momento!\",\"breadcrumb\":{\"@id\":\"https:\/\/www.avafin.es\/ca\/diners\/urgent#breadcrumb\"},\"inLanguage\":\"ca\",\"potentialAction\":[{\"@type\":\"ReadAction\",\"target\":[\"https:\/\/www.avafin.es\/ca\/diners\/urgent\"]}]},{\"@type\":\"BreadcrumbList\",\"@id\":\"https:\/\/www.avafin.es\/ca\/diners\/urgent#breadcrumb\",\"itemListElement\":[{\"@type\":\"ListItem\",\"position\":1,\"name\":\"Inicio\",\"item\":\"https:\/\/www.avafin.es\/\"},{\"@type\":\"ListItem\",\"position\":2,\"name\":\"Dinero\",\"item\":\"https:\/\/www.avafin.es\/dinero\"},{\"@type\":\"ListItem\",\"position\":3,\"name\":\"Dinero Urgente\"}]},{\"@type\":\"WebSite\",\"@id\":\"https:\/\/www.avafin.es\/ca\/#website\",\"url\":\"https:\/\/www.avafin.es\/ca\/\",\"name\":\"AvaFin Espa\u00f1a\",\"description\":\"\",\"potentialAction\":[{\"@type\":\"SearchAction\",\"target\":{\"@type\":\"EntryPoint\",\"urlTemplate\":\"https:\/\/www.avafin.es\/ca\/?s={search_term_string}\"},\"query-input\":{\"@type\":\"PropertyValueSpecification\",\"valueRequired\":true,\"valueName\":\"search_term_string\"}}],\"inLanguage\":\"ca\"}]}<\/script>\n<!-- \/ Yoast SEO plugin. -->","yoast_head_json":{"title":"Obt\u00e9 els Diners Urgents que Necessites 2026 | AvaFin Espanya","description":"Amb els nostres pr\u00e9stecs r\u00e0pids pots aconseguir diners urgents en l\u00ednia amb nom\u00e9s uns pocs passos. Aprovem les sol\u00b7licituds en minuts i ingressem al moment!","robots":{"index":"index","follow":"follow","max-snippet":"max-snippet:-1","max-image-preview":"max-image-preview:large","max-video-preview":"max-video-preview:-1"},"canonical":"https:\/\/www.avafin.es\/ca\/diners\/urgent","og_locale":"ca_ES","og_type":"article","og_title":"Obt\u00e9n el Dinero Urgente que Necesitas 2026 | AvaFin Espa\u00f1a","og_description":"Con nuestros pr\u00e9stamos r\u00e1pidos puedes conseguir dinero urgente online con solo unos pocos pasos. \u00a1Aprobamos las solicitudes en minutos e ingresamos al momento!","og_url":"https:\/\/www.avafin.es\/ca\/diners\/urgent","og_site_name":"AvaFin Espa\u00f1a","article_modified_time":"2025-09-03T11:02:23+00:00","twitter_card":"summary_large_image","twitter_misc":{"Est. reading time":"10 minuts"},"schema":{"@context":"https:\/\/schema.org","@graph":[{"@type":"WebPage","@id":"https:\/\/www.avafin.es\/ca\/diners\/urgent","url":"https:\/\/www.avafin.es\/ca\/diners\/urgent","name":"Obt\u00e9 els Diners Urgents que Necessites 2026 | AvaFin Espanya","isPartOf":{"@id":"https:\/\/www.avafin.es\/ca\/#website"},"datePublished":"2024-07-11T09:38:06+00:00","dateModified":"2025-09-03T11:02:23+00:00","description":"Amb els nostres pr\u00e9stecs r\u00e0pids pots aconseguir diners urgents en l\u00ednia amb nom\u00e9s uns pocs passos. Aprovem les sol\u00b7licituds en minuts i ingressem al moment!","breadcrumb":{"@id":"https:\/\/www.avafin.es\/ca\/diners\/urgent#breadcrumb"},"inLanguage":"ca","potentialAction":[{"@type":"ReadAction","target":["https:\/\/www.avafin.es\/ca\/diners\/urgent"]}]},{"@type":"BreadcrumbList","@id":"https:\/\/www.avafin.es\/ca\/diners\/urgent#breadcrumb","itemListElement":[{"@type":"ListItem","position":1,"name":"Inicio","item":"https:\/\/www.avafin.es\/"},{"@type":"ListItem","position":2,"name":"Dinero","item":"https:\/\/www.avafin.es\/dinero"},{"@type":"ListItem","position":3,"name":"Dinero Urgente"}]},{"@type":"WebSite","@id":"https:\/\/www.avafin.es\/ca\/#website","url":"https:\/\/www.avafin.es\/ca\/","name":"AvaFin Espanya","description":"","potentialAction":[{"@type":"SearchAction","target":{"@type":"EntryPoint","urlTemplate":"https:\/\/www.avafin.es\/ca\/?s={search_term_string}"},"query-input":{"@type":"PropertyValueSpecification","valueRequired":true,"valueName":"search_term_string"}}],"inLanguage":"ca"}]}},"_links":{"self":[{"href":"https:\/\/www.avafin.es\/ca\/wp-json\/wp\/v2\/pages\/3611","targetHints":{"allow":["GET"]}}],"collection":[{"href":"https:\/\/www.avafin.es\/ca\/wp-json\/wp\/v2\/pages"}],"about":[{"href":"https:\/\/www.avafin.es\/ca\/wp-json\/wp\/v2\/types\/page"}],"author":[{"embeddable":true,"href":"https:\/\/www.avafin.es\/ca\/wp-json\/wp\/v2\/users\/19"}],"replies":[{"embeddable":true,"href":"https:\/\/www.avafin.es\/ca\/wp-json\/wp\/v2\/comments?post=3611"}],"version-history":[{"count":0,"href":"https:\/\/www.avafin.es\/ca\/wp-json\/wp\/v2\/pages\/3611\/revisions"}],"up":[{"embeddable":true,"href":"https:\/\/www.avafin.es\/ca\/wp-json\/wp\/v2\/pages\/3607"}],"wp:attachment":[{"href":"https:\/\/www.avafin.es\/ca\/wp-json\/wp\/v2\/media?parent=3611"}],"curies":[{"name":"wp","href":"https:\/\/api.w.org\/{rel}","templated":true}]}}