{"id":3604,"date":"2024-07-11T09:33:38","date_gmt":"2024-07-11T09:33:38","guid":{"rendered":"https:\/\/avafines.wpenginepowered.com\/?page_id=3604"},"modified":"2025-09-03T13:03:18","modified_gmt":"2025-09-03T11:03:18","slug":"sense-nomina","status":"publish","type":"page","link":"https:\/\/www.avafin.es\/ca\/credits\/sense-nomina","title":{"rendered":"Cr\u00e8dits Sense N\u00f2mina"},"content":{"rendered":"<p>Encara que no percebeu un sou mensual d&#039;una empresa, amb Avafin tens la possibilitat d&#039;accedir als diners que necessites, ja que oferim <strong>cr\u00e8dits sense n\u00f2mina<\/strong> clients que reben un altre tipus d&#039;ingressos.&nbsp;<\/p>\n\n\n\n<p>A m\u00e9s, es tracta de <a href=\"https:\/\/www.avafin.es\/ca\/prestem\/urgents\/\" target=\"_blank\" rel=\"noreferrer noopener\"><strong>pr\u00e9stecs urgents<\/strong><\/a> que es demanen, concedeixen i ingressen en un termini de temps molt breu. Pren nota dels senzills requisits i <strong>sol\u00b7licita el teu pr\u00e9stec<\/strong>!&nbsp;<\/p>\n\n\n\n<h2 class=\"wp-block-heading\">Qu\u00e8 s\u00f3n els cr\u00e8dits sense n\u00f2mina?&nbsp;<\/h2>\n\n\n\n<p>Els cr\u00e8dits sense n\u00f2mina s\u00f3n una modalitat de <strong>pr\u00e9stec personal<\/strong> que s&#039;orienta a clients que <strong>no reben un salari<\/strong>, i per tant no ho poden posar com a garantia per a la sol\u00b7licitud de cr\u00e8dit.&nbsp;<\/p>\n\n\n\n<p>Aix\u00ed, un cr\u00e8dit sense n\u00f2mina seria un <strong>tipus de pr\u00e9stec<\/strong> que donaria resposta a les necessitats de persones de m\u00faltiples perfils, des d&#039;aquelles que en perceben d&#039;altres <strong>ingressos regulars<\/strong> de qualsevol \u00edndole (com per exemple prestacions), fins i tot aut\u00f2noms que tampoc reben un sou mensual, en dependre els seus ingressos del cobrament de factures.&nbsp;<\/p>\n\n\n\n<p>En general, les entitats financeres per concedir cr\u00e8dits sense n\u00f2mina exigeixen un altre tipus de garanties com els <strong>avals<\/strong>, ja siguin aportats pel beneficiari del pr\u00e9stec o per avalistes, que amb aix\u00f2 respondrien davant de qualsevol eventualitat d&#039;impagament.&nbsp;&nbsp;<\/p>\n\n\n\n<p>En qualsevol cas, aquesta via banc\u00e0ria sempre \u00e9s <strong>lenta <\/strong>i exigeix la realitzaci\u00f3 de molts tr\u00e0mits, llevat que es tracti de pr\u00e9stecs &#039;preconcedits&#039; reservats a perfils molt limitats de clients. <strong>targeta de cr\u00e8dit<\/strong>.&nbsp;<\/p>\n\n\n\n<p>En canvi, en financeres com <strong>AvaFin<\/strong> concedim <strong>cr\u00e8dits sense n\u00f2mina i sense avals<\/strong> a clients que acrediten <strong>altres ingressos regulars<\/strong>, que poden procedir duna prestaci\u00f3 de qualsevol tipus.&nbsp;<\/p>\n\n\n\n<p>A m\u00e9s, gestionem els <a href=\"https:\/\/www.avafin.es\/ca\/credits\/a-linstant\/\" target=\"_blank\" rel=\"noreferrer noopener\"><strong>cr\u00e8dits a l&#039;instant<\/strong><\/a> amb una <strong>tramitaci\u00f3 m\u00ednima<\/strong> que es fa al complet per la <strong>web<\/strong>!&nbsp;<\/p>\n\n\n\n<h2 class=\"wp-block-heading\">Caracter\u00edstiques dels cr\u00e8dits sense n\u00f2mina&nbsp;<\/h2>\n\n\n\n<p>Els cr\u00e8dits sense n\u00f2mina s\u00f3n un <strong>tipus de pr\u00e9stecs<\/strong> que es caracteritzen per orientar-se a una <strong>quantitat de diners<\/strong> <strong>petita<\/strong>, at\u00e8s que en no tenir com a garantia el suport d&#039;un salari suposen un risc m\u00e9s gran per a la financera prestadora.&nbsp;<\/p>\n\n\n\n<p>Si b\u00e9, a <strong>AvaFin <\/strong>pots obtenir <strong>cr\u00e8dits sense n\u00f2mina de fins a 300 euros<\/strong>, i fins i tot tindr\u00e0s loportunitat daccedir a una quantitat superior en possibles futurs pr\u00e9stecs.&nbsp;<\/p>\n\n\n\n<p>Una altra caracter\u00edstica distintiva d&#039;aquests cr\u00e8dits \u00e9s la seva <strong>termini de devoluci\u00f3<\/strong> <strong>curt<\/strong>, que \u00e9s consonant amb els formats de pr\u00e9stec orientats a quantitats de diners petites. Tot i que en el cas concret del nostre servei financer, la data de devoluci\u00f3 es pot estendre fins a <strong>30 dies<\/strong> a partir de la concessi\u00f3.&nbsp;<\/p>\n\n\n\n<p>Aix\u00ed mateix, els cr\u00e8dits sense n\u00f2mina tenen uns <strong>tipus d&#039;inter\u00e8s<\/strong> alts, a causa del<strong> risc<\/strong> que assumeix la financera que els concedeix. Tot i que s&#039;apliquin els tipus sobre <strong>imports redu\u00efts<\/strong>, \u00e9s molt important que abans de realitzar la teva sol\u00b7licitud puguis verificar quant hauries de tornar al final, com pots fer a la nostra plataforma amb el <strong>simulador de pr\u00e9stecs <\/strong>que tens a la teva disposici\u00f3.&nbsp;<\/p>\n\n\n\n<p>A m\u00e9s, a <strong>AvaFin <\/strong>tamb\u00e9 oferim als nostres clients l&#039;oportunitat de <strong>estalviar-se els tipus d&#039;inter\u00e8s<\/strong> dels dies que no esgoten quan tornen la seva <strong>cr\u00e8dit amb antelaci\u00f3<\/strong>.&nbsp;<\/p>\n\n\n\n<p>Aix\u00ed, per exemple, si sol\u00b7liciteu un cr\u00e8dit sense n\u00f2mina a tornar en un termini de 30 dies, que es compleix posem per cas un 28 d&#039;abril; si fas la devoluci\u00f3 el 20 dabril no haur\u00e0s de pagar els interessos corresponents dels set dies seg\u00fcents fins arribar a la data l\u00edmit inicial del 28 dabril.&nbsp;<\/p>\n\n\n\n<p>Un altre aspecte caracter\u00edstic dels nostres cr\u00e8dits sense n\u00f2mina \u00e9s la <strong>immediatesa en la gesti\u00f3<\/strong>, ja que proporcionem <strong>prestem r\u00e0pids<\/strong> que pots sol\u00b7licitar en molt pocs passos a la nostra plataforma. Som la soluci\u00f3 ideal si necessites <a href=\"https:\/\/www.avafin.es\/ca\/diners\/urgent\/\" target=\"_blank\" rel=\"noreferrer noopener\"><strong>diners urgents<\/strong><\/a>!&nbsp;<\/p>\n\n\n\n<h2 class=\"wp-block-heading\">Requisits dels cr\u00e8dits sense n\u00f2mina&nbsp;<\/h2>\n\n\n\n<p><strong>Entitats financeres<\/strong> com els bancs que <strong>ofereixen pr\u00e9stecs<\/strong> d&#039;aquesta mena, solen demanar per compensar l&#039;abs\u00e8ncia d&#039;una n\u00f2mina com a garantia <strong>altres requisits<\/strong> com<strong> <\/strong>els<strong> avals<\/strong>, ja sigui de qui sol\u00b7licita el cr\u00e8dit o d&#039;un cercle proper.&nbsp;&nbsp;<\/p>\n\n\n\n<p>No obstant aix\u00f2, a <strong>AvaFin<\/strong> pots <strong>sol\u00b7licitar un pr\u00e9stec sense n\u00f2mina<\/strong> ni avals si comptes amb altres <strong>ingressos regulars<\/strong>, entre els quals entraria una prestaci\u00f3 de qualsevol tipus. D&#039;altra banda, la resta de condicions que demanem tamb\u00e9 s\u00f3n molt senzilles de complir:&nbsp;<\/p>\n\n\n\n<ul class=\"wp-block-list\">\n<li>Ser m\u00e9s gran de 18 anys, residir legalment a Espanya i comptar amb DNI, NIE o passaport.&nbsp;<\/li>\n<\/ul>\n\n\n\n<ul class=\"wp-block-list\">\n<li>Tenir targeta de cr\u00e8dit o d\u00e8bit, aix\u00ed com un compte en l\u00ednia en un banc espanyol per poder realitzar-te la transfer\u00e8ncia.&nbsp;<\/li>\n<\/ul>\n\n\n\n<ul class=\"wp-block-list\">\n<li>Comptar amb n\u00famero de tel\u00e8fon per comunicar-te la concessi\u00f3.&nbsp;<\/li>\n<\/ul>\n\n\n\n<p>Una de les <strong>preguntes freq\u00fcents<\/strong> que ens fan \u00e9s si es poden concedir aquest tipus de <a href=\"https:\/\/www.avafin.es\/ca\/credits\/rapids-amb-asnef\/\" target=\"_blank\" rel=\"noreferrer noopener\"><strong>cr\u00e8dits r\u00e0pids amb Asnef<\/strong><\/a>, la resposta \u00e9s que <strong>s\u00ed<\/strong> en cas que es compleixin els requisits que tenim per a aquests pr\u00e9stecs. \u00a1\u00a1<strong>Informa&#039;t <\/strong>de quins s\u00f3n si figures al fitxer per algun impagament!&nbsp;<\/p>\n\n\n\n<h2 class=\"wp-block-heading\">On trobar els millors cr\u00e8dits sense n\u00f2mina i en l\u00ednia?&nbsp;<\/h2>\n\n\n\n<p>Si busques <strong>pr\u00e9stecs en l\u00ednia sense n\u00f2mina<\/strong>, AvaFin \u00e9s un referent per a aquest tipus de <strong>productes financers<\/strong>, a causa de la rapidesa en la gesti\u00f3, les facilitats que oferim per a la concessi\u00f3 i la transpar\u00e8ncia del nostre servei.&nbsp;<\/p>\n\n\n\n<p>A m\u00e9s, brindem <strong>cr\u00e8dits sense n\u00f2mina adaptables<\/strong> a les prefer\u00e8ncies personals quant a <strong>quantitats i terminis de devoluci\u00f3<\/strong>, dins uns l\u00edmits per a nous clients que anem ampliant en els successius pr\u00e9stecs que puguin contractar.&nbsp;&nbsp;<\/p>\n\n\n\n<p>Concedim <a href=\"https:\/\/www.avafin.es\/ca\/credits\/en-linia\/\" target=\"_blank\" rel=\"noreferrer noopener\"><strong>cr\u00e8dits en l\u00ednia<\/strong><\/a> <strong>assequibles<\/strong>,<strong> flexibles i instantanis<\/strong>!&nbsp;<\/p>\n\n\n\n<h2 class=\"wp-block-heading\">Coneix tots els avantatges dels cr\u00e8dits sense n\u00f2mina d&#039;AvaFin&nbsp;<\/h2>\n\n\n\n<p>A l&#039;hora de <strong>demanar un pr\u00e9stec<\/strong> sense n\u00f2mina amb <strong>AvaFin <\/strong>et beneficies de:&nbsp;<\/p>\n\n\n\n<ul class=\"wp-block-list\">\n<li>Oportunitat d&#039;accedir fins <strong>300 euros<\/strong> al teu <strong>primer cr\u00e8dit<\/strong>, posant com a garantia un altre <strong>tipus d&#039;ingressos<\/strong> que no siguin un salari, i sense tenir tampoc que aportar avals o comptar amb un avalador. Ens val que pots <strong>justificar<\/strong> que reps <strong>qualsevol prestaci\u00f3 mensual<\/strong>.&nbsp;<\/li>\n<\/ul>\n\n\n\n<ul class=\"wp-block-list\">\n<li><strong>Proc\u00e9s f\u00e0cil<\/strong> que es realitza tot en l\u00ednia amb uns quants passos en una plataforma web que funciona les <strong>24 hores<\/strong>, els 7 dies de la setmana i els 365 dies de l&#039;any. Perqu\u00e8 puguis sol\u00b7licitar el teu cr\u00e8dit sense n\u00f2mina amb total <strong>comoditat i privadesa<\/strong> al moment que vulguis.&nbsp;<\/li>\n<\/ul>\n\n\n\n<ul class=\"wp-block-list\">\n<li>Avaluaci\u00f3 immediata de la teva sol\u00b7licitud, a la qual respondrem en minuts, i <strong>ingr\u00e9s al moment dels diners<\/strong> nom\u00e9s aprovar-se la concessi\u00f3.&nbsp;<\/li>\n<\/ul>\n\n\n\n<ul class=\"wp-block-list\">\n<li><strong>Eines avan\u00e7ades<\/strong> que et permeten <strong>simular el teu pr\u00e9stec<\/strong>. Aix\u00ed, podr\u00e0s triar tant la quantitat econ\u00f2mica desitjada en una franja de <strong>50 a 300 euros <\/strong>(si ets nou client), com seleccionar un termini per <strong>tornar els diners<\/strong> extensible a <strong>30 dies<\/strong>. Autom\u00e0ticament es reflectiran els interessos, la petita comissi\u00f3 d&#039;obertura i el que \u00e9s m\u00e9s important: el <strong>total a pagar<\/strong>, perqu\u00e8 ho tinguis clar tot des del principi, amb la tranquil\u00b7litat de saber que no hi ha taxes ocultes ni cobraments addicionals de cap mena.&nbsp;<\/li>\n<\/ul>\n\n\n\n<ul class=\"wp-block-list\">\n<li><strong>Servei d&#039;atenci\u00f3 telef\u00f2nica<\/strong> per resoldre <strong>qualsevol dubte<\/strong> que tinguis, amb qu\u00e8 pots contactar en un ampli horari de mat\u00ed i de tarda en dies laborals i dissabtes.&nbsp;<\/li>\n<\/ul>\n\n\n\n<p>Obtingues la teva <strong>cr\u00e8dit sense n\u00f2mina ja mateix<\/strong>. Registra&#039;t, omple amb les teves dades un formulari simplificat i <strong>fes la teva sol\u00b7licitud<\/strong>. En res no rebr\u00e0s un <strong>correu electr\u00f2nic<\/strong> amb la resposta! Tens el <strong>diners<\/strong> que necessites a l&#039;abast de la m\u00e0!&nbsp;<\/p>\n\n\n\n<h2 class=\"wp-block-heading\">Altres pr\u00e9stecs relacionats amb els cr\u00e8dits sense n\u00f2mina&nbsp;<\/h2>\n\n\n\n<ul class=\"wp-block-list\">\n<li><a href=\"https:\/\/www.avafin.es\/ca\/prestem\/facils\/\" target=\"_blank\" rel=\"noreferrer noopener\"><strong>Pr\u00e9stecs f\u00e0cils<\/strong><\/a><\/li>\n\n\n\n<li><a href=\"https:\/\/www.avafin.es\/ca\/credits\/rapids-amb-asnef\/\" target=\"_blank\" rel=\"noreferrer noopener\"><strong>Cr\u00e8dits r\u00e0pids amb Asnef<\/strong><\/a><\/li>\n\n\n\n<li><a href=\"https:\/\/www.avafin.es\/ca\/credits\/rapids-sense-paperassa\/\" target=\"_blank\" rel=\"noreferrer noopener\"><strong>Cr\u00e8dits r\u00e0pids sense paperassa<\/strong><\/a><\/li>\n\n\n\n<li><a href=\"https:\/\/www.avafin.es\/ca\/prestem\/sense-papers\/\"><strong>Pr\u00e9stecs sense papers<\/strong><\/a><\/li>\n<\/ul>\n\n\n\n<div class=\"wp-block-group\"><div class=\"wp-block-group__inner-container is-layout-constrained wp-block-group-is-layout-constrained\">\n<h3 class=\"wp-block-heading has-text-align-center header-full-dots\"><span>Necessites un Cr\u00e8dit sense N\u00f2mina?<\/span><\/h3>\n\n\n\n<div class=\"wp-block-group\"><div class=\"wp-block-group__inner-container is-layout-constrained wp-block-group-is-layout-constrained\">\n<p class=\"has-text-align-center\">Obtingues-ho avui amb AvaFin<\/p>\n\n\n\n<div style=\"margin: auto;\" class=\"flex flex-res\">\n<a id=\"av-get-loan\" class=\"btn btn-cta btn-lg force-data-base-url\" href=\"https:\/\/portal.avafin.es\/wp-registerCreditosi\" style=\"display: inline-block; margin: auto\">Sol\u00b7licitar<\/a>\n<\/div>\n<\/div><\/div>\n<\/div><\/div>\n\n\n\n<h2 class=\"wp-block-heading\"><br><br><\/h2>","protected":false},"excerpt":{"rendered":"<p>Si busques cr\u00e8dits sense n\u00f2mina a la nostra plataforma els tens a l&#039;abast de la teva m\u00e0 Informa&#039;t sobre les condicions i obtingues el teu pr\u00e9stec r\u00e0pid online!<\/p>","protected":false},"author":19,"featured_media":0,"parent":3589,"menu_order":0,"comment_status":"closed","ping_status":"closed","template":"","meta":{"_acf_changed":false,"footnotes":""},"class_list":["post-3604","page","type-page","status-publish","hentry"],"acf":[],"yoast_head":"<!-- This site is optimized with the Yoast SEO plugin v26.4 - https:\/\/yoast.com\/wordpress\/plugins\/seo\/ -->\n<title>En AvaFin puedes conseguir Cr\u00e9ditos Sin N\u00f3mina 2026 | AvaFin Espa\u00f1a<\/title>\n<meta name=\"description\" content=\"Si buscas cr\u00e9ditos sin n\u00f3mina en nuestra plataforma los tienes al alcance de tu mano \u00a1Inf\u00f3rmate sobre las condiciones y obt\u00e9n tu pr\u00e9stamo r\u00e1pido online!\" \/>\n<meta name=\"robots\" content=\"index, follow, max-snippet:-1, max-image-preview:large, max-video-preview:-1\" \/>\n<link rel=\"canonical\" href=\"https:\/\/www.avafin.es\/ca\/credits\/sense-nomina\" \/>\n<meta property=\"og:locale\" content=\"ca_ES\" \/>\n<meta property=\"og:type\" content=\"article\" \/>\n<meta property=\"og:title\" content=\"En AvaFin puedes conseguir Cr\u00e9ditos Sin N\u00f3mina 2026 | AvaFin Espa\u00f1a\" \/>\n<meta property=\"og:description\" content=\"Si buscas cr\u00e9ditos sin n\u00f3mina en nuestra plataforma los tienes al alcance de tu mano \u00a1Inf\u00f3rmate sobre las condiciones y obt\u00e9n tu pr\u00e9stamo r\u00e1pido online!\" \/>\n<meta property=\"og:url\" content=\"https:\/\/www.avafin.es\/ca\/credits\/sense-nomina\" \/>\n<meta property=\"og:site_name\" content=\"AvaFin Espa\u00f1a\" \/>\n<meta property=\"article:modified_time\" content=\"2025-09-03T11:03:18+00:00\" \/>\n<meta name=\"twitter:card\" content=\"summary_large_image\" \/>\n<meta name=\"twitter:label1\" content=\"Est. reading time\" \/>\n\t<meta name=\"twitter:data1\" content=\"6 minuts\" \/>\n<script type=\"application\/ld+json\" class=\"yoast-schema-graph\">{\"@context\":\"https:\/\/schema.org\",\"@graph\":[{\"@type\":\"WebPage\",\"@id\":\"https:\/\/www.avafin.es\/ca\/credits\/sense-nomina\",\"url\":\"https:\/\/www.avafin.es\/ca\/credits\/sense-nomina\",\"name\":\"En AvaFin puedes conseguir Cr\u00e9ditos Sin N\u00f3mina 2026 | AvaFin Espa\u00f1a\",\"isPartOf\":{\"@id\":\"https:\/\/www.avafin.es\/ca\/#website\"},\"datePublished\":\"2024-07-11T09:33:38+00:00\",\"dateModified\":\"2025-09-03T11:03:18+00:00\",\"description\":\"Si buscas cr\u00e9ditos sin n\u00f3mina en nuestra plataforma los tienes al alcance de tu mano \u00a1Inf\u00f3rmate sobre las condiciones y obt\u00e9n tu pr\u00e9stamo r\u00e1pido online!\",\"breadcrumb\":{\"@id\":\"https:\/\/www.avafin.es\/ca\/credits\/sense-nomina#breadcrumb\"},\"inLanguage\":\"ca\",\"potentialAction\":[{\"@type\":\"ReadAction\",\"target\":[\"https:\/\/www.avafin.es\/ca\/credits\/sense-nomina\"]}]},{\"@type\":\"BreadcrumbList\",\"@id\":\"https:\/\/www.avafin.es\/ca\/credits\/sense-nomina#breadcrumb\",\"itemListElement\":[{\"@type\":\"ListItem\",\"position\":1,\"name\":\"Inicio\",\"item\":\"https:\/\/www.avafin.es\/\"},{\"@type\":\"ListItem\",\"position\":2,\"name\":\"Creditos\",\"item\":\"https:\/\/www.avafin.es\/creditos\"},{\"@type\":\"ListItem\",\"position\":3,\"name\":\"Cr\u00e9ditos Sin N\u00f3mina\"}]},{\"@type\":\"WebSite\",\"@id\":\"https:\/\/www.avafin.es\/ca\/#website\",\"url\":\"https:\/\/www.avafin.es\/ca\/\",\"name\":\"AvaFin Espa\u00f1a\",\"description\":\"\",\"potentialAction\":[{\"@type\":\"SearchAction\",\"target\":{\"@type\":\"EntryPoint\",\"urlTemplate\":\"https:\/\/www.avafin.es\/ca\/?s={search_term_string}\"},\"query-input\":{\"@type\":\"PropertyValueSpecification\",\"valueRequired\":true,\"valueName\":\"search_term_string\"}}],\"inLanguage\":\"ca\"}]}<\/script>\n<!-- \/ Yoast SEO plugin. -->","yoast_head_json":{"title":"A AvaFin pots aconseguir Cr\u00e8dits Sense N\u00f2mina 2026 | AvaFin Espanya","description":"Si busques cr\u00e8dits sense n\u00f2mina a la nostra plataforma els tens a l&#039;abast de la teva m\u00e0 Informa&#039;t sobre les condicions i obtingues el teu pr\u00e9stec r\u00e0pid online!","robots":{"index":"index","follow":"follow","max-snippet":"max-snippet:-1","max-image-preview":"max-image-preview:large","max-video-preview":"max-video-preview:-1"},"canonical":"https:\/\/www.avafin.es\/ca\/credits\/sense-nomina","og_locale":"ca_ES","og_type":"article","og_title":"En AvaFin puedes conseguir Cr\u00e9ditos Sin N\u00f3mina 2026 | AvaFin Espa\u00f1a","og_description":"Si buscas cr\u00e9ditos sin n\u00f3mina en nuestra plataforma los tienes al alcance de tu mano \u00a1Inf\u00f3rmate sobre las condiciones y obt\u00e9n tu pr\u00e9stamo r\u00e1pido online!","og_url":"https:\/\/www.avafin.es\/ca\/credits\/sense-nomina","og_site_name":"AvaFin Espa\u00f1a","article_modified_time":"2025-09-03T11:03:18+00:00","twitter_card":"summary_large_image","twitter_misc":{"Est. reading time":"6 minuts"},"schema":{"@context":"https:\/\/schema.org","@graph":[{"@type":"WebPage","@id":"https:\/\/www.avafin.es\/ca\/credits\/sense-nomina","url":"https:\/\/www.avafin.es\/ca\/credits\/sense-nomina","name":"A AvaFin pots aconseguir Cr\u00e8dits Sense N\u00f2mina 2026 | AvaFin Espanya","isPartOf":{"@id":"https:\/\/www.avafin.es\/ca\/#website"},"datePublished":"2024-07-11T09:33:38+00:00","dateModified":"2025-09-03T11:03:18+00:00","description":"Si busques cr\u00e8dits sense n\u00f2mina a la nostra plataforma els tens a l&#039;abast de la teva m\u00e0 Informa&#039;t sobre les condicions i obtingues el teu pr\u00e9stec r\u00e0pid online!","breadcrumb":{"@id":"https:\/\/www.avafin.es\/ca\/credits\/sense-nomina#breadcrumb"},"inLanguage":"ca","potentialAction":[{"@type":"ReadAction","target":["https:\/\/www.avafin.es\/ca\/credits\/sense-nomina"]}]},{"@type":"BreadcrumbList","@id":"https:\/\/www.avafin.es\/ca\/credits\/sense-nomina#breadcrumb","itemListElement":[{"@type":"ListItem","position":1,"name":"Inicio","item":"https:\/\/www.avafin.es\/"},{"@type":"ListItem","position":2,"name":"Creditos","item":"https:\/\/www.avafin.es\/creditos"},{"@type":"ListItem","position":3,"name":"Cr\u00e9ditos Sin N\u00f3mina"}]},{"@type":"WebSite","@id":"https:\/\/www.avafin.es\/ca\/#website","url":"https:\/\/www.avafin.es\/ca\/","name":"AvaFin Espanya","description":"","potentialAction":[{"@type":"SearchAction","target":{"@type":"EntryPoint","urlTemplate":"https:\/\/www.avafin.es\/ca\/?s={search_term_string}"},"query-input":{"@type":"PropertyValueSpecification","valueRequired":true,"valueName":"search_term_string"}}],"inLanguage":"ca"}]}},"_links":{"self":[{"href":"https:\/\/www.avafin.es\/ca\/wp-json\/wp\/v2\/pages\/3604","targetHints":{"allow":["GET"]}}],"collection":[{"href":"https:\/\/www.avafin.es\/ca\/wp-json\/wp\/v2\/pages"}],"about":[{"href":"https:\/\/www.avafin.es\/ca\/wp-json\/wp\/v2\/types\/page"}],"author":[{"embeddable":true,"href":"https:\/\/www.avafin.es\/ca\/wp-json\/wp\/v2\/users\/19"}],"replies":[{"embeddable":true,"href":"https:\/\/www.avafin.es\/ca\/wp-json\/wp\/v2\/comments?post=3604"}],"version-history":[{"count":0,"href":"https:\/\/www.avafin.es\/ca\/wp-json\/wp\/v2\/pages\/3604\/revisions"}],"up":[{"embeddable":true,"href":"https:\/\/www.avafin.es\/ca\/wp-json\/wp\/v2\/pages\/3589"}],"wp:attachment":[{"href":"https:\/\/www.avafin.es\/ca\/wp-json\/wp\/v2\/media?parent=3604"}],"curies":[{"name":"wp","href":"https:\/\/api.w.org\/{rel}","templated":true}]}}