{"id":3600,"date":"2024-07-11T09:30:04","date_gmt":"2024-07-11T09:30:04","guid":{"rendered":"https:\/\/avafines.wpenginepowered.com\/?page_id=3600"},"modified":"2025-09-03T13:04:07","modified_gmt":"2025-09-03T11:04:07","slug":"rapids-sense-paperassa","status":"publish","type":"page","link":"https:\/\/www.avafin.es\/ca\/credits\/rapids-sense-paperassa","title":{"rendered":"Cr\u00e8dits R\u00e0pids Sense Paperejos"},"content":{"rendered":"<p>T&#039;ha sorgit una despesa amb qu\u00e8 no comptaves o precises <strong>diners r\u00e0pids<\/strong> per qualsevol motiu? No us preocupeu perqu\u00e8 oferim un servei financer ideal per a tu, que et d\u00f3na l&#039;oportunitat d&#039;obtenir<strong> cr\u00e8dits r\u00e0pids sense paperassa<\/strong>.<\/p>\n\n\n\n<p>Hem desenvolupat <strong>eines tecnol\u00f2giques innovadores<\/strong> que faciliten als nostres clients fer les seves sol\u00b7licituds en molt pocs passos, amb la documentaci\u00f3 m\u00ednima essencial que a m\u00e9s es gestiona tota online.<\/p>\n\n\n\n<p>Concedim <a href=\"https:\/\/www.avafin.es\/ca\/credits\/a-linstant\/\"><strong>cr\u00e8dits a l&#039;instant<\/strong><\/a> sense haver de moure papers, fer tr\u00e0mits desesperants ni patir altres complicacions. \u00a1\u00a1<strong>Sol\u00b7licita<\/strong> el teu<strong> ja<\/strong>!<\/p>\n\n\n\n<h2 class=\"wp-block-heading\">Qu\u00e8 s\u00f3n els cr\u00e8dits r\u00e0pids sense paperassa?<\/h2>\n\n\n\n<p>Els cr\u00e8dits r\u00e0pids sense paperassa s\u00f3n un <strong>tipus de pr\u00e9stecs<\/strong> <strong>nous<\/strong> que es distingeixen per simplificar al m\u00e0xim el <strong>proc\u00e9s de sol\u00b7licitud<\/strong>.<\/p>\n\n\n\n<p>En reduir l&#039;aportaci\u00f3 documental necess\u00e0ria per accedir al pr\u00e9stec i permetre&#039;n la gesti\u00f3 completa via web tot resulta molt m\u00e9s <strong>f\u00e0cil<\/strong>, <strong>c\u00f2mode <\/strong>i <strong>r\u00e0pid<\/strong>.<\/p>\n\n\n\n<p>Aquest sistema innovador afavoreix particularment qui <strong>sol\u00b7licita pr\u00e9stecs <\/strong>per resoldre una <strong>urg\u00e8ncia econ\u00f2mica<\/strong>, ja que els cr\u00e8dits r\u00e0pids sense paperassa us eviten les <strong>esperes<\/strong>, despla\u00e7aments i altres inconvenients associats a la tramitaci\u00f3 d&#039;un pr\u00e9stec que requereix la gesti\u00f3 de <strong>papers f\u00edsics<\/strong> de tota mena.<\/p>\n\n\n\n<p>A <strong>AvaFin<\/strong> com <strong>companyia fintech<\/strong> especialitzada podem brindar als nostres clients tots els avantatges d&#039;un <strong>nou concepte<\/strong> de <a href=\"https:\/\/www.avafin.es\/ca\/prestem\/\"><strong>pr\u00e9stecs<\/strong><\/a>!<\/p>\n\n\n\n<h2 class=\"wp-block-heading\">Caracter\u00edstiques dels cr\u00e8dits r\u00e0pids sense paperassa<\/h2>\n\n\n\n<p>La principal caracter\u00edstica dels cr\u00e8dits r\u00e0pids sense paperassa \u00e9s la seva <strong>agilitat<\/strong>, que<strong> simplifica <\/strong>tant la seva sol\u00b7licitud com la seva concessi\u00f3, amb tot el que aix\u00f2 implica per a una persona que necessita diners de forma immediata per solucionar-ne una <strong>emerg\u00e8ncia<\/strong>.<\/p>\n\n\n\n<p>Aquesta capacitat per <strong>atendre amb urg\u00e8ncia<\/strong> la demanda de cr\u00e8dit \u00e9s possible gr\u00e0cies al sorgiment d&#039;una <strong>nova generaci\u00f3 de serveis financers<\/strong>, que aprofita les potencialitats de l&#039;ecosistema tecnol\u00f2gic i de l&#039;internet actual per portar m\u00e9s r\u00e0pid els fons que necessiten els clients que els necessiten, perqu\u00e8 en puguin disposar en el moment exacte que els requereixen.<\/p>\n\n\n\n<p>Un altre dels seus trets d&#039;identitat \u00e9s ser un <strong>producte financer<\/strong> que sol estar associat a <strong>quantitats econ\u00f2miques no gaire altes<\/strong> ja <strong>terminis de devoluci\u00f3<\/strong> tampoc massa estesos, at\u00e8s que en enfocar-se a una <strong>tramitaci\u00f3 r\u00e0pida online<\/strong> es prescindeix d&#039;exigir al beneficiari requisits que endarreririen el proc\u00e9s, com ara l&#039;aportaci\u00f3 documental de determinades garanties.<\/p>\n\n\n\n<p>Si b\u00e9, els nostres clients gaudeixen de la possibilitat de triar la quantitat que vulguin <strong>fins a 300 euros<\/strong> la primera vegada que ens sol\u00b7liciten cr\u00e8dits r\u00e0pids sense papers, i poden optar a <strong>quantitats majors<\/strong> en successives vegades. Mentre que com a termini per liquidar el pr\u00e9stec tindrien al principi fins i tot <strong>30 dies<\/strong>, susceptibles d&#039;ampliar-se igualment en properes sol\u00b7licituds.<\/p>\n\n\n\n<p>Com que es tracta d&#039;una modalitat de cr\u00e8dit instantani, porta aparellats uns <strong>tipus d&#039;inter\u00e8s<\/strong> m\u00e9s elevats. Encara que aquests <strong>no pugin gaire el total<\/strong> a pagar al final perqu\u00e8 repercuteixen sobre <strong>quanties econ\u00f2miques petites<\/strong> i s&#039;apliquen sobre un <strong>per\u00edode breu de temps<\/strong>, sempre resultar\u00e0 molt important que disposis de tota la informaci\u00f3 completa del que et suposarien abans de fer la teva sol\u00b7licitud.<\/p>\n\n\n\n<p>Al <strong>simulador de pr\u00e9stecs<\/strong> de <strong>AvaFin<\/strong> pots accedir a la totalitat de dades rellevants sobre el teu cr\u00e8dit r\u00e0pid sense paperassa abans de decidir-te, perqu\u00e8 s\u00e0pigues tant a la quantitat final a pagar com el desglossament.<\/p>\n\n\n\n<p>A m\u00e9s, al marge de la <strong>m\u00e0xima transpar\u00e8ncia<\/strong> tamb\u00e9 t&#039;oferim l&#039;oportunitat de <strong>estalviar-te els interessos<\/strong> corresponents als dies que no consumeixis, en cas que liquidis el teu pr\u00e9stec abans de la data prevista.<\/p>\n\n\n\n<p>T&#039;oferim <a href=\"https:\/\/www.avafin.es\/ca\/credits\/urgents-en-linia\/\"><strong>cr\u00e8dits urgents online<\/strong><\/a> sense paperassa en les millors condicions per a tu!<\/p>\n\n\n\n<h2 class=\"wp-block-heading\">On trobar els millors cr\u00e8dits r\u00e0pids sense paperassa i en l\u00ednia?<\/h2>\n\n\n\n<p>Els millors cr\u00e8dits r\u00e0pids sense paperassa sempre els trobar\u00e0s en financeres que s\u00f3n <strong>companyies fintech com AvaFin<\/strong>.<\/p>\n\n\n\n<p>Aportem uns serveis financers desenvolupats amb base a<strong> eines tecnol\u00f2giques avan\u00e7ades<\/strong>, que et permeten realitzar les teves sol\u00b7licituds en l\u00ednia i sense papers, evitant presentar documentaci\u00f3 en format f\u00edsic, per accelerar aix\u00ed la gesti\u00f3 i tenir la <strong>quantitat de diners<\/strong> que vols <strong>com m\u00e9s aviat millor<\/strong>.<\/p>\n\n\n\n<p>Comptem amb una plataforma molt <strong>intu\u00eftiva<\/strong>, que et facilita sol\u00b7licitar <strong>cr\u00e8dits r\u00e0pids sense papers<\/strong> en molt pocs passos, assegurant-te una bona experi\u00e8ncia d&#039;usuari perqu\u00e8 tot el proc\u00e9s et <strong>resulti senzill i c\u00f2mode<\/strong>.<\/p>\n\n\n\n<p>Les <strong>entitats financeres<\/strong> a l&#039;\u00fas, malgrat que puguin publicitar cr\u00e8dits en l\u00ednia simplificats, al final estan lligades a una s\u00e8rie de <strong>procediments <\/strong>que comporten <strong>paperassa<\/strong>, acreditacions, justificants\u2026 el que irremeiablement comporta m\u00faltiples gestions, <strong>burocr\u00e0cia <\/strong>i diverses visites a una <strong>oficina<\/strong>, amb les conseg\u00fcents <strong>mol\u00e8sties<\/strong>.<\/p>\n\n\n\n<p>A m\u00e9s, tret que es tracti de clients seus d&#039;un determinat perfil molt espec\u00edfic, una <strong>entitat financera<\/strong> tradicional sempre \u00e9s <strong>restrictiva <\/strong>en la concessi\u00f3 de cr\u00e8dit, i m\u00e9s si cal fer-ho de <strong>forma r\u00e0pida<\/strong>.<\/p>\n\n\n\n<p>En canvi, a <strong>AvaFin <\/strong>hem creat les eines i recursos tecnol\u00f2gics per poder oferir <strong>cr\u00e8dits r\u00e0pids sense papers<\/strong> amb totes les garanties d&#039;inclusivitat, seguretat i transpar\u00e8ncia, com b\u00e9 saben de primera m\u00e0 <strong>nombrosos clients<\/strong> de tota <strong>Espanya<\/strong>.<\/p>\n\n\n\n<p>Som una <strong>fintech <\/strong>de <strong>refer\u00e8ncia<\/strong> per a l&#039;obtenci\u00f3 de <a href=\"https:\/\/www.avafin.es\/ca\/credits\/en-linia\/\"><strong>cr\u00e8dits en l\u00ednia<\/strong><\/a>!<\/p>\n\n\n\n<h2 class=\"wp-block-heading\">Coneix tots els avantatges dels nostres cr\u00e8dits r\u00e0pids sense paperassa<\/h2>\n\n\n\n<p>La primera <strong>gran<\/strong> <strong>avantatge dels pr\u00e9stecs r\u00e0pids sense papers<\/strong> d&#039;AvaFin \u00e9s que es poden sol\u00b7licitar <strong>24\/7<\/strong> al nostre portal web, amb uns simples clics de ratol\u00ed o pulsacions a la pantalla del tel\u00e8fon intel\u00b7ligent.<\/p>\n\n\n\n<p>Nom\u00e9s haur\u00e0s de <strong>emplenar el formulari de sol\u00b7licitud<\/strong>,i triar la <strong>quantitat amb el termini de devoluci\u00f3<\/strong> que desitges. Recorda que per al teu primer cr\u00e8dit pots disposar de fins a 300 euros per tornar en 30 dies. L\u00edmits que s&#039;anirien ampliant en futurs pr\u00e9stecs r\u00e0pids en correspond\u00e8ncia a un bon <strong>historial creditici<\/strong> amb nosaltres.<\/p>\n\n\n\n<p>Amb el nostre servei els clients no sol\u00b7liciten cr\u00e8dits <strong>r\u00e0pid en l\u00ednia<\/strong> sense paperassa, sin\u00f3 que tamb\u00e9 es valoren les seves peticions amb la m\u00e0xima agilitat. Et <strong>respondrem en minuts<\/strong> i <strong>rebr\u00e0s els diners<\/strong> aix\u00ed que donem llum verda a la teva sol\u00b7licitud.<\/p>\n\n\n\n<p>\u00a1\u00a1<strong>Comprova-ho<\/strong> per tu mateix i accedeix a la quantitat que necessites sense esperes!<\/p>\n\n\n\n<h2 class=\"wp-block-heading\">Requisits dels cr\u00e8dits r\u00e0pids sense paperassa<\/h2>\n\n\n\n<p>Els nostres <strong>pr\u00e9stecs r\u00e0pids sense paperassa<\/strong> <strong>ni papers<\/strong> tan sols requereixen de l&#039;acreditaci\u00f3 documental via online de la teva identitat (DNI, NIE o passaport), i el justificant que reps un <strong>ingr\u00e9s<\/strong>, ja sigui una n\u00f2mina o una prestaci\u00f3 de qualsevol tipus.<\/p>\n\n\n\n<p><a><\/a> D&#039;altra banda, tan sols necessitem que disposis d&#039;una targeta de d\u00e8bit o cr\u00e8dit i un compte en l\u00ednia en un banc espanyol per fer-te la transfer\u00e8ncia, aix\u00ed com que ens donis un n\u00famero de <strong>tel\u00e8fon m\u00f2bil<\/strong> per comunicar-te la concessi\u00f3.<\/p>\n\n\n\n<p>Com pots comprovar els requisits s\u00f3n molt assequibles i gens excloents, ja que fins i tot podem aprovar <a href=\"https:\/\/www.avafin.es\/ca\/credits\/rapids-amb-asnef\/\"><strong>cr\u00e8dits r\u00e0pids amb Asnef<\/strong><\/a>sota determinades condicions.<\/p>\n\n\n\n<p>I una \u00faltima cosa, malgrat que evitem les paperassa i la documentaci\u00f3 que no resulti imprescindible en benefici de la rapidesa que necessiten els nostres clients, aix\u00f2 no \u00e9s obstacle per a l&#039;escrupolositat deguda, per aix\u00f2 <strong>rebr\u00e0s <\/strong>tant el <strong>contracte <\/strong>del teu pr\u00e9stec com la <strong>factura del servei<\/strong> conforme a la normativa. Documents que et farem arribar per <strong>correu electr\u00f2nic <\/strong>per esquivar els papers i tots els seus inconvenients, incloent-hi els mediambientals.<\/p>\n\n\n\n<p>\u00a1\u00a1<strong>Cuidem de cada detall<\/strong> per oferir-te els millors cr\u00e8dits r\u00e0pids sense paperassa!<\/p>\n\n\n\n<h2 class=\"wp-block-heading\">Altres pr\u00e9stecs relacionats amb els cr\u00e8dits r\u00e0pids sense paperassa<\/h2>\n\n\n\n<ul class=\"wp-block-list\">\n<li><a href=\"https:\/\/www.avafin.es\/ca\/credits\/urgents-en-linia\/\"><strong>Cr\u00e8dits urgents en l\u00ednia<\/strong><\/a><\/li>\n\n\n\n<li><a href=\"https:\/\/www.avafin.es\/ca\/prestem\/sense-papers\/\"><strong>Pr\u00e9stecs sense papers<\/strong><\/a><\/li>\n\n\n\n<li><a href=\"https:\/\/www.avafin.es\/ca\/prestem\/facils\/\"><strong>Pr\u00e9stecs f\u00e0cils<\/strong><\/a><\/li>\n\n\n\n<li><strong><a href=\"https:\/\/www.avafin.es\/ca\/diners\/urgent\/\"><strong>Diners urgents<\/strong><\/a><\/strong><\/li>\n<\/ul>\n\n\n\n<div class=\"wp-block-group\"><div class=\"wp-block-group__inner-container is-layout-constrained wp-block-group-is-layout-constrained\">\n<h3 class=\"wp-block-heading has-text-align-center header-full-dots\"><span>\u00bf Necessites un Cr\u00e8dit R\u00e0pid sense Paperejos?<\/span><\/h3>\n\n\n\n<div class=\"wp-block-group\"><div class=\"wp-block-group__inner-container is-layout-constrained wp-block-group-is-layout-constrained\">\n<p class=\"has-text-align-center\">Obtingues-ho avui amb AvaFin<\/p>\n\n\n\n<div style=\"margin: auto;\" class=\"flex flex-res\">\n<a id=\"av-get-loan\" class=\"btn btn-cta btn-lg force-data-base-url\" href=\"https:\/\/portal.avafin.es\/wp-registerCreditosi\" style=\"display: inline-block; margin: auto\">Sol\u00b7licitar<\/a>\n<\/div>\n<\/div><\/div>\n<\/div><\/div>","protected":false},"excerpt":{"rendered":"<p>i donem la possibilitat d&#039;obtenir cr\u00e8dits en l\u00ednia sense paperassa. Aconsegueix en pocs passos els diners que necessites a la plataforma d&#039;AvaFin!<\/p>","protected":false},"author":19,"featured_media":0,"parent":3589,"menu_order":0,"comment_status":"closed","ping_status":"closed","template":"","meta":{"_acf_changed":false,"footnotes":""},"class_list":["post-3600","page","type-page","status-publish","hentry"],"acf":[],"yoast_head":"<!-- This site is optimized with the Yoast SEO plugin v26.4 - https:\/\/yoast.com\/wordpress\/plugins\/seo\/ -->\n<title>Descubre nuestros Cr\u00e9ditos R\u00e1pidos Sin Papeleos 2026 | AvaFin Espa\u00f1a<\/title>\n<meta name=\"description\" content=\"Te damos la posibilidad de obtener cr\u00e9ditos online sin papeleos. \u00a1Consigue en pocos pasos el dinero que necesitas en la plataforma de AvaFin!\" \/>\n<meta name=\"robots\" content=\"index, follow, max-snippet:-1, max-image-preview:large, max-video-preview:-1\" \/>\n<link rel=\"canonical\" href=\"https:\/\/www.avafin.es\/ca\/credits\/rapids-sense-paperassa\" \/>\n<meta property=\"og:locale\" content=\"ca_ES\" \/>\n<meta property=\"og:type\" content=\"article\" \/>\n<meta property=\"og:title\" content=\"Descubre nuestros Cr\u00e9ditos R\u00e1pidos Sin Papeleos 2026 | AvaFin Espa\u00f1a\" \/>\n<meta property=\"og:description\" content=\"Te damos la posibilidad de obtener cr\u00e9ditos online sin papeleos. \u00a1Consigue en pocos pasos el dinero que necesitas en la plataforma de AvaFin!\" \/>\n<meta property=\"og:url\" content=\"https:\/\/www.avafin.es\/ca\/credits\/rapids-sense-paperassa\" \/>\n<meta property=\"og:site_name\" content=\"AvaFin Espa\u00f1a\" \/>\n<meta property=\"article:modified_time\" content=\"2025-09-03T11:04:07+00:00\" \/>\n<meta name=\"twitter:card\" content=\"summary_large_image\" \/>\n<meta name=\"twitter:label1\" content=\"Est. reading time\" \/>\n\t<meta name=\"twitter:data1\" content=\"11 minuts\" \/>\n<script type=\"application\/ld+json\" class=\"yoast-schema-graph\">{\"@context\":\"https:\/\/schema.org\",\"@graph\":[{\"@type\":\"WebPage\",\"@id\":\"https:\/\/www.avafin.es\/ca\/credits\/rapids-sense-paperassa\",\"url\":\"https:\/\/www.avafin.es\/ca\/credits\/rapids-sense-paperassa\",\"name\":\"Descubre nuestros Cr\u00e9ditos R\u00e1pidos Sin Papeleos 2026 | AvaFin Espa\u00f1a\",\"isPartOf\":{\"@id\":\"https:\/\/www.avafin.es\/ca\/#website\"},\"datePublished\":\"2024-07-11T09:30:04+00:00\",\"dateModified\":\"2025-09-03T11:04:07+00:00\",\"description\":\"Te damos la posibilidad de obtener cr\u00e9ditos online sin papeleos. \u00a1Consigue en pocos pasos el dinero que necesitas en la plataforma de AvaFin!\",\"breadcrumb\":{\"@id\":\"https:\/\/www.avafin.es\/ca\/credits\/rapids-sense-paperassa#breadcrumb\"},\"inLanguage\":\"ca\",\"potentialAction\":[{\"@type\":\"ReadAction\",\"target\":[\"https:\/\/www.avafin.es\/ca\/credits\/rapids-sense-paperassa\"]}]},{\"@type\":\"BreadcrumbList\",\"@id\":\"https:\/\/www.avafin.es\/ca\/credits\/rapids-sense-paperassa#breadcrumb\",\"itemListElement\":[{\"@type\":\"ListItem\",\"position\":1,\"name\":\"Inicio\",\"item\":\"https:\/\/www.avafin.es\/\"},{\"@type\":\"ListItem\",\"position\":2,\"name\":\"Creditos\",\"item\":\"https:\/\/www.avafin.es\/creditos\"},{\"@type\":\"ListItem\",\"position\":3,\"name\":\"Cr\u00e9ditos R\u00e1pidos Sin Papeleos\"}]},{\"@type\":\"WebSite\",\"@id\":\"https:\/\/www.avafin.es\/ca\/#website\",\"url\":\"https:\/\/www.avafin.es\/ca\/\",\"name\":\"AvaFin Espa\u00f1a\",\"description\":\"\",\"potentialAction\":[{\"@type\":\"SearchAction\",\"target\":{\"@type\":\"EntryPoint\",\"urlTemplate\":\"https:\/\/www.avafin.es\/ca\/?s={search_term_string}\"},\"query-input\":{\"@type\":\"PropertyValueSpecification\",\"valueRequired\":true,\"valueName\":\"search_term_string\"}}],\"inLanguage\":\"ca\"}]}<\/script>\n<!-- \/ Yoast SEO plugin. -->","yoast_head_json":{"title":"Descobreix els nostres Cr\u00e8dits R\u00e0pids Sense Paperejos 2026 | AvaFin Espanya","description":"Et donem la possibilitat d&#039;obtenir cr\u00e8dits en l\u00ednia sense paperassa. Aconsegueix en pocs passos els diners que necessites a la plataforma d&#039;AvaFin!","robots":{"index":"index","follow":"follow","max-snippet":"max-snippet:-1","max-image-preview":"max-image-preview:large","max-video-preview":"max-video-preview:-1"},"canonical":"https:\/\/www.avafin.es\/ca\/credits\/rapids-sense-paperassa","og_locale":"ca_ES","og_type":"article","og_title":"Descubre nuestros Cr\u00e9ditos R\u00e1pidos Sin Papeleos 2026 | AvaFin Espa\u00f1a","og_description":"Te damos la posibilidad de obtener cr\u00e9ditos online sin papeleos. \u00a1Consigue en pocos pasos el dinero que necesitas en la plataforma de AvaFin!","og_url":"https:\/\/www.avafin.es\/ca\/credits\/rapids-sense-paperassa","og_site_name":"AvaFin Espa\u00f1a","article_modified_time":"2025-09-03T11:04:07+00:00","twitter_card":"summary_large_image","twitter_misc":{"Est. reading time":"11 minuts"},"schema":{"@context":"https:\/\/schema.org","@graph":[{"@type":"WebPage","@id":"https:\/\/www.avafin.es\/ca\/credits\/rapids-sense-paperassa","url":"https:\/\/www.avafin.es\/ca\/credits\/rapids-sense-paperassa","name":"Descobreix els nostres Cr\u00e8dits R\u00e0pids Sense Paperejos 2026 | AvaFin Espanya","isPartOf":{"@id":"https:\/\/www.avafin.es\/ca\/#website"},"datePublished":"2024-07-11T09:30:04+00:00","dateModified":"2025-09-03T11:04:07+00:00","description":"Et donem la possibilitat d&#039;obtenir cr\u00e8dits en l\u00ednia sense paperassa. Aconsegueix en pocs passos els diners que necessites a la plataforma d&#039;AvaFin!","breadcrumb":{"@id":"https:\/\/www.avafin.es\/ca\/credits\/rapids-sense-paperassa#breadcrumb"},"inLanguage":"ca","potentialAction":[{"@type":"ReadAction","target":["https:\/\/www.avafin.es\/ca\/credits\/rapids-sense-paperassa"]}]},{"@type":"BreadcrumbList","@id":"https:\/\/www.avafin.es\/ca\/credits\/rapids-sense-paperassa#breadcrumb","itemListElement":[{"@type":"ListItem","position":1,"name":"Inicio","item":"https:\/\/www.avafin.es\/"},{"@type":"ListItem","position":2,"name":"Creditos","item":"https:\/\/www.avafin.es\/creditos"},{"@type":"ListItem","position":3,"name":"Cr\u00e9ditos R\u00e1pidos Sin Papeleos"}]},{"@type":"WebSite","@id":"https:\/\/www.avafin.es\/ca\/#website","url":"https:\/\/www.avafin.es\/ca\/","name":"AvaFin Espanya","description":"","potentialAction":[{"@type":"SearchAction","target":{"@type":"EntryPoint","urlTemplate":"https:\/\/www.avafin.es\/ca\/?s={search_term_string}"},"query-input":{"@type":"PropertyValueSpecification","valueRequired":true,"valueName":"search_term_string"}}],"inLanguage":"ca"}]}},"_links":{"self":[{"href":"https:\/\/www.avafin.es\/ca\/wp-json\/wp\/v2\/pages\/3600","targetHints":{"allow":["GET"]}}],"collection":[{"href":"https:\/\/www.avafin.es\/ca\/wp-json\/wp\/v2\/pages"}],"about":[{"href":"https:\/\/www.avafin.es\/ca\/wp-json\/wp\/v2\/types\/page"}],"author":[{"embeddable":true,"href":"https:\/\/www.avafin.es\/ca\/wp-json\/wp\/v2\/users\/19"}],"replies":[{"embeddable":true,"href":"https:\/\/www.avafin.es\/ca\/wp-json\/wp\/v2\/comments?post=3600"}],"version-history":[{"count":0,"href":"https:\/\/www.avafin.es\/ca\/wp-json\/wp\/v2\/pages\/3600\/revisions"}],"up":[{"embeddable":true,"href":"https:\/\/www.avafin.es\/ca\/wp-json\/wp\/v2\/pages\/3589"}],"wp:attachment":[{"href":"https:\/\/www.avafin.es\/ca\/wp-json\/wp\/v2\/media?parent=3600"}],"curies":[{"name":"wp","href":"https:\/\/api.w.org\/{rel}","templated":true}]}}