{"id":3582,"date":"2024-06-24T10:13:47","date_gmt":"2024-06-24T10:13:47","guid":{"rendered":"https:\/\/avafines.wpenginepowered.com\/?page_id=3582"},"modified":"2025-09-03T13:06:03","modified_gmt":"2025-09-03T11:06:03","slug":"prestamos-600-euros","status":"publish","type":"page","link":"https:\/\/www.avafin.es\/ca\/prestem\/600-euros","title":{"rendered":"Pr\u00e9stecs 600 euros"},"content":{"rendered":"<p>T&#039;agradaria saber si tens al teu abast <strong>pr\u00e9stecs de 600 euros<\/strong>? A <strong>AvaFin <\/strong>podem oferir cr\u00e8dits r\u00e0pids per aquest import a clients registrats que hagin demostrat la seva confian\u00e7a a l&#039;hora d&#039;utilitzar el nostre servei financer.&nbsp;<\/p>\n\n\n\n<p><strong>Podr\u00e0s obtenir<\/strong> un pr\u00e9stec o <strong>cr\u00e8dit de 600 <\/strong>euros com a premi al teu <strong>fidelitat <\/strong>i comprom\u00eds demostrats en tornar un anterior de menor quantitat. El proc\u00e9s \u00e9s molt r\u00e0pid, es fa tot <strong>en l\u00ednia<\/strong> i la concessi\u00f3 del <strong>diners<\/strong> \u00e9s immediata despr\u00e9s de verificar les condicions!&nbsp;<\/p>\n\n\n\n<h2 class=\"wp-block-heading\">Per qu\u00e8 demanar un pr\u00e9stec de 600 euros?&nbsp;<\/h2>\n\n\n\n<p>\u00abHe d&#039;afrontar una despesa imprevista i <strong>necessito un pr\u00e9stec<\/strong>\u00ab. Aquest raonament \u00e9s molt com\u00fa en temps com els actuals, pel simple motiu que per a gran nombre de persones \u00e9s molt dif\u00edcil assumir <strong>despeses imprevistes <\/strong>de certa import\u00e0ncia si no compten amb finan\u00e7ament.&nbsp;&nbsp;<\/p>\n\n\n\n<p>Parlem des que calgui canviar un frigor\u00edfic, una rentadora o qualsevol altre <strong>electrodom\u00e8stic<\/strong> essencial, fins a haver d&#039;afrontar la substituci\u00f3 d&#039;un <strong>ordinador o un port\u00e0til<\/strong>.&nbsp;<\/p>\n\n\n\n<p>Tamb\u00e9, es d\u00f3na el cas dels que busquen <strong>pr\u00e9stecs de 600 euros<\/strong> perqu\u00e8 necessiten <strong>anticipar una despesa<\/strong>, com per exemple reservar una escapada per <strong>vacances<\/strong>, per al que no compten amb fons en aquest moment, encara que s\u00ed que comptaran amb ells en les properes setmanes. De manera que aconseguir una bestreta els permet obtenir els diners a temps, i no quan s&#039;han esgotat les places disponibles o ja no tenen dies lliures.&nbsp;<\/p>\n\n\n\n<p>Els motius poden ser molts i molt variats, per\u00f2 a <strong>AvaFin <\/strong>no els preguntem als nostres clients que compleixen els requisits per rebre els pr\u00e9stecs de 600 euros, i fins i tot els <a href=\"https:\/\/www.avafin.es\/ca\/prestem\/1000-euros\/\" target=\"_blank\" rel=\"noreferrer noopener\"><strong>pr\u00e9stecs de 1.000 euros<\/strong><\/a> que tamb\u00e9 podem arribar a oferir.&nbsp;<\/p>\n\n\n\n<h2 class=\"wp-block-heading\">En qu\u00e8 puc fer servir els 600 euros?&nbsp;<\/h2>\n\n\n\n<p>Un <strong>pr\u00e9stec de 600 euros<\/strong> aporta la quantitat de diners requerida per solucionar avaries greus del<strong> cotxe<\/strong>, canviar els electrodom\u00e8stics m\u00e9s costosos de la llar la vida \u00fatil dels quals no es pugui prolongar; o tamb\u00e9 per instal\u00b7lar un <strong>aire condicionat<\/strong>.&nbsp;<\/p>\n\n\n\n<p>Aix\u00ed mateix, amb un pr\u00e9stec de 600 euros es pot pagar l&#039;estada, el transport i totes les despeses necess\u00e0ries per a una <strong>escapada <\/strong>en parella uns dies.&nbsp;<\/p>\n\n\n\n<p>Fins i tot <strong>600 euros<\/strong> \u00e9s una quantitat que d\u00f3na per aconseguir un<strong> smartphone<\/strong> de certa gamma, que vulguis obtenir en aquest moment ja sigui perqu\u00e8 l&#039;adquisici\u00f3 del dispositiu suposi una oportunitat \u00fanica per una <strong>promoci\u00f3<\/strong> que t\u00e9 els dies comptats, o perqu\u00e8 t&#039;hagis cansat de tel\u00e8fons dolents, que duren molt poc i et compensa comprar-ne un de millor que et durar\u00e0 m\u00e9s.&nbsp;<\/p>\n\n\n\n<p>En definitiva, es tracta d&#039;una <strong>quantia rellevant<\/strong>, de qu\u00e8 poden disposar els nostres clients sense justificar-se ni donar<strong> explicacions<\/strong>, sol\u00b7licitant els nostres <strong>cr\u00e8dits r\u00e0pids<\/strong> en l\u00ednia de forma c\u00f2moda, r\u00e0pida i senzilla. \u00a1\u00a1<strong>Informa&#039;t <\/strong>de com pots aconseguir el teu pr\u00e9stec de 600 euros!&nbsp;<\/p>\n\n\n\n<h2 class=\"wp-block-heading\">Tipus de pr\u00e9stecs de 600 euros&nbsp;<\/h2>\n\n\n\n<p>Aquest <strong>tipus de pr\u00e9stecs<\/strong> de 600 euros entrarien dins de la tipologia dels <a href=\"https:\/\/www.avafin.es\/ca\/prestem\/personals\/\" target=\"_blank\" rel=\"noreferrer noopener\"><strong>pr\u00e9stecs personals<\/strong><\/a>, que es concedeixen a particulars. Les <strong>entitats banc\u00e0ries<\/strong> <strong>ofereixen la possibilitat<\/strong> d&#039;obtenir-los sota el compliment de determinats criteris, que com sabem deixen fora moltes persones que no poden satisfer els requisits.&nbsp;<\/p>\n\n\n\n<p>A m\u00e9s, moltes vegades no es tracta de pr\u00e9stecs r\u00e0pids encara que es puguin publicitar com a tal, en aparellar paperassa, tr\u00e0mits, converses amb un gestor de l&#039;oficina que en el millor dels casos serien telef\u00f2niques\u2026&nbsp;<\/p>\n\n\n\n<p>Per aix\u00f2, emergeixen solucions com rec\u00f3rrer a financeres no banc\u00e0ries com la nostra, que <strong>ofereixen pr\u00e9stecs<\/strong> r\u00e0pids gr\u00e0cies a un <strong>sistema automatitzat<\/strong> que accelera tot el proc\u00e9s, perqu\u00e8 puguis comptar amb els teus diners en un termini molt breu.&nbsp;<\/p>\n\n\n\n<p>Som una <strong>fintech de refer\u00e8ncia<\/strong> que aplica la innovaci\u00f3 tecnol\u00f2gica als seus serveis financers per donar la millor resposta a les necessitats dels seus clients!&nbsp;&nbsp;<\/p>\n\n\n\n<p>A m\u00e9s, ens avala una <strong>\u00e0mplia traject\u00f2ria operant a Espanya<\/strong>, ja que hem proporcionat els diners que necessitaven a molt\u00edssimes persones que ens han sol\u00b7licitat <a href=\"https:\/\/www.avafin.es\/ca\/prestadors\/prestem-madrid\/\" target=\"_blank\" rel=\"noreferrer noopener\"><strong>pr\u00e9stecs a Madrid<\/strong><\/a>, Barcelona, Val\u00e8ncia i tots els llocs de la geografia nacional.&nbsp;<\/p>\n\n\n\n<h2 class=\"wp-block-heading\">En qu\u00e8 fixar-se en contractar un pr\u00e9stec de 600 euros&nbsp;<\/h2>\n\n\n\n<p>A l&#039;hora de contractar un pr\u00e9stec de 600 euros has de <strong>tenir en compte<\/strong>:&nbsp;<\/p>\n\n\n\n<ul class=\"wp-block-list\">\n<li><strong>Quan<\/strong> podr\u00e0s disposar dels diners que necessites, i si es tracta de pr\u00e9stecs <strong>r\u00e0pids en l\u00ednia<\/strong> que es gestionen i formalitzen sense necessitat de trucades ni de tr\u00e0mits presencials.&nbsp;&nbsp;<\/li>\n<\/ul>\n\n\n\n<ul class=\"wp-block-list\">\n<li>Els <strong>requisits <\/strong>que se sol\u00b7liciten per a pr\u00e9stecs de 600 euros, com ara n\u00f2mines, avals, etc.&nbsp;<\/li>\n<\/ul>\n\n\n\n<ul class=\"wp-block-list\">\n<li>Les condicions quant a <strong>tipus d&#039;inter\u00e8s<\/strong> i <strong>comissions aplicades<\/strong>. Els primers en els <strong>pr\u00e9stecs r\u00e0pids<\/strong> solen ser m\u00e9s alts, per aix\u00f2 i per evitar sorpreses desagradables amb cobraments ocults sempre \u00e9s important que t&#039;ofereixin la m\u00e0xima<strong> claredat<\/strong>.&nbsp;&nbsp;&nbsp;<\/li>\n<\/ul>\n\n\n\n<ul class=\"wp-block-list\">\n<li>Tamb\u00e9 \u00e9s important tenir informaci\u00f3 n\u00edtida sobre <strong>terminis de devoluci\u00f3<\/strong>, aix\u00ed com si aquests resulten extensibles i la implicaci\u00f3 de prolongar-los.&nbsp;<\/li>\n<\/ul>\n\n\n\n<h2 class=\"wp-block-heading\">Avantatges de contractar-nos el teu pr\u00e9stec de 600 euros&nbsp;<\/h2>\n\n\n\n<p>Els usuaris registrats a la nostra plataforma poden <strong>sol\u00b7licitar un pr\u00e9stec <\/strong>de <strong>600 euros<\/strong> en uns quants passos, beneficiant-se de les seg\u00fcents<strong> avantatges<\/strong>:&nbsp;&nbsp;<\/p>\n\n\n\n<ul class=\"wp-block-list\">\n<li><strong>Gesti\u00f3 en l\u00ednia<\/strong> de tot el proc\u00e9s, per obtenir el pr\u00e9stec en q\u00fcesti\u00f3 de minuts un cop aprovada la sol\u00b7licitud.&nbsp;<\/li>\n<\/ul>\n\n\n\n<ul class=\"wp-block-list\">\n<li><strong>Requisits clars i f\u00e0cils de complir<\/strong>, ja que no s\u00f3n necessaris avals, i ni tan sols n\u00f2mina, en poder valer altres ingressos peri\u00f2dics, com ara els d&#039;una prestaci\u00f3.&nbsp;<\/li>\n<\/ul>\n\n\n\n<ul class=\"wp-block-list\">\n<li><strong>M\u00e0xima transpar\u00e8ncia<\/strong> quant a condicions, ja que disposem d&#039;un <strong>simulador<\/strong> que detalla els tipus d&#039;inter\u00e8s aplicats i <strong>els terminis de devoluci\u00f3<\/strong> per a la quantitat de diners triats, ja sigui 600 euros o qualsevol altre import.&nbsp;<\/li>\n<\/ul>\n\n\n\n<ul class=\"wp-block-list\">\n<li>Possibilitat de sol\u00b7licitar <strong>pr\u00e9stecs de manera autom\u00e0tica 24\/7<\/strong> des del teu <strong>pr\u00f2pia \u00e0rea de client<\/strong> dins de la nostra plataforma. A m\u00e9s, des d&#039;aqu\u00ed tamb\u00e9 podeu gestionar tot all\u00f2 relatiu al pr\u00e9stec, des de la forma de pagament escollida fins a la possibilitat d&#039;estendre els terminis de devoluci\u00f3, una opci\u00f3 que est\u00e0 disponible sota certes condicions i que comporta un rec\u00e0rrec en els interessos. En cas contrari, si liquidessis el pr\u00e9stec al <strong>tornar els diners<\/strong> abans de la data acordada et <strong>estalviaries els interessos<\/strong> corresponents als <strong>dies no esgotats<\/strong>.&nbsp;<\/li>\n<\/ul>\n\n\n\n<ul class=\"wp-block-list\">\n<li>Oportunitat d&#039;accedir a un <strong>servei d&#039;atenci\u00f3 telef\u00f2nica<\/strong>, que est\u00e0 operatiu en un ampli horari per resoldre qualsevol dubte a linstant.&nbsp;<\/li>\n<\/ul>\n\n\n\n<p>Beneficia&#039;t de tots els avantatges d&#039;una financera especialitzada en <a href=\"https:\/\/www.avafin.es\/ca\/prestem\/rapids\/\" target=\"_blank\" rel=\"noreferrer noopener\"><strong>pr\u00e9stecs r\u00e0pids<\/strong><\/a> com la nostra! Tens la teva <strong>pr\u00e9stec de 600 euros a l&#039;abast de la m\u00e0<\/strong>!&nbsp;<\/p>\n\n\n\n<h2 class=\"wp-block-heading\">Requisits per demanar un pr\u00e9stec de 600 euros&nbsp;<\/h2>\n\n\n\n<p>Des de <strong>AvaFin <\/strong>podem <strong>oferir pr\u00e9stecs r\u00e0pids<\/strong> de <strong>600 euros<\/strong> a clients registrats que ja ens hagin sol\u00b7licitat un cr\u00e8dit de menor import amb anterioritat.&nbsp;<\/p>\n\n\n\n<p>Si l&#039;anterior pr\u00e9stec r\u00e0pid va ser tornat sense problema, s&#039;obre l&#039;acc\u00e9s al cr\u00e8dit de quantitats superiors de diners, com poden ser els <strong>pr\u00e9stecs de 600 euros<\/strong>.&nbsp;<\/p>\n\n\n\n<p>Els <strong>requisits <\/strong>per obtenir un <strong>primer pr\u00e9stec r\u00e0pid<\/strong> d&#039;entre 50 i 300 euros s\u00f3n molt senzills, en tenir prou amb tenir DNI, NIE o passaport, disposar d&#039;una targeta de d\u00e8bit o cr\u00e8dit en un banc espanyol, tenir compte bancari online (per fer-te la transfer\u00e8ncia), tel\u00e8fon m\u00f2bil (per comunicar-nos amb tu) i demostrar uns m\u00ednims <strong>ingressos estables<\/strong>, ja sigui una<strong> n\u00f2mina <\/strong>o <strong>prestaci\u00f3<\/strong>&nbsp;<\/p>\n\n\n\n<h2 class=\"wp-block-heading\">Documentaci\u00f3 per a un pr\u00e9stec de 600 euros&nbsp;<\/h2>\n\n\n\n<p>Els clients registrats a la nostra plataforma que sol\u00b7liciten pr\u00e9stecs de 600 euros amb prou feines han de presentar documentaci\u00f3, at\u00e8s que nom\u00e9s haurien de <strong>validar<\/strong> la que ja han utilitzat amb anterioritat.&nbsp;<\/p>\n\n\n\n<p>Per contractar un pr\u00e9stec o cr\u00e8dit per primera vegada, la documentaci\u00f3 tamb\u00e9 \u00e9s molt redu\u00efda (acreditaci\u00f3 didentitat i justificant dingressos), ia m\u00e9s es <strong>gestiona via web<\/strong> en uns passos molt senzills.&nbsp;<\/p>\n\n\n\n<p>Ens distingim per <strong>minimitzar i agilitzar els tr\u00e0mits documentals<\/strong>, amb un servei online que els redueix als essencials imprescindibles, com \u00e9s el cas del <strong>contracte <\/strong>del cr\u00e8dit o pr\u00e9stec de conformitat amb la legislaci\u00f3 vigent, i la corresponent <strong>factura <\/strong>que fem arribar per <strong>correu electr\u00f2nic<\/strong>.&nbsp;<\/p>\n\n\n\n<p>Tenim un servei financer a mida perqu\u00e8 aconsegueixis el <a href=\"https:\/\/www.avafin.es\/ca\/diners\/rapid\/\" target=\"_blank\" rel=\"noreferrer noopener\"><strong>diners r\u00e0pids<\/strong><\/a>!&nbsp;<\/p>\n\n\n\n<p><strong>Altres pr\u00e9stecs relacionats amb els pr\u00e9stecs de 600\u20ac<\/strong>&nbsp;<\/p>\n\n\n\n<ul class=\"wp-block-list\">\n<li><a href=\"https:\/\/www.avafin.es\/ca\/prestem\/300-euros\/\" target=\"_blank\" rel=\"noreferrer noopener\"><strong>Pr\u00e9stec 300 euros<\/strong><\/a><\/li>\n\n\n\n<li><a href=\"https:\/\/www.avafin.es\/ca\/prestem\/1000-euros\/\" target=\"_blank\" rel=\"noreferrer noopener\"><strong>Pr\u00e9stecs 1.000 euros<\/strong><\/a><\/li>\n\n\n\n<li><a href=\"https:\/\/www.avafin.es\/ca\/prestem\/facils\/\" target=\"_blank\" rel=\"noreferrer noopener\"><strong>Pr\u00e9stecs f\u00e0cils<\/strong><\/a>&nbsp;<\/li>\n\n\n\n<li><a href=\"https:\/\/www.avafin.es\/ca\/prestem\/rapids\/\" target=\"_blank\" rel=\"noreferrer noopener\"><strong>Pr\u00e9stecs r\u00e0pids<\/strong><\/a><\/li>\n<\/ul>\n\n\n\n<div class=\"wp-block-group\"><div class=\"wp-block-group__inner-container is-layout-constrained wp-block-group-is-layout-constrained\">\n<h3 class=\"wp-block-heading has-text-align-center header-full-dots\"><span>\u00bf Necessites un Pr\u00e9stec de 600 euros?<\/span><\/h3>\n\n\n\n<div class=\"wp-block-group\"><div class=\"wp-block-group__inner-container is-layout-constrained wp-block-group-is-layout-constrained\">\n<p class=\"has-text-align-center\">Obtingues-ho avui amb AvaFin<\/p>\n\n\n\n<div style=\"margin: auto;\" class=\"flex flex-res\">\n<a id=\"av-get-loan\" class=\"btn btn-cta btn-lg force-data-base-url\" href=\"https:\/\/portal.avafin.es\/wp-registerCreditosi\" style=\"display: inline-block; margin: auto\">Sol\u00b7licitar<\/a>\n<\/div>\n<\/div><\/div>\n<\/div><\/div>","protected":false},"excerpt":{"rendered":"<p>Els nostres clients tenen la possibilitat d&#039;accedir a pr\u00e9stecs de 600 euros, i fins i tot de m\u00e9s quantitats. Informa&#039;t de les condicions i aconsegueix el teu!<\/p>","protected":false},"author":19,"featured_media":0,"parent":3527,"menu_order":0,"comment_status":"closed","ping_status":"closed","template":"","meta":{"_acf_changed":false,"footnotes":""},"class_list":["post-3582","page","type-page","status-publish","hentry"],"acf":[],"yoast_head":"<!-- This site is optimized with the Yoast SEO plugin v26.4 - https:\/\/yoast.com\/wordpress\/plugins\/seo\/ -->\n<title>Consigue Pr\u00e9stamos de 600 euros 2026 | AvaFin Espa\u00f1a<\/title>\n<meta name=\"description\" content=\"Nuestros clientes tienen la posibilidad de acceder a pr\u00e9stamos de 600 euros, e incluso de mayores cantidades. \u00a1Inf\u00f3rmate de las condiciones y obt\u00e9n el tuyo!\" \/>\n<meta name=\"robots\" content=\"index, follow, max-snippet:-1, max-image-preview:large, max-video-preview:-1\" \/>\n<link rel=\"canonical\" href=\"https:\/\/www.avafin.es\/ca\/prestem\/600-euros\" \/>\n<meta property=\"og:locale\" content=\"ca_ES\" \/>\n<meta property=\"og:type\" content=\"article\" \/>\n<meta property=\"og:title\" content=\"Consigue Pr\u00e9stamos de 600 euros 2026 | AvaFin Espa\u00f1a\" \/>\n<meta property=\"og:description\" content=\"Nuestros clientes tienen la posibilidad de acceder a pr\u00e9stamos de 600 euros, e incluso de mayores cantidades. \u00a1Inf\u00f3rmate de las condiciones y obt\u00e9n el tuyo!\" \/>\n<meta property=\"og:url\" content=\"https:\/\/www.avafin.es\/ca\/prestem\/600-euros\" \/>\n<meta property=\"og:site_name\" content=\"AvaFin Espa\u00f1a\" \/>\n<meta property=\"article:modified_time\" content=\"2025-09-03T11:06:03+00:00\" \/>\n<meta name=\"twitter:card\" content=\"summary_large_image\" \/>\n<meta name=\"twitter:label1\" content=\"Est. reading time\" \/>\n\t<meta name=\"twitter:data1\" content=\"12 minuts\" \/>\n<script type=\"application\/ld+json\" class=\"yoast-schema-graph\">{\"@context\":\"https:\/\/schema.org\",\"@graph\":[{\"@type\":\"WebPage\",\"@id\":\"https:\/\/www.avafin.es\/ca\/prestem\/600-euros\",\"url\":\"https:\/\/www.avafin.es\/ca\/prestem\/600-euros\",\"name\":\"Consigue Pr\u00e9stamos de 600 euros 2026 | AvaFin Espa\u00f1a\",\"isPartOf\":{\"@id\":\"https:\/\/www.avafin.es\/ca\/#website\"},\"datePublished\":\"2024-06-24T10:13:47+00:00\",\"dateModified\":\"2025-09-03T11:06:03+00:00\",\"description\":\"Nuestros clientes tienen la posibilidad de acceder a pr\u00e9stamos de 600 euros, e incluso de mayores cantidades. \u00a1Inf\u00f3rmate de las condiciones y obt\u00e9n el tuyo!\",\"breadcrumb\":{\"@id\":\"https:\/\/www.avafin.es\/ca\/prestem\/600-euros#breadcrumb\"},\"inLanguage\":\"ca\",\"potentialAction\":[{\"@type\":\"ReadAction\",\"target\":[\"https:\/\/www.avafin.es\/ca\/prestem\/600-euros\"]}]},{\"@type\":\"BreadcrumbList\",\"@id\":\"https:\/\/www.avafin.es\/ca\/prestem\/600-euros#breadcrumb\",\"itemListElement\":[{\"@type\":\"ListItem\",\"position\":1,\"name\":\"Inicio\",\"item\":\"https:\/\/www.avafin.es\/\"},{\"@type\":\"ListItem\",\"position\":2,\"name\":\"Pr\u00e9stamos AvaFin\",\"item\":\"https:\/\/www.avafin.es\/prestamos\"},{\"@type\":\"ListItem\",\"position\":3,\"name\":\"Pr\u00e9stamos 600 euros\"}]},{\"@type\":\"WebSite\",\"@id\":\"https:\/\/www.avafin.es\/ca\/#website\",\"url\":\"https:\/\/www.avafin.es\/ca\/\",\"name\":\"AvaFin Espa\u00f1a\",\"description\":\"\",\"potentialAction\":[{\"@type\":\"SearchAction\",\"target\":{\"@type\":\"EntryPoint\",\"urlTemplate\":\"https:\/\/www.avafin.es\/ca\/?s={search_term_string}\"},\"query-input\":{\"@type\":\"PropertyValueSpecification\",\"valueRequired\":true,\"valueName\":\"search_term_string\"}}],\"inLanguage\":\"ca\"}]}<\/script>\n<!-- \/ Yoast SEO plugin. -->","yoast_head_json":{"title":"Aconsegueix Pr\u00e9stecs de 600 euros 2026 | AvaFin Espanya","description":"Els nostres clients tenen la possibilitat d&#039;accedir a pr\u00e9stecs de 600 euros, i fins i tot de m\u00e9s quantitats. Informa&#039;t de les condicions i aconsegueix el teu!","robots":{"index":"index","follow":"follow","max-snippet":"max-snippet:-1","max-image-preview":"max-image-preview:large","max-video-preview":"max-video-preview:-1"},"canonical":"https:\/\/www.avafin.es\/ca\/prestem\/600-euros","og_locale":"ca_ES","og_type":"article","og_title":"Consigue Pr\u00e9stamos de 600 euros 2026 | AvaFin Espa\u00f1a","og_description":"Nuestros clientes tienen la posibilidad de acceder a pr\u00e9stamos de 600 euros, e incluso de mayores cantidades. \u00a1Inf\u00f3rmate de las condiciones y obt\u00e9n el tuyo!","og_url":"https:\/\/www.avafin.es\/ca\/prestem\/600-euros","og_site_name":"AvaFin Espa\u00f1a","article_modified_time":"2025-09-03T11:06:03+00:00","twitter_card":"summary_large_image","twitter_misc":{"Est. reading time":"12 minuts"},"schema":{"@context":"https:\/\/schema.org","@graph":[{"@type":"WebPage","@id":"https:\/\/www.avafin.es\/ca\/prestem\/600-euros","url":"https:\/\/www.avafin.es\/ca\/prestem\/600-euros","name":"Aconsegueix Pr\u00e9stecs de 600 euros 2026 | AvaFin Espanya","isPartOf":{"@id":"https:\/\/www.avafin.es\/ca\/#website"},"datePublished":"2024-06-24T10:13:47+00:00","dateModified":"2025-09-03T11:06:03+00:00","description":"Els nostres clients tenen la possibilitat d&#039;accedir a pr\u00e9stecs de 600 euros, i fins i tot de m\u00e9s quantitats. Informa&#039;t de les condicions i aconsegueix el teu!","breadcrumb":{"@id":"https:\/\/www.avafin.es\/ca\/prestem\/600-euros#breadcrumb"},"inLanguage":"ca","potentialAction":[{"@type":"ReadAction","target":["https:\/\/www.avafin.es\/ca\/prestem\/600-euros"]}]},{"@type":"BreadcrumbList","@id":"https:\/\/www.avafin.es\/ca\/prestem\/600-euros#breadcrumb","itemListElement":[{"@type":"ListItem","position":1,"name":"Inicio","item":"https:\/\/www.avafin.es\/"},{"@type":"ListItem","position":2,"name":"Pr\u00e9stamos AvaFin","item":"https:\/\/www.avafin.es\/prestamos"},{"@type":"ListItem","position":3,"name":"Pr\u00e9stamos 600 euros"}]},{"@type":"WebSite","@id":"https:\/\/www.avafin.es\/ca\/#website","url":"https:\/\/www.avafin.es\/ca\/","name":"AvaFin Espanya","description":"","potentialAction":[{"@type":"SearchAction","target":{"@type":"EntryPoint","urlTemplate":"https:\/\/www.avafin.es\/ca\/?s={search_term_string}"},"query-input":{"@type":"PropertyValueSpecification","valueRequired":true,"valueName":"search_term_string"}}],"inLanguage":"ca"}]}},"_links":{"self":[{"href":"https:\/\/www.avafin.es\/ca\/wp-json\/wp\/v2\/pages\/3582","targetHints":{"allow":["GET"]}}],"collection":[{"href":"https:\/\/www.avafin.es\/ca\/wp-json\/wp\/v2\/pages"}],"about":[{"href":"https:\/\/www.avafin.es\/ca\/wp-json\/wp\/v2\/types\/page"}],"author":[{"embeddable":true,"href":"https:\/\/www.avafin.es\/ca\/wp-json\/wp\/v2\/users\/19"}],"replies":[{"embeddable":true,"href":"https:\/\/www.avafin.es\/ca\/wp-json\/wp\/v2\/comments?post=3582"}],"version-history":[{"count":0,"href":"https:\/\/www.avafin.es\/ca\/wp-json\/wp\/v2\/pages\/3582\/revisions"}],"up":[{"embeddable":true,"href":"https:\/\/www.avafin.es\/ca\/wp-json\/wp\/v2\/pages\/3527"}],"wp:attachment":[{"href":"https:\/\/www.avafin.es\/ca\/wp-json\/wp\/v2\/media?parent=3582"}],"curies":[{"name":"wp","href":"https:\/\/api.w.org\/{rel}","templated":true}]}}