{"id":3568,"date":"2024-06-24T10:09:41","date_gmt":"2024-06-24T10:09:41","guid":{"rendered":"https:\/\/avafines.wpenginepowered.com\/?page_id=3568"},"modified":"2025-09-03T13:11:17","modified_gmt":"2025-09-03T11:11:17","slug":"sense-aval","status":"publish","type":"page","link":"https:\/\/www.avafin.es\/ca\/prestem\/sense-aval","title":{"rendered":"Pr\u00e9stecs Sense Aval"},"content":{"rendered":"<p>A la nostra plataforma concedim <strong>pr\u00e9stecs sense aval<\/strong>, de manera que no haur\u00e0s de posar els teus b\u00e9ns com a garantia, ni comptar amb un avalador i ni tan sols haur\u00e0s d&#039;acreditar una n\u00f2mina obligat\u00f2riament.&nbsp;<\/p>\n\n\n\n<p>Demana la teva <strong>pr\u00e9stec r\u00e0pid en l\u00ednia sense aval<\/strong> i aconsegueix el teu <a href=\"https:\/\/www.avafin.es\/ca\/diners\/ja\/\" target=\"_blank\" rel=\"noreferrer noopener\"><strong>diners ja<\/strong><\/a>!&nbsp;<\/p>\n\n\n\n<h2 class=\"wp-block-heading\">Qu\u00e8 s\u00f3n els pr\u00e9stecs sense aval?&nbsp;<\/h2>\n\n\n\n<p>Els pr\u00e9stecs o <strong>cr\u00e8dits sense aval<\/strong> es distingeixen per no requerir-ne una <strong>garantia <\/strong>al prestatari que va a <strong>tornar el pr\u00e9stec. <\/strong>Aix\u00ed, la persona que rep els diners no ha de respondre amb els seus b\u00e9ns o patrimoni davant la responsabilitat econ\u00f2mica contreta, ni tampoc necessitaria un avalador que ho fes.&nbsp;<\/p>\n\n\n\n<h2 class=\"wp-block-heading\">Qu\u00e8 \u00e9s un aval?&nbsp;<\/h2>\n\n\n\n<p>L&#039;aval \u00e9s la garantia que els bancs solen exigir a l&#039;hora de <strong>sol\u00b7licitar un pr\u00e9stec<\/strong>. En funci\u00f3 de com sigui aquest, <strong>poden reclamar<\/strong>:&nbsp;<\/p>\n\n\n\n<ul class=\"wp-block-list\">\n<li><strong>Aval personal<\/strong>: amb qu\u00e8 <strong>una altra persona<\/strong> respon amb els seus b\u00e9ns o el patrimoni de l&#039;obligaci\u00f3 contreta pel beneficiari del pr\u00e9stec.&nbsp;<\/li>\n<\/ul>\n\n\n\n<ul class=\"wp-block-list\">\n<li><strong>Aval d&#039;habitatge<\/strong>: en aquest cas s&#039;utilitza una propietat immobili\u00e0ria com a garantia.&nbsp;<\/li>\n<\/ul>\n\n\n\n<ul class=\"wp-block-list\">\n<li><strong>Aval d&#039;altres b\u00e9ns<\/strong>: com per exemple un cotxe, amb el qual es quedarien les <strong>entitats financeres<\/strong> en cas d&#039;impagament.&nbsp;<\/li>\n<\/ul>\n\n\n\n<ul class=\"wp-block-list\">\n<li><strong>Aval bancari<\/strong>: en aquest cas \u00e9s un banc el que es compromet a afrontar el deute si el prestatari no ho fa. Per\u00f2 per aquest servei cobren <strong>comissions elevades<\/strong>, que se sumarien a la <strong>quota mensual<\/strong> que tinguis establerta per a la devoluci\u00f3 del pr\u00e9stec i els seus interessos corresponents.&nbsp;<\/li>\n<\/ul>\n\n\n\n<ul class=\"wp-block-list\">\n<li><strong>Aval de n\u00f2mina<\/strong>: aquesta seria la<strong> garantia m\u00ednima <\/strong>que reclamar\u00e0 un banc per concedir un pr\u00e9stec. Nom\u00e9s es conformen \u00fanicament amb ella quan es tracta de pr\u00e9stecs personals de molt <strong>baixa quantia<\/strong>, i normalment tamb\u00e9 exigeixen que la n\u00f2mina estigui <strong>domiciliada<\/strong> a l&#039;entitat.&nbsp;<\/li>\n<\/ul>\n\n\n\n<h2 class=\"wp-block-heading\">Dificultats per accedir a pr\u00e9stecs sense aval&nbsp;<\/h2>\n\n\n\n<p><strong>Accedir a un pr\u00e9stec<\/strong> <strong>sense aval<\/strong> d&#039;algun tipus dels que acabem d&#039;assenyalar \u00e9s molt dif\u00edcil, ja que les entitats banc\u00e0ries els requereixen com a requisit per a tots els seus pr\u00e9stecs, entre altres condicions, cosa que al final deixa <strong>fora de l&#039;acc\u00e9s al cr\u00e8dit<\/strong> moltes persones.&nbsp;&nbsp;&nbsp;<\/p>\n\n\n\n<p>Si <strong>necessites diners<\/strong> i no vols o pots oferir aquest tipus de garanties <strong>no et preocupis<\/strong>. Des de<strong> AvaFin <\/strong>et podem concedir <a href=\"https:\/\/www.avafin.es\/ca\/prestem\/facils\/\" target=\"_blank\" rel=\"noreferrer noopener\"><strong>pr\u00e9stecs f\u00e0cils<\/strong><\/a><strong> <\/strong>sense aval amb uns requisits molt f\u00e0cils de complir!&nbsp;<\/p>\n\n\n\n<h2 class=\"wp-block-heading\">Requisits per accedir a pr\u00e9stecs sense aval&nbsp;&nbsp;<\/h2>\n\n\n\n<p>A <strong>la nostra plataforma<\/strong> tens l&#039;oportunitat de <strong>obtenir pr\u00e9stecs sense aval<\/strong> com a garantia. Per aix\u00f2, nom\u00e9s haur\u00e0s d&#039;acreditar:&nbsp;<\/p>\n\n\n\n<ul class=\"wp-block-list\">\n<li>Ser m\u00e9s gran de 18 anys mitjan\u00e7ant DNI o NIE.&nbsp;<\/li>\n<\/ul>\n\n\n\n<ul class=\"wp-block-list\">\n<li>Ser titular d&#039;un compte bancari online a Espanya.&nbsp;<\/li>\n<\/ul>\n\n\n\n<ul class=\"wp-block-list\">\n<li>Disposar duna targeta de cr\u00e8dit o d\u00e8bit.&nbsp;<\/li>\n<\/ul>\n\n\n\n<ul class=\"wp-block-list\">\n<li>Comptar amb un <strong>ingr\u00e9s mensual<\/strong>, podent valer una <strong>prestaci\u00f3 de qualsevol tipus<\/strong> com que no \u00e9s obligat\u00f2ria la percepci\u00f3 d&#039;una n\u00f2mina.&nbsp;<\/li>\n<\/ul>\n\n\n\n<p>Oferim <a href=\"https:\/\/www.avafin.es\/ca\/prestem\/\" target=\"_blank\" rel=\"noreferrer noopener\"><strong>pr\u00e9stecs<\/strong><\/a> personals amb uns <strong>requisits molt assequibles<\/strong>. Compte amb una financera que et posa les coses senzilles per aconseguir els diners que necessites!&nbsp;&nbsp;<\/p>\n\n\n\n<h2 class=\"wp-block-heading\">Avantatges de contractar el teu pr\u00e9stec sense aval&nbsp;<\/h2>\n\n\n\n<p><strong>Demanar un pr\u00e9stec<\/strong> sense haver d&#039;aportar un aval a canvi a una <strong>entitat financera<\/strong> t\u00e9 uns beneficis clars. Tant per als qui podrien obtenir aquesta garantia, ja que els evita <strong>comprometre la persona<\/strong> que actua d&#039;avalador o el <strong>b\u00e9 propi lloc<\/strong> com a aval; com molt especialment a les persones que per no complir aquest criteri es quedarien sense el finan\u00e7ament que necessiten.&nbsp;<\/p>\n\n\n\n<p>Des de <strong>Avafin <\/strong>posem al teu abast pr\u00e9stecs sense aval que tamb\u00e9 tenen molts altres avantatges, en permetre&#039;t <strong>accedir <\/strong>a la teva<strong> <\/strong><a href=\"https:\/\/www.avafin.es\/ca\/diners\/rapid\/\" target=\"_blank\" rel=\"noreferrer noopener\"><strong>diners r\u00e0pids<\/strong><\/a>, amb unes condicions cristal\u00b7lines, <strong>sense lletra petita <\/strong>ni cobraments ocults.&nbsp;<\/p>\n\n\n\n<p>A m\u00e9s, es tracta de <strong>pr\u00e9stecs online<\/strong> que es gestionen f\u00e0cilment des de la nostra plataforma disponible 24\/7, on comptes amb eines com el nostre<strong> simulador<\/strong> de pr\u00e9stecs, que et facilita calcular pr\u00e8viament les condicions del teu <strong>pr\u00e9stec personal<\/strong> d&#039;acord amb la <strong>quantitat de diners sol\u00b7licitats<\/strong> i la data de devoluci\u00f3 que tri\u00efs.&nbsp;<\/p>\n\n\n\n<p>Si ets nou client podr\u00e0s obtenir pr\u00e9stecs sense aval per una <strong>quantitat de<\/strong> fins <strong>300 euros<\/strong>, a tornar fins a 30 dies. I sigui quina sigui la data l\u00edmit que escullis, si l\u00edquides abans del seu venciment t&#039;estalviar\u00e0s els interessos dels dies no consumits.&nbsp;<\/p>\n\n\n\n<p>Per a cr\u00e8dits futurs ja tindries la possibilitat d&#039;accedir a <strong>quantitats majore<\/strong>s, at\u00e8s que a la nostra financera abastem pr\u00e9stecs personals de diferents imports, fins als <strong>1.000 euros <\/strong>que poden tenir, per exemple, alguns <a href=\"https:\/\/www.avafin.es\/ca\/prestem\/per-a-autonoms\/\" target=\"_blank\" rel=\"noreferrer noopener\"><strong>pr\u00e9stecs per a aut\u00f2noms<\/strong><\/a>.&nbsp;<\/p>\n\n\n\n<p>\u00a1\u00a1<strong>Demana el teu pr\u00e9stec sense aval<\/strong> a una fintech de refer\u00e8ncia per a pr\u00e9stecs r\u00e0pids com<strong> AvaFin<\/strong>!&nbsp;<\/p>\n\n\n\n<h2 class=\"wp-block-heading\">Documentaci\u00f3 dels pr\u00e9stecs sense aval&nbsp;<\/h2>\n\n\n\n<p>L&#039;\u00fanica documentaci\u00f3 que hauries d&#039;aportar per sol\u00b7licitar pr\u00e9stecs sense aval seria la teva <strong>DNI o NIE<\/strong> i el <strong>justificant d&#039;ingr\u00e9s mensual<\/strong>, ja sigui <strong>n\u00f2mina<\/strong> o <strong>prestaci\u00f3<\/strong>.&nbsp;<\/p>\n\n\n\n<p>Pots <strong>aconseguir els diners que necessites<\/strong> sense posar una garantia que comprometi el teu patrimoni ni els teus b\u00e9ns ni tampoc els d&#039;una altra persona. Beneficia&#039;t de totes les<strong> avantatges<\/strong> dels nostres <strong>pr\u00e9stecs sense aval<\/strong>!&nbsp;<\/p>\n\n\n\n<h2 class=\"wp-block-heading\">Altres pr\u00e9stecs relacionats amb els pr\u00e9stecs sense aval&nbsp;<\/h2>\n\n\n\n<ul class=\"wp-block-list\">\n<li><a href=\"https:\/\/www.avafin.es\/ca\/prestem\/facils\/\" target=\"_blank\" rel=\"noreferrer noopener\"><strong>Pr\u00e9stecs f\u00e0cils<\/strong><\/a>&nbsp;<\/li>\n\n\n\n<li><a href=\"https:\/\/www.avafin.es\/ca\/prestem\/sense-papers\/\" target=\"_blank\" rel=\"noreferrer noopener\"><strong>Pr\u00e9stecs sense papers<\/strong><\/a><\/li>\n\n\n\n<li><a href=\"https:\/\/www.avafin.es\/ca\/prestem\/urgents\/\" target=\"_blank\" rel=\"noreferrer noopener\"><strong>Pr\u00e9stecs urgents<\/strong><\/a><\/li>\n\n\n\n<li><a href=\"https:\/\/www.avafin.es\/ca\/credits\/rapids-amb-asnef\/\" target=\"_blank\" rel=\"noreferrer noopener\"><strong>Cr\u00e8dits r\u00e0pids amb Asnef<\/strong><\/a><\/li>\n<\/ul>\n\n\n\n<div class=\"wp-block-group\"><div class=\"wp-block-group__inner-container is-layout-constrained wp-block-group-is-layout-constrained\">\n<h3 class=\"wp-block-heading has-text-align-center header-full-dots\"><span>Necessites un Pr\u00e9stec sense Aval?<\/span><\/h3>\n\n\n\n<div class=\"wp-block-group\"><div class=\"wp-block-group__inner-container is-layout-constrained wp-block-group-is-layout-constrained\">\n<p class=\"has-text-align-center\">Obtingues-ho avui amb AvaFin<\/p>\n\n\n\n<div style=\"margin: auto;\" class=\"flex flex-res\">\n<a id=\"av-get-loan\" class=\"btn btn-cta btn-lg force-data-base-url\" href=\"https:\/\/portal.avafin.es\/wp-registerCreditosi\" style=\"display: inline-block; margin: auto\">Sol\u00b7licitar<\/a>\n<\/div>\n<\/div><\/div>\n<\/div><\/div>\n\n\n\n<h2 class=\"wp-block-heading\"><br><br><\/h2>","protected":false},"excerpt":{"rendered":"<p>Podem oferir-te els diners que necessites mitjan\u00e7ant un pr\u00e9stec sense aval. Sol\u00b7licita-ho online i obtingues-ho a l&#039;instant, sense tr\u00e0mits ni requisits complicats!<\/p>","protected":false},"author":19,"featured_media":0,"parent":3527,"menu_order":0,"comment_status":"closed","ping_status":"closed","template":"","meta":{"_acf_changed":false,"footnotes":""},"class_list":["post-3568","page","type-page","status-publish","hentry"],"acf":[],"yoast_head":"<!-- This site is optimized with the Yoast SEO plugin v26.4 - https:\/\/yoast.com\/wordpress\/plugins\/seo\/ -->\n<title>Consigue Pr\u00e9stamos Sin Aval con AvaFin 2026 | AvaFin Espa\u00f1a<\/title>\n<meta name=\"description\" content=\"Podemos ofrecerte el dinero que necesitas mediante un pr\u00e9stamo sin aval. \u00a1Solic\u00edtalo online y obtenlo al instante, sin tr\u00e1mites ni requisitos complicados!\" \/>\n<meta name=\"robots\" content=\"index, follow, max-snippet:-1, max-image-preview:large, max-video-preview:-1\" \/>\n<link rel=\"canonical\" href=\"https:\/\/www.avafin.es\/ca\/prestem\/sense-aval\" \/>\n<meta property=\"og:locale\" content=\"ca_ES\" \/>\n<meta property=\"og:type\" content=\"article\" \/>\n<meta property=\"og:title\" content=\"Consigue Pr\u00e9stamos Sin Aval con AvaFin 2026 | AvaFin Espa\u00f1a\" \/>\n<meta property=\"og:description\" content=\"Podemos ofrecerte el dinero que necesitas mediante un pr\u00e9stamo sin aval. \u00a1Solic\u00edtalo online y obtenlo al instante, sin tr\u00e1mites ni requisitos complicados!\" \/>\n<meta property=\"og:url\" content=\"https:\/\/www.avafin.es\/ca\/prestem\/sense-aval\" \/>\n<meta property=\"og:site_name\" content=\"AvaFin Espa\u00f1a\" \/>\n<meta property=\"article:modified_time\" content=\"2025-09-03T11:11:17+00:00\" \/>\n<meta name=\"twitter:card\" content=\"summary_large_image\" \/>\n<meta name=\"twitter:label1\" content=\"Est. reading time\" \/>\n\t<meta name=\"twitter:data1\" content=\"8 minuts\" \/>\n<script type=\"application\/ld+json\" class=\"yoast-schema-graph\">{\"@context\":\"https:\/\/schema.org\",\"@graph\":[{\"@type\":\"WebPage\",\"@id\":\"https:\/\/www.avafin.es\/ca\/prestem\/sense-aval\",\"url\":\"https:\/\/www.avafin.es\/ca\/prestem\/sense-aval\",\"name\":\"Consigue Pr\u00e9stamos Sin Aval con AvaFin 2026 | AvaFin Espa\u00f1a\",\"isPartOf\":{\"@id\":\"https:\/\/www.avafin.es\/ca\/#website\"},\"datePublished\":\"2024-06-24T10:09:41+00:00\",\"dateModified\":\"2025-09-03T11:11:17+00:00\",\"description\":\"Podemos ofrecerte el dinero que necesitas mediante un pr\u00e9stamo sin aval. \u00a1Solic\u00edtalo online y obtenlo al instante, sin tr\u00e1mites ni requisitos complicados!\",\"breadcrumb\":{\"@id\":\"https:\/\/www.avafin.es\/ca\/prestem\/sense-aval#breadcrumb\"},\"inLanguage\":\"ca\",\"potentialAction\":[{\"@type\":\"ReadAction\",\"target\":[\"https:\/\/www.avafin.es\/ca\/prestem\/sense-aval\"]}]},{\"@type\":\"BreadcrumbList\",\"@id\":\"https:\/\/www.avafin.es\/ca\/prestem\/sense-aval#breadcrumb\",\"itemListElement\":[{\"@type\":\"ListItem\",\"position\":1,\"name\":\"Inicio\",\"item\":\"https:\/\/www.avafin.es\/\"},{\"@type\":\"ListItem\",\"position\":2,\"name\":\"Pr\u00e9stamos AvaFin\",\"item\":\"https:\/\/www.avafin.es\/prestamos\"},{\"@type\":\"ListItem\",\"position\":3,\"name\":\"Pr\u00e9stamos Sin Aval\"}]},{\"@type\":\"WebSite\",\"@id\":\"https:\/\/www.avafin.es\/ca\/#website\",\"url\":\"https:\/\/www.avafin.es\/ca\/\",\"name\":\"AvaFin Espa\u00f1a\",\"description\":\"\",\"potentialAction\":[{\"@type\":\"SearchAction\",\"target\":{\"@type\":\"EntryPoint\",\"urlTemplate\":\"https:\/\/www.avafin.es\/ca\/?s={search_term_string}\"},\"query-input\":{\"@type\":\"PropertyValueSpecification\",\"valueRequired\":true,\"valueName\":\"search_term_string\"}}],\"inLanguage\":\"ca\"}]}<\/script>\n<!-- \/ Yoast SEO plugin. -->","yoast_head_json":{"title":"Aconsegueix Pr\u00e9stecs Sense Aval amb AvaFin 2026 | AvaFin Espanya","description":"Podem oferir-te els diners que necessites mitjan\u00e7ant un pr\u00e9stec sense aval. Sol\u00b7licita-ho online i obtingues-ho a l&#039;instant, sense tr\u00e0mits ni requisits complicats!","robots":{"index":"index","follow":"follow","max-snippet":"max-snippet:-1","max-image-preview":"max-image-preview:large","max-video-preview":"max-video-preview:-1"},"canonical":"https:\/\/www.avafin.es\/ca\/prestem\/sense-aval","og_locale":"ca_ES","og_type":"article","og_title":"Consigue Pr\u00e9stamos Sin Aval con AvaFin 2026 | AvaFin Espa\u00f1a","og_description":"Podemos ofrecerte el dinero que necesitas mediante un pr\u00e9stamo sin aval. \u00a1Solic\u00edtalo online y obtenlo al instante, sin tr\u00e1mites ni requisitos complicados!","og_url":"https:\/\/www.avafin.es\/ca\/prestem\/sense-aval","og_site_name":"AvaFin Espa\u00f1a","article_modified_time":"2025-09-03T11:11:17+00:00","twitter_card":"summary_large_image","twitter_misc":{"Est. reading time":"8 minuts"},"schema":{"@context":"https:\/\/schema.org","@graph":[{"@type":"WebPage","@id":"https:\/\/www.avafin.es\/ca\/prestem\/sense-aval","url":"https:\/\/www.avafin.es\/ca\/prestem\/sense-aval","name":"Aconsegueix Pr\u00e9stecs Sense Aval amb AvaFin 2026 | AvaFin Espanya","isPartOf":{"@id":"https:\/\/www.avafin.es\/ca\/#website"},"datePublished":"2024-06-24T10:09:41+00:00","dateModified":"2025-09-03T11:11:17+00:00","description":"Podem oferir-te els diners que necessites mitjan\u00e7ant un pr\u00e9stec sense aval. Sol\u00b7licita-ho online i obtingues-ho a l&#039;instant, sense tr\u00e0mits ni requisits complicats!","breadcrumb":{"@id":"https:\/\/www.avafin.es\/ca\/prestem\/sense-aval#breadcrumb"},"inLanguage":"ca","potentialAction":[{"@type":"ReadAction","target":["https:\/\/www.avafin.es\/ca\/prestem\/sense-aval"]}]},{"@type":"BreadcrumbList","@id":"https:\/\/www.avafin.es\/ca\/prestem\/sense-aval#breadcrumb","itemListElement":[{"@type":"ListItem","position":1,"name":"Inicio","item":"https:\/\/www.avafin.es\/"},{"@type":"ListItem","position":2,"name":"Pr\u00e9stamos AvaFin","item":"https:\/\/www.avafin.es\/prestamos"},{"@type":"ListItem","position":3,"name":"Pr\u00e9stamos Sin Aval"}]},{"@type":"WebSite","@id":"https:\/\/www.avafin.es\/ca\/#website","url":"https:\/\/www.avafin.es\/ca\/","name":"AvaFin Espanya","description":"","potentialAction":[{"@type":"SearchAction","target":{"@type":"EntryPoint","urlTemplate":"https:\/\/www.avafin.es\/ca\/?s={search_term_string}"},"query-input":{"@type":"PropertyValueSpecification","valueRequired":true,"valueName":"search_term_string"}}],"inLanguage":"ca"}]}},"_links":{"self":[{"href":"https:\/\/www.avafin.es\/ca\/wp-json\/wp\/v2\/pages\/3568","targetHints":{"allow":["GET"]}}],"collection":[{"href":"https:\/\/www.avafin.es\/ca\/wp-json\/wp\/v2\/pages"}],"about":[{"href":"https:\/\/www.avafin.es\/ca\/wp-json\/wp\/v2\/types\/page"}],"author":[{"embeddable":true,"href":"https:\/\/www.avafin.es\/ca\/wp-json\/wp\/v2\/users\/19"}],"replies":[{"embeddable":true,"href":"https:\/\/www.avafin.es\/ca\/wp-json\/wp\/v2\/comments?post=3568"}],"version-history":[{"count":0,"href":"https:\/\/www.avafin.es\/ca\/wp-json\/wp\/v2\/pages\/3568\/revisions"}],"up":[{"embeddable":true,"href":"https:\/\/www.avafin.es\/ca\/wp-json\/wp\/v2\/pages\/3527"}],"wp:attachment":[{"href":"https:\/\/www.avafin.es\/ca\/wp-json\/wp\/v2\/media?parent=3568"}],"curies":[{"name":"wp","href":"https:\/\/api.w.org\/{rel}","templated":true}]}}