{"id":3552,"date":"2024-06-24T09:07:54","date_gmt":"2024-06-24T09:07:54","guid":{"rendered":"https:\/\/avafines.wpenginepowered.com\/?page_id=3552"},"modified":"2025-01-21T12:52:02","modified_gmt":"2025-01-21T12:52:02","slug":"supressio-de-dades","status":"publish","type":"page","link":"https:\/\/www.avafin.es\/ca\/supressio-de-dades","title":{"rendered":"Supressi\u00f3 de dades"},"content":{"rendered":"<p>Podr\u00e0s exercitar aquest dret davant del nostre Delegat de protecci\u00f3 de dades sol\u00b7licitant la supressi\u00f3 de les seves dades de car\u00e0cter personal, sol\u00b7licitant-ho mitjan\u00e7ant:<\/p>\n\n\n\n<p>Correu electr\u00f2nic a l&#039;adre\u00e7a; <a href=\"mailto:dpd@avafin.es\">dpd@avafin.es<\/a> o b\u00e9 mitjan\u00e7ant correu f\u00edsic a AVAFIN SPAIN, Avinguda Diagonal 508, 1-6, 08006 Barcelona.<\/p>\n\n\n\n<p>Identificant correctament el vostre correu electr\u00f2nic i dades personals.<\/p>","protected":false},"excerpt":{"rendered":"<p>Podr\u00e0s exercitar aquest dret davant del nostre Delegat de protecci\u00f3 de dades sol\u00b7licitant la supressi\u00f3 de les seves dades de car\u00e0cter personal, sol\u00b7licitant-ho mitjan\u00e7ant: Correu electr\u00f2nic a l&#039;adre\u00e7a; dpd@avafin.es o b\u00e9 mitjan\u00e7ant correu f\u00edsic a AVAFIN SPAIN, Avinguda Diagonal 508, 1-6, 08006 Barcelona. Identificant correctament el vostre correu electr\u00f2nic i dades personals.<\/p>","protected":false},"author":19,"featured_media":0,"parent":0,"menu_order":0,"comment_status":"closed","ping_status":"closed","template":"","meta":{"_acf_changed":false,"footnotes":""},"class_list":["post-3552","page","type-page","status-publish","hentry"],"acf":[],"yoast_head":"<!-- This site is optimized with the Yoast SEO plugin v26.4 - https:\/\/yoast.com\/wordpress\/plugins\/seo\/ -->\n<title>Supresi\u00f3n de datos | AvaFin Espa\u00f1a<\/title>\n<meta name=\"robots\" content=\"index, follow, max-snippet:-1, max-image-preview:large, max-video-preview:-1\" \/>\n<link rel=\"canonical\" href=\"https:\/\/www.avafin.es\/ca\/supressio-de-dades\" \/>\n<meta property=\"og:locale\" content=\"ca_ES\" \/>\n<meta property=\"og:type\" content=\"article\" \/>\n<meta property=\"og:title\" content=\"Supresi\u00f3n de datos | AvaFin Espa\u00f1a\" \/>\n<meta property=\"og:description\" content=\"Podr\u00e1s ejercitar este derecho ante nuestro Delegado de protecci\u00f3n de datos solicitando la supresi\u00f3n de sus datos de car\u00e1cter personal, solicit\u00e1ndolo mediante: Correo electr\u00f3nico a la direcci\u00f3n; dpd@avafin.es o bien mediante correo f\u00edsico a AVAFIN SPAIN, Avenida Diagonal 508, 1-6, 08006 Barcelona. Identificando correctamente su correo electr\u00f3nico y datos personales.\" \/>\n<meta property=\"og:url\" content=\"https:\/\/www.avafin.es\/ca\/supressio-de-dades\" \/>\n<meta property=\"og:site_name\" content=\"AvaFin Espa\u00f1a\" \/>\n<meta property=\"article:modified_time\" content=\"2025-01-21T12:52:02+00:00\" \/>\n<meta name=\"twitter:card\" content=\"summary_large_image\" \/>\n<meta name=\"twitter:label1\" content=\"Est. reading time\" \/>\n\t<meta name=\"twitter:data1\" content=\"1 minut\" \/>\n<script type=\"application\/ld+json\" class=\"yoast-schema-graph\">{\"@context\":\"https:\/\/schema.org\",\"@graph\":[{\"@type\":\"WebPage\",\"@id\":\"https:\/\/www.avafin.es\/ca\/supressio-de-dades\",\"url\":\"https:\/\/www.avafin.es\/ca\/supressio-de-dades\",\"name\":\"Supresi\u00f3n de datos | AvaFin Espa\u00f1a\",\"isPartOf\":{\"@id\":\"https:\/\/www.avafin.es\/ca\/#website\"},\"datePublished\":\"2024-06-24T09:07:54+00:00\",\"dateModified\":\"2025-01-21T12:52:02+00:00\",\"breadcrumb\":{\"@id\":\"https:\/\/www.avafin.es\/ca\/supressio-de-dades#breadcrumb\"},\"inLanguage\":\"ca\",\"potentialAction\":[{\"@type\":\"ReadAction\",\"target\":[\"https:\/\/www.avafin.es\/ca\/supressio-de-dades\"]}]},{\"@type\":\"BreadcrumbList\",\"@id\":\"https:\/\/www.avafin.es\/ca\/supressio-de-dades#breadcrumb\",\"itemListElement\":[{\"@type\":\"ListItem\",\"position\":1,\"name\":\"Inicio\",\"item\":\"https:\/\/www.avafin.es\/\"},{\"@type\":\"ListItem\",\"position\":2,\"name\":\"Supresi\u00f3n de datos\"}]},{\"@type\":\"WebSite\",\"@id\":\"https:\/\/www.avafin.es\/ca\/#website\",\"url\":\"https:\/\/www.avafin.es\/ca\/\",\"name\":\"AvaFin Espa\u00f1a\",\"description\":\"\",\"potentialAction\":[{\"@type\":\"SearchAction\",\"target\":{\"@type\":\"EntryPoint\",\"urlTemplate\":\"https:\/\/www.avafin.es\/ca\/?s={search_term_string}\"},\"query-input\":{\"@type\":\"PropertyValueSpecification\",\"valueRequired\":true,\"valueName\":\"search_term_string\"}}],\"inLanguage\":\"ca\"}]}<\/script>\n<!-- \/ Yoast SEO plugin. -->","yoast_head_json":{"title":"Supressi\u00f3 de dades | AvaFin Espanya","robots":{"index":"index","follow":"follow","max-snippet":"max-snippet:-1","max-image-preview":"max-image-preview:large","max-video-preview":"max-video-preview:-1"},"canonical":"https:\/\/www.avafin.es\/ca\/supressio-de-dades","og_locale":"ca_ES","og_type":"article","og_title":"Supresi\u00f3n de datos | AvaFin Espa\u00f1a","og_description":"Podr\u00e1s ejercitar este derecho ante nuestro Delegado de protecci\u00f3n de datos solicitando la supresi\u00f3n de sus datos de car\u00e1cter personal, solicit\u00e1ndolo mediante: Correo electr\u00f3nico a la direcci\u00f3n; dpd@avafin.es o bien mediante correo f\u00edsico a AVAFIN SPAIN, Avenida Diagonal 508, 1-6, 08006 Barcelona. Identificando correctamente su correo electr\u00f3nico y datos personales.","og_url":"https:\/\/www.avafin.es\/ca\/supressio-de-dades","og_site_name":"AvaFin Espa\u00f1a","article_modified_time":"2025-01-21T12:52:02+00:00","twitter_card":"summary_large_image","twitter_misc":{"Est. reading time":"1 minut"},"schema":{"@context":"https:\/\/schema.org","@graph":[{"@type":"WebPage","@id":"https:\/\/www.avafin.es\/ca\/supressio-de-dades","url":"https:\/\/www.avafin.es\/ca\/supressio-de-dades","name":"Supressi\u00f3 de dades | AvaFin Espanya","isPartOf":{"@id":"https:\/\/www.avafin.es\/ca\/#website"},"datePublished":"2024-06-24T09:07:54+00:00","dateModified":"2025-01-21T12:52:02+00:00","breadcrumb":{"@id":"https:\/\/www.avafin.es\/ca\/supressio-de-dades#breadcrumb"},"inLanguage":"ca","potentialAction":[{"@type":"ReadAction","target":["https:\/\/www.avafin.es\/ca\/supressio-de-dades"]}]},{"@type":"BreadcrumbList","@id":"https:\/\/www.avafin.es\/ca\/supressio-de-dades#breadcrumb","itemListElement":[{"@type":"ListItem","position":1,"name":"Inicio","item":"https:\/\/www.avafin.es\/"},{"@type":"ListItem","position":2,"name":"Supresi\u00f3n de datos"}]},{"@type":"WebSite","@id":"https:\/\/www.avafin.es\/ca\/#website","url":"https:\/\/www.avafin.es\/ca\/","name":"AvaFin Espanya","description":"","potentialAction":[{"@type":"SearchAction","target":{"@type":"EntryPoint","urlTemplate":"https:\/\/www.avafin.es\/ca\/?s={search_term_string}"},"query-input":{"@type":"PropertyValueSpecification","valueRequired":true,"valueName":"search_term_string"}}],"inLanguage":"ca"}]}},"_links":{"self":[{"href":"https:\/\/www.avafin.es\/ca\/wp-json\/wp\/v2\/pages\/3552","targetHints":{"allow":["GET"]}}],"collection":[{"href":"https:\/\/www.avafin.es\/ca\/wp-json\/wp\/v2\/pages"}],"about":[{"href":"https:\/\/www.avafin.es\/ca\/wp-json\/wp\/v2\/types\/page"}],"author":[{"embeddable":true,"href":"https:\/\/www.avafin.es\/ca\/wp-json\/wp\/v2\/users\/19"}],"replies":[{"embeddable":true,"href":"https:\/\/www.avafin.es\/ca\/wp-json\/wp\/v2\/comments?post=3552"}],"version-history":[{"count":0,"href":"https:\/\/www.avafin.es\/ca\/wp-json\/wp\/v2\/pages\/3552\/revisions"}],"wp:attachment":[{"href":"https:\/\/www.avafin.es\/ca\/wp-json\/wp\/v2\/media?parent=3552"}],"curies":[{"name":"wp","href":"https:\/\/api.w.org\/{rel}","templated":true}]}}