{"id":3547,"date":"2024-06-24T09:01:45","date_gmt":"2024-06-24T09:01:45","guid":{"rendered":"https:\/\/avafines.wpenginepowered.com\/?page_id=3547"},"modified":"2025-09-03T13:15:10","modified_gmt":"2025-09-03T11:15:10","slug":"prestem-responsables","status":"publish","type":"page","link":"https:\/\/www.avafin.es\/ca\/prestem-responsables","title":{"rendered":"Pr\u00e9stecs Responsables"},"content":{"rendered":"<h2 class=\"wp-block-heading\">Com demanar un pr\u00e9stec de manera responsable?<\/h2>\n\n\n\n<p>Els pr\u00e9stecs en l\u00ednia a curt termini s\u00f3n una forma r\u00e0pida i senzilla d&#039;obtenir diners quan els necessites.<\/p>\n\n\n\n<p>Som una empresa responsable i de confian\u00e7a. Com a membres de l&#039;Associaci\u00f3 Espanyola de Micropr\u00e9stecs (AEMIP), garantim que seguim els est\u00e0ndards m\u00e9s alts \u00e8tics i empresarials.<\/p>\n\n\n\n<h2 class=\"wp-block-heading\">Un pr\u00e9stec d&#039;AvaFin \u00e9s per a tu quan:<\/h2>\n\n\n\n<p>\u2022 necessites diners immediatament i encara falten uns dies per rebre el teu sou<\/p>\n\n\n\n<p>\u2022 tens despeses imprevistes i necessites diners urgentment<\/p>\n\n\n\n<p>\u2022 tens ingressos regulars i saps que pots tornar el pr\u00e9stec en 30 dies<\/p>\n\n\n\n<h2 class=\"wp-block-heading\">Abans de demanar diners prestats<\/h2>\n\n\n\n<p>\u2022 considera si realment necessites els diners<\/p>\n\n\n\n<p>\u2022 considera si podr\u00e0s tornar els diners prestats a temps<\/p>\n\n\n\n<p>\u2022 demana prestat all\u00f2 que realment necessites<\/p>\n\n\n\n<h2 class=\"wp-block-heading\">Si has decidit demanar un pr\u00e9stec amb AvaFin:<\/h2>\n\n\n\n<p>\u2022 comprova si el tipus de comissi\u00f3 que t&#039;oferim \u00e9s adequat per a tu<\/p>\n\n\n\n<p>\u2022 comprova que totes les condicions siguin comprensibles per a tu i revisa el<\/p>\n\n\n\n<p>document dinformaci\u00f3 del pr\u00e9stec. Si no est\u00e0s segur d&#039;alguna de les condicions, truca&#039;ns<\/p>\n\n\n\n<p>\u2022 comprova si el teu pressupost mensual et permet tornar el pr\u00e9stec dins el termini acordat.<\/p>\n\n\n\n<h2 class=\"wp-block-heading\">Un pr\u00e9stec d&#039;AvaFin no \u00e9s per a tu si:<\/h2>\n\n\n\n<p>\u2022 vols utilitzar el pr\u00e9stec per liquidar els teus deutes<\/p>\n\n\n\n<p>\u2022 vols resoldre problemes financers a llarg termini<\/p>\n\n\n\n<p>\u2022 saps que no podr\u00e0s tornar el pr\u00e9stec a temps perqu\u00e8 les teves despeses dom\u00e8stiques s\u00f3n m\u00e9s grans que els teus ingressos en aquest per\u00edode<\/p>\n\n\n\n<div style=\"height:29px\" aria-hidden=\"true\" class=\"wp-block-spacer\"><\/div>\n\n\n\n<div class=\"wp-block-group\"><div class=\"wp-block-group__inner-container is-layout-constrained wp-block-group-is-layout-constrained\">\n<h3 class=\"wp-block-heading has-text-align-center header-full-dots\"><span>Necessites un Pr\u00e9stec Responsable?<\/span><\/h3>\n\n\n\n<div class=\"wp-block-group\"><div class=\"wp-block-group__inner-container is-layout-constrained wp-block-group-is-layout-constrained\">\n<p class=\"has-text-align-center\">Obtingues-ho avui amb AvaFin<\/p>\n\n\n\n<div style=\"margin: auto;\" class=\"flex flex-res\">\n<a id=\"av-get-loan\" class=\"btn btn-cta btn-lg force-data-base-url\" href=\"https:\/\/portal.avafin.es\/wp-registerCreditosi\" style=\"display: inline-block; margin: auto\">Sol\u00b7licitar<\/a>\n<\/div>\n<\/div><\/div>\n<\/div><\/div>","protected":false},"excerpt":{"rendered":"<p>\u00bf Com demanar un pr\u00e9stec de forma responsable? Els pr\u00e9stecs en l\u00ednia a curt termini s\u00f3n una forma r\u00e0pida i senzilla d&#039;obtenir diners quan \u00e9s necessari fer-ho de forma prudent i responsable.<\/p>","protected":false},"author":19,"featured_media":0,"parent":0,"menu_order":0,"comment_status":"closed","ping_status":"closed","template":"","meta":{"_acf_changed":false,"footnotes":""},"class_list":["post-3547","page","type-page","status-publish","hentry"],"acf":[],"yoast_head":"<!-- This site is optimized with the Yoast SEO plugin v26.4 - https:\/\/yoast.com\/wordpress\/plugins\/seo\/ -->\n<title>Pr\u00e9stamos Responsables 2026 | AvaFin Espa\u00f1a<\/title>\n<meta name=\"description\" content=\".Descubre c\u00f3mo pedir un pr\u00e9stamo de forma responsable con AvaFin. Ofrecemos pr\u00e9stamos r\u00e1pidos y fiables, cumpliendo los m\u00e1s altos est\u00e1ndares \u00e9ticos como miembros de AEMIP. Aseg\u00farate de que el pr\u00e9stamo se ajuste a tus necesidades y capacidades de pago. Solicita solo lo que realmente necesitas.\" \/>\n<meta name=\"robots\" content=\"index, follow, max-snippet:-1, max-image-preview:large, max-video-preview:-1\" \/>\n<link rel=\"canonical\" href=\"https:\/\/www.avafin.es\/ca\/prestem-responsables\" \/>\n<meta property=\"og:locale\" content=\"ca_ES\" \/>\n<meta property=\"og:type\" content=\"article\" \/>\n<meta property=\"og:title\" content=\"Pr\u00e9stamos Responsables 2026 | AvaFin Espa\u00f1a\" \/>\n<meta property=\"og:description\" content=\".Descubre c\u00f3mo pedir un pr\u00e9stamo de forma responsable con AvaFin. Ofrecemos pr\u00e9stamos r\u00e1pidos y fiables, cumpliendo los m\u00e1s altos est\u00e1ndares \u00e9ticos como miembros de AEMIP. Aseg\u00farate de que el pr\u00e9stamo se ajuste a tus necesidades y capacidades de pago. Solicita solo lo que realmente necesitas.\" \/>\n<meta property=\"og:url\" content=\"https:\/\/www.avafin.es\/ca\/prestem-responsables\" \/>\n<meta property=\"og:site_name\" content=\"AvaFin Espa\u00f1a\" \/>\n<meta property=\"article:modified_time\" content=\"2025-09-03T11:15:10+00:00\" \/>\n<meta name=\"twitter:card\" content=\"summary_large_image\" \/>\n<meta name=\"twitter:label1\" content=\"Est. reading time\" \/>\n\t<meta name=\"twitter:data1\" content=\"2 minuts\" \/>\n<script type=\"application\/ld+json\" class=\"yoast-schema-graph\">{\"@context\":\"https:\/\/schema.org\",\"@graph\":[{\"@type\":\"WebPage\",\"@id\":\"https:\/\/www.avafin.es\/ca\/prestem-responsables\",\"url\":\"https:\/\/www.avafin.es\/ca\/prestem-responsables\",\"name\":\"Pr\u00e9stamos Responsables 2026 | AvaFin Espa\u00f1a\",\"isPartOf\":{\"@id\":\"https:\/\/www.avafin.es\/ca\/#website\"},\"datePublished\":\"2024-06-24T09:01:45+00:00\",\"dateModified\":\"2025-09-03T11:15:10+00:00\",\"description\":\".Descubre c\u00f3mo pedir un pr\u00e9stamo de forma responsable con AvaFin. Ofrecemos pr\u00e9stamos r\u00e1pidos y fiables, cumpliendo los m\u00e1s altos est\u00e1ndares \u00e9ticos como miembros de AEMIP. Aseg\u00farate de que el pr\u00e9stamo se ajuste a tus necesidades y capacidades de pago. Solicita solo lo que realmente necesitas.\",\"breadcrumb\":{\"@id\":\"https:\/\/www.avafin.es\/ca\/prestem-responsables#breadcrumb\"},\"inLanguage\":\"ca\",\"potentialAction\":[{\"@type\":\"ReadAction\",\"target\":[\"https:\/\/www.avafin.es\/ca\/prestem-responsables\"]}]},{\"@type\":\"BreadcrumbList\",\"@id\":\"https:\/\/www.avafin.es\/ca\/prestem-responsables#breadcrumb\",\"itemListElement\":[{\"@type\":\"ListItem\",\"position\":1,\"name\":\"Inicio\",\"item\":\"https:\/\/www.avafin.es\/\"},{\"@type\":\"ListItem\",\"position\":2,\"name\":\"Pr\u00e9stamos Responsables\"}]},{\"@type\":\"WebSite\",\"@id\":\"https:\/\/www.avafin.es\/ca\/#website\",\"url\":\"https:\/\/www.avafin.es\/ca\/\",\"name\":\"AvaFin Espa\u00f1a\",\"description\":\"\",\"potentialAction\":[{\"@type\":\"SearchAction\",\"target\":{\"@type\":\"EntryPoint\",\"urlTemplate\":\"https:\/\/www.avafin.es\/ca\/?s={search_term_string}\"},\"query-input\":{\"@type\":\"PropertyValueSpecification\",\"valueRequired\":true,\"valueName\":\"search_term_string\"}}],\"inLanguage\":\"ca\"}]}<\/script>\n<!-- \/ Yoast SEO plugin. -->","yoast_head_json":{"title":"Pr\u00e9stecs Responsables 2026 | AvaFin Espanya","description":".Descobreix com demanar un pr\u00e9stec de forma responsable amb AvaFin. Oferim pr\u00e9stecs r\u00e0pids i fiables, complint els m\u00e9s alts est\u00e0ndards \u00e8tics com a membres d&#039;AEMIP. Assegureu-vos que el pr\u00e9stec s&#039;ajusti a les vostres necessitats i capacitats de pagament. Sol\u00b7licita nom\u00e9s el que realment necessites.","robots":{"index":"index","follow":"follow","max-snippet":"max-snippet:-1","max-image-preview":"max-image-preview:large","max-video-preview":"max-video-preview:-1"},"canonical":"https:\/\/www.avafin.es\/ca\/prestem-responsables","og_locale":"ca_ES","og_type":"article","og_title":"Pr\u00e9stamos Responsables 2026 | AvaFin Espa\u00f1a","og_description":".Descubre c\u00f3mo pedir un pr\u00e9stamo de forma responsable con AvaFin. Ofrecemos pr\u00e9stamos r\u00e1pidos y fiables, cumpliendo los m\u00e1s altos est\u00e1ndares \u00e9ticos como miembros de AEMIP. Aseg\u00farate de que el pr\u00e9stamo se ajuste a tus necesidades y capacidades de pago. Solicita solo lo que realmente necesitas.","og_url":"https:\/\/www.avafin.es\/ca\/prestem-responsables","og_site_name":"AvaFin Espa\u00f1a","article_modified_time":"2025-09-03T11:15:10+00:00","twitter_card":"summary_large_image","twitter_misc":{"Est. reading time":"2 minuts"},"schema":{"@context":"https:\/\/schema.org","@graph":[{"@type":"WebPage","@id":"https:\/\/www.avafin.es\/ca\/prestem-responsables","url":"https:\/\/www.avafin.es\/ca\/prestem-responsables","name":"Pr\u00e9stecs Responsables 2026 | AvaFin Espanya","isPartOf":{"@id":"https:\/\/www.avafin.es\/ca\/#website"},"datePublished":"2024-06-24T09:01:45+00:00","dateModified":"2025-09-03T11:15:10+00:00","description":".Descobreix com demanar un pr\u00e9stec de forma responsable amb AvaFin. Oferim pr\u00e9stecs r\u00e0pids i fiables, complint els m\u00e9s alts est\u00e0ndards \u00e8tics com a membres d&#039;AEMIP. Assegureu-vos que el pr\u00e9stec s&#039;ajusti a les vostres necessitats i capacitats de pagament. Sol\u00b7licita nom\u00e9s el que realment necessites.","breadcrumb":{"@id":"https:\/\/www.avafin.es\/ca\/prestem-responsables#breadcrumb"},"inLanguage":"ca","potentialAction":[{"@type":"ReadAction","target":["https:\/\/www.avafin.es\/ca\/prestem-responsables"]}]},{"@type":"BreadcrumbList","@id":"https:\/\/www.avafin.es\/ca\/prestem-responsables#breadcrumb","itemListElement":[{"@type":"ListItem","position":1,"name":"Inicio","item":"https:\/\/www.avafin.es\/"},{"@type":"ListItem","position":2,"name":"Pr\u00e9stamos Responsables"}]},{"@type":"WebSite","@id":"https:\/\/www.avafin.es\/ca\/#website","url":"https:\/\/www.avafin.es\/ca\/","name":"AvaFin Espanya","description":"","potentialAction":[{"@type":"SearchAction","target":{"@type":"EntryPoint","urlTemplate":"https:\/\/www.avafin.es\/ca\/?s={search_term_string}"},"query-input":{"@type":"PropertyValueSpecification","valueRequired":true,"valueName":"search_term_string"}}],"inLanguage":"ca"}]}},"_links":{"self":[{"href":"https:\/\/www.avafin.es\/ca\/wp-json\/wp\/v2\/pages\/3547","targetHints":{"allow":["GET"]}}],"collection":[{"href":"https:\/\/www.avafin.es\/ca\/wp-json\/wp\/v2\/pages"}],"about":[{"href":"https:\/\/www.avafin.es\/ca\/wp-json\/wp\/v2\/types\/page"}],"author":[{"embeddable":true,"href":"https:\/\/www.avafin.es\/ca\/wp-json\/wp\/v2\/users\/19"}],"replies":[{"embeddable":true,"href":"https:\/\/www.avafin.es\/ca\/wp-json\/wp\/v2\/comments?post=3547"}],"version-history":[{"count":0,"href":"https:\/\/www.avafin.es\/ca\/wp-json\/wp\/v2\/pages\/3547\/revisions"}],"wp:attachment":[{"href":"https:\/\/www.avafin.es\/ca\/wp-json\/wp\/v2\/media?parent=3547"}],"curies":[{"name":"wp","href":"https:\/\/api.w.org\/{rel}","templated":true}]}}