{"id":269,"date":"2020-06-12T20:58:12","date_gmt":"2020-06-12T20:58:12","guid":{"rendered":"https:\/\/creditosi.wpengine.com\/?page_id=269"},"modified":"2025-09-04T13:03:37","modified_gmt":"2025-09-04T11:03:37","slug":"com-funciona","status":"publish","type":"page","link":"https:\/\/www.avafin.es\/ca\/com-funciona","title":{"rendered":"Com funciona"},"content":{"rendered":"<div style=\"margin: auto\"><div class=\"wp-block-lendon-card av-horizontal-card\">\n<div class=\"wp-block-columns is-layout-flex wp-container-core-columns-is-layout-9d6595d7 wp-block-columns-is-layout-flex\">\n<div class=\"wp-block-column is-vertically-aligned-center is-layout-flow wp-block-column-is-layout-flow\" style=\"flex-basis:100px\"><div class=\"wp-block-image\">\n<figure class=\"aligncenter size-large\"><img decoding=\"async\" src=\"https:\/\/www.avafin.pl\/wp-content\/uploads\/2023\/08\/easiness_red-11.svg\" alt=\"\" class=\"wp-image-5400\"\/><\/figure>\n<\/div><\/div>\n\n\n\n<div class=\"wp-block-column is-layout-flow wp-block-column-is-layout-flow\">\n<h3 class=\"wp-block-heading\">F\u00e0cil<\/h3>\n\n\n\n<hr class=\"wp-block-separator has-text-color has-alpha-channel-opacity has-background\" style=\"background-color:#e0e0e0;color:#e0e0e0\"\/>\n\n\n\n<p>El formulari de registre \u00e9s breu i nom\u00e9s sol\u00b7licitem informaci\u00f3 b\u00e0sica. Completar el formulari hauria de portar, tan sols, uns quants minuts.<\/p>\n<\/div>\n<\/div>\n<\/div><\/div>\n\n\n\n<div style=\"height:50px\" aria-hidden=\"true\" class=\"wp-block-spacer\"><\/div>\n\n\n\n<div style=\"margin: auto\"><div class=\"wp-block-lendon-card av-horizontal-card\">\n<div class=\"wp-block-columns is-layout-flex wp-container-core-columns-is-layout-9d6595d7 wp-block-columns-is-layout-flex\">\n<div class=\"wp-block-column is-vertically-aligned-center is-layout-flow wp-block-column-is-layout-flow\" style=\"flex-basis:100px\"><div class=\"wp-block-image\">\n<figure class=\"aligncenter size-large is-resized\"><img decoding=\"async\" src=\"https:\/\/www.avafin.pl\/wp-content\/uploads\/2023\/08\/slider_red.svg\" alt=\"\" class=\"wp-image-5396\" style=\"width:96px;height:undefinedpx\"\/><\/figure>\n<\/div><\/div>\n\n\n\n<div class=\"wp-block-column is-layout-flow wp-block-column-is-layout-flow\">\n<h3 class=\"wp-block-heading\">R\u00e0pid<\/h3>\n\n\n\n<hr class=\"wp-block-separator has-text-color has-alpha-channel-opacity has-background\" style=\"background-color:#e0e0e0;color:#e0e0e0\"\/>\n\n\n\n<p>El nostre proc\u00e9s est\u00e0 automatitzat, cosa que ens permet oferir el nostre servei amb una incre\u00efble rapidesa. La transfer\u00e8ncia dels diners tamb\u00e9 pot ser instant\u00e0nia en el moment en qu\u00e8 s&#039;aprova la teva sol\u00b7licitud.<\/p>\n<\/div>\n<\/div>\n<\/div><\/div>\n\n\n\n<div style=\"height:50px\" aria-hidden=\"true\" class=\"wp-block-spacer\"><\/div>\n\n\n\n<div style=\"margin: auto\"><div class=\"wp-block-lendon-card av-horizontal-card\">\n<div class=\"wp-block-columns is-layout-flex wp-container-core-columns-is-layout-9d6595d7 wp-block-columns-is-layout-flex\">\n<div class=\"wp-block-column is-vertically-aligned-center is-layout-flow wp-block-column-is-layout-flow\" style=\"flex-basis:100px\"><div class=\"wp-block-image\">\n<figure class=\"aligncenter size-large\"><img decoding=\"async\" src=\"https:\/\/www.avafin.pl\/wp-content\/uploads\/2023\/08\/Warstwa_1.svg\" alt=\"\" class=\"wp-image-5398\"\/><\/figure>\n<\/div><\/div>\n\n\n\n<div class=\"wp-block-column is-layout-flow wp-block-column-is-layout-flow\">\n<h3 class=\"wp-block-heading\">Segur<\/h3>\n\n\n\n<hr class=\"wp-block-separator has-text-color has-alpha-channel-opacity has-background\" style=\"background-color:#e0e0e0;color:#e0e0e0\"\/>\n\n\n\n<p>La seguretat i la protecci\u00f3 de dades dels nostres clients \u00e9s molt important, per aix\u00f2 mateix, col\u00b7laborem amb les empreses m\u00e9s segures del mercat, per oferir els nostres serveis de la manera m\u00e9s segura possible.<\/p>\n<\/div>\n<\/div>\n<\/div><\/div>\n\n\n\n<div style=\"height:50px\" aria-hidden=\"true\" class=\"wp-block-spacer\"><\/div>\n\n\n\n<div style=\"margin: auto\"><div class=\"wp-block-lendon-card av-horizontal-card\">\n<div class=\"wp-block-columns is-layout-flex wp-container-core-columns-is-layout-9d6595d7 wp-block-columns-is-layout-flex\">\n<div class=\"wp-block-column is-vertically-aligned-center is-layout-flow wp-block-column-is-layout-flow\" style=\"flex-basis:100px\"><div class=\"wp-block-image\">\n<figure class=\"aligncenter size-large\"><img decoding=\"async\" src=\"https:\/\/www.avafin.pl\/wp-content\/uploads\/2023\/08\/Warstwa_11.svg\" alt=\"\" class=\"wp-image-5399\"\/><\/figure>\n<\/div><\/div>\n\n\n\n<div class=\"wp-block-column is-layout-flow wp-block-column-is-layout-flow\">\n<h3 class=\"wp-block-heading\">Transpar\u00e8ncia<\/h3>\n\n\n\n<hr class=\"wp-block-separator has-text-color has-alpha-channel-opacity has-background\" style=\"background-color:#e0e0e0;color:#e0e0e0\"\/>\n\n\n\n<p>Mantenim els nostres clients informats sobre tots els detalls del pr\u00e9stec abans de prendre una decisi\u00f3. \u00c9s important per a nosaltres oferir suport i explicacions clares a cada pas del proc\u00e9s.<\/p>\n<\/div>\n<\/div>\n<\/div><\/div>\n\n\n\n<div style=\"height:75px\" aria-hidden=\"true\" class=\"wp-block-spacer\"><\/div>\n\n\n<section id=\"cards-group-block_7f29321e876512940936552f7d55364a\" class=\"av-cards-group   av-cards-group-3 av-card-group-standard\" style='display:grid; grid-auto-rows: 1fr; grid-template-columns: 1fr 1fr 1fr;'>\n            <div id=\"card-0\"\n            class=\"av-card\"\n            style=\"height: calc(100% - 64px); justify-content: center;\"\n                    >\n                                <div class=\"av-cards-group-img-container\">\n                        <img decoding=\"async\" src=\"https:\/\/www.avafin.es\/wp-content\/uploads\/2024\/08\/home_office_red.png\" width=\"48\" height=\"48\" loading=\"lazy\" alt=\"\"\/>\n                    <\/div>\n                                                <h3><p>Completa el formulari de registre<\/p>\n<\/h3>\n                                                <p><p>Informa&#039;ns sobre les teves necessitats contestant unes poques preguntes b\u00e0siques. Aquest proc\u00e9s no hauria de trigar m\u00e9s de 5 minuts.<\/p>\n<\/p>\n                                    <\/div>\n            <div id=\"card-1\"\n            class=\"av-card\"\n            style=\"height: calc(100% - 64px); justify-content: center;\"\n                    >\n                                <div class=\"av-cards-group-img-container\">\n                        <img decoding=\"async\" src=\"https:\/\/www.avafin.es\/wp-content\/uploads\/2024\/08\/authorization_red.png\" width=\"48\" height=\"48\" loading=\"lazy\" alt=\"\"\/>\n                    <\/div>\n                                                <h3><p>Verifica la informaci\u00f3<\/p>\n<\/h3>\n                                                <p><p>Necessitem assegurar-nos que ning\u00fa no s&#039;est\u00e0 fent passar per tu. Verifica la teva identitat iniciant sessi\u00f3 al teu compte bancari.<\/p>\n<\/p>\n                                    <\/div>\n            <div id=\"card-2\"\n            class=\"av-card\"\n            style=\"height: calc(100% - 64px); justify-content: center;\"\n                    >\n                                <div class=\"av-cards-group-img-container\">\n                        <img decoding=\"async\" src=\"https:\/\/www.avafin.es\/wp-content\/uploads\/2024\/08\/banknotes_red.png\" width=\"48\" height=\"48\" loading=\"lazy\" alt=\"\"\/>\n                    <\/div>\n                                                <h3><p>Resposta a la teva sol\u00b7licitud<\/p>\n<\/h3>\n                                                <p><p>T&#039;informarem del resultat de la teva sol\u00b7licitud mitjan\u00e7ant un sms i correu electr\u00f2nic. Si la teva sol\u00b7licitud \u00e9s aprovada, enviarem els diners autom\u00e0ticament al teu compte.<\/p>\n<\/p>\n                                    <\/div>\n    <\/section>\n\n\n\n<div style=\"height:100px\" aria-hidden=\"true\" class=\"wp-block-spacer\"><\/div>\n\n\n\n<h3 class=\"wp-block-heading has-text-align-center\">Necessites un Cr\u00e8dit a l&#039;Instant?<\/h3>\n\n\n\n<div class=\"wp-block-group\"><div class=\"wp-block-group__inner-container is-layout-constrained wp-block-group-is-layout-constrained\">\n<p class=\"has-text-align-center\">Obtingues-ho avui amb AvaFin<\/p>\n\n\n\n<div style=\"margin: auto;\" class=\"flex flex-res\">\n<a id=\"av-get-loan\" class=\"btn btn-cta btn-lg force-data-base-url\" href=\"https:\/\/portal.avafin.es\/wp-registerCreditosi\" style=\"display: inline-block; margin: auto\">Sol\u00b7licitar<\/a>\n<\/div>\n<\/div><\/div>","protected":false},"excerpt":{"rendered":"<p>Aconseguir el teu pr\u00e9stec en l\u00ednia a AvaFin \u00e9s molt senzill. Nom\u00e9s has de seguir uns quants passos, i en pocs minuts, si la teva sol\u00b7licitud \u00e9s aprovada, tindr\u00e0s els diners al teu compte.<\/p>","protected":false},"author":5,"featured_media":0,"parent":0,"menu_order":0,"comment_status":"closed","ping_status":"closed","template":"","meta":{"_acf_changed":false,"footnotes":""},"class_list":["post-269","page","type-page","status-publish","hentry"],"acf":[],"yoast_head":"<!-- This site is optimized with the Yoast SEO plugin v26.4 - https:\/\/yoast.com\/wordpress\/plugins\/seo\/ -->\n<title>C\u00f3mo solicitar un pr\u00e9stamo en AvaFin 2026 | AvaFin Espa\u00f1a<\/title>\n<meta name=\"description\" content=\"Conseguir tu pr\u00e9stamo online en AvaFin es muy sencillo. Solo tienes que seguir unos pocos pasos, y en escasos minutos, si tu solicitud es aprobada, tendr\u00e1s el dinero en tu cuenta.\" \/>\n<meta name=\"robots\" content=\"index, follow, max-snippet:-1, max-image-preview:large, max-video-preview:-1\" \/>\n<link rel=\"canonical\" href=\"https:\/\/www.avafin.es\/ca\/com-funciona\" \/>\n<meta property=\"og:locale\" content=\"ca_ES\" \/>\n<meta property=\"og:type\" content=\"article\" \/>\n<meta property=\"og:title\" content=\"C\u00f3mo solicitar un pr\u00e9stamo en AvaFin 2026 | AvaFin Espa\u00f1a\" \/>\n<meta property=\"og:description\" content=\"Conseguir tu pr\u00e9stamo online en AvaFin es muy sencillo. Solo tienes que seguir unos pocos pasos, y en escasos minutos, si tu solicitud es aprobada, tendr\u00e1s el dinero en tu cuenta.\" \/>\n<meta property=\"og:url\" content=\"https:\/\/www.avafin.es\/ca\/com-funciona\" \/>\n<meta property=\"og:site_name\" content=\"AvaFin Espa\u00f1a\" \/>\n<meta property=\"article:modified_time\" content=\"2025-09-04T11:03:37+00:00\" \/>\n<meta name=\"twitter:card\" content=\"summary_large_image\" \/>\n<meta name=\"twitter:label1\" content=\"Est. reading time\" \/>\n\t<meta name=\"twitter:data1\" content=\"2 minuts\" \/>\n<script type=\"application\/ld+json\" class=\"yoast-schema-graph\">{\"@context\":\"https:\/\/schema.org\",\"@graph\":[{\"@type\":\"WebPage\",\"@id\":\"https:\/\/www.avafin.es\/ca\/com-funciona\",\"url\":\"https:\/\/www.avafin.es\/ca\/com-funciona\",\"name\":\"C\u00f3mo solicitar un pr\u00e9stamo en AvaFin 2026 | AvaFin Espa\u00f1a\",\"isPartOf\":{\"@id\":\"https:\/\/www.avafin.es\/ca\/#website\"},\"primaryImageOfPage\":{\"@id\":\"https:\/\/www.avafin.es\/ca\/com-funciona#primaryimage\"},\"image\":{\"@id\":\"https:\/\/www.avafin.es\/ca\/com-funciona#primaryimage\"},\"thumbnailUrl\":\"https:\/\/www.avafin.pl\/wp-content\/uploads\/2023\/08\/easiness_red-11.svg\",\"datePublished\":\"2020-06-12T20:58:12+00:00\",\"dateModified\":\"2025-09-04T11:03:37+00:00\",\"description\":\"Conseguir tu pr\u00e9stamo online en AvaFin es muy sencillo. Solo tienes que seguir unos pocos pasos, y en escasos minutos, si tu solicitud es aprobada, tendr\u00e1s el dinero en tu cuenta.\",\"breadcrumb\":{\"@id\":\"https:\/\/www.avafin.es\/ca\/com-funciona#breadcrumb\"},\"inLanguage\":\"ca\",\"potentialAction\":[{\"@type\":\"ReadAction\",\"target\":[\"https:\/\/www.avafin.es\/ca\/com-funciona\"]}]},{\"@type\":\"ImageObject\",\"inLanguage\":\"ca\",\"@id\":\"https:\/\/www.avafin.es\/ca\/com-funciona#primaryimage\",\"url\":\"https:\/\/www.avafin.pl\/wp-content\/uploads\/2023\/08\/easiness_red-11.svg\",\"contentUrl\":\"https:\/\/www.avafin.pl\/wp-content\/uploads\/2023\/08\/easiness_red-11.svg\"},{\"@type\":\"BreadcrumbList\",\"@id\":\"https:\/\/www.avafin.es\/ca\/com-funciona#breadcrumb\",\"itemListElement\":[{\"@type\":\"ListItem\",\"position\":1,\"name\":\"Inicio\",\"item\":\"https:\/\/www.avafin.es\/\"},{\"@type\":\"ListItem\",\"position\":2,\"name\":\"C\u00f3mo Funciona\"}]},{\"@type\":\"WebSite\",\"@id\":\"https:\/\/www.avafin.es\/ca\/#website\",\"url\":\"https:\/\/www.avafin.es\/ca\/\",\"name\":\"AvaFin Espa\u00f1a\",\"description\":\"\",\"potentialAction\":[{\"@type\":\"SearchAction\",\"target\":{\"@type\":\"EntryPoint\",\"urlTemplate\":\"https:\/\/www.avafin.es\/ca\/?s={search_term_string}\"},\"query-input\":{\"@type\":\"PropertyValueSpecification\",\"valueRequired\":true,\"valueName\":\"search_term_string\"}}],\"inLanguage\":\"ca\"}]}<\/script>\n<!-- \/ Yoast SEO plugin. -->","yoast_head_json":{"title":"Com sol\u00b7licitar un pr\u00e9stec a AvaFin 2026 | AvaFin Espanya","description":"Aconseguir el teu pr\u00e9stec en l\u00ednia a AvaFin \u00e9s molt senzill. Nom\u00e9s has de seguir uns quants passos, i en pocs minuts, si la teva sol\u00b7licitud \u00e9s aprovada, tindr\u00e0s els diners al teu compte.","robots":{"index":"index","follow":"follow","max-snippet":"max-snippet:-1","max-image-preview":"max-image-preview:large","max-video-preview":"max-video-preview:-1"},"canonical":"https:\/\/www.avafin.es\/ca\/com-funciona","og_locale":"ca_ES","og_type":"article","og_title":"C\u00f3mo solicitar un pr\u00e9stamo en AvaFin 2026 | AvaFin Espa\u00f1a","og_description":"Conseguir tu pr\u00e9stamo online en AvaFin es muy sencillo. Solo tienes que seguir unos pocos pasos, y en escasos minutos, si tu solicitud es aprobada, tendr\u00e1s el dinero en tu cuenta.","og_url":"https:\/\/www.avafin.es\/ca\/com-funciona","og_site_name":"AvaFin Espa\u00f1a","article_modified_time":"2025-09-04T11:03:37+00:00","twitter_card":"summary_large_image","twitter_misc":{"Est. reading time":"2 minuts"},"schema":{"@context":"https:\/\/schema.org","@graph":[{"@type":"WebPage","@id":"https:\/\/www.avafin.es\/ca\/com-funciona","url":"https:\/\/www.avafin.es\/ca\/com-funciona","name":"Com sol\u00b7licitar un pr\u00e9stec a AvaFin 2026 | AvaFin Espanya","isPartOf":{"@id":"https:\/\/www.avafin.es\/ca\/#website"},"primaryImageOfPage":{"@id":"https:\/\/www.avafin.es\/ca\/com-funciona#primaryimage"},"image":{"@id":"https:\/\/www.avafin.es\/ca\/com-funciona#primaryimage"},"thumbnailUrl":"https:\/\/www.avafin.pl\/wp-content\/uploads\/2023\/08\/easiness_red-11.svg","datePublished":"2020-06-12T20:58:12+00:00","dateModified":"2025-09-04T11:03:37+00:00","description":"Aconseguir el teu pr\u00e9stec en l\u00ednia a AvaFin \u00e9s molt senzill. Nom\u00e9s has de seguir uns quants passos, i en pocs minuts, si la teva sol\u00b7licitud \u00e9s aprovada, tindr\u00e0s els diners al teu compte.","breadcrumb":{"@id":"https:\/\/www.avafin.es\/ca\/com-funciona#breadcrumb"},"inLanguage":"ca","potentialAction":[{"@type":"ReadAction","target":["https:\/\/www.avafin.es\/ca\/com-funciona"]}]},{"@type":"ImageObject","inLanguage":"ca","@id":"https:\/\/www.avafin.es\/ca\/com-funciona#primaryimage","url":"https:\/\/www.avafin.pl\/wp-content\/uploads\/2023\/08\/easiness_red-11.svg","contentUrl":"https:\/\/www.avafin.pl\/wp-content\/uploads\/2023\/08\/easiness_red-11.svg"},{"@type":"BreadcrumbList","@id":"https:\/\/www.avafin.es\/ca\/com-funciona#breadcrumb","itemListElement":[{"@type":"ListItem","position":1,"name":"Inicio","item":"https:\/\/www.avafin.es\/"},{"@type":"ListItem","position":2,"name":"C\u00f3mo Funciona"}]},{"@type":"WebSite","@id":"https:\/\/www.avafin.es\/ca\/#website","url":"https:\/\/www.avafin.es\/ca\/","name":"AvaFin Espanya","description":"","potentialAction":[{"@type":"SearchAction","target":{"@type":"EntryPoint","urlTemplate":"https:\/\/www.avafin.es\/ca\/?s={search_term_string}"},"query-input":{"@type":"PropertyValueSpecification","valueRequired":true,"valueName":"search_term_string"}}],"inLanguage":"ca"}]}},"_links":{"self":[{"href":"https:\/\/www.avafin.es\/ca\/wp-json\/wp\/v2\/pages\/269","targetHints":{"allow":["GET"]}}],"collection":[{"href":"https:\/\/www.avafin.es\/ca\/wp-json\/wp\/v2\/pages"}],"about":[{"href":"https:\/\/www.avafin.es\/ca\/wp-json\/wp\/v2\/types\/page"}],"author":[{"embeddable":true,"href":"https:\/\/www.avafin.es\/ca\/wp-json\/wp\/v2\/users\/5"}],"replies":[{"embeddable":true,"href":"https:\/\/www.avafin.es\/ca\/wp-json\/wp\/v2\/comments?post=269"}],"version-history":[{"count":0,"href":"https:\/\/www.avafin.es\/ca\/wp-json\/wp\/v2\/pages\/269\/revisions"}],"wp:attachment":[{"href":"https:\/\/www.avafin.es\/ca\/wp-json\/wp\/v2\/media?parent=269"}],"curies":[{"name":"wp","href":"https:\/\/api.w.org\/{rel}","templated":true}]}}