{"id":2445,"date":"2021-08-12T12:50:03","date_gmt":"2021-08-12T12:50:03","guid":{"rendered":"https:\/\/avafines.wpenginepowered.com\/?page_id=2445"},"modified":"2025-01-21T08:28:13","modified_gmt":"2025-01-21T08:28:13","slug":"politica-de-cookies","status":"publish","type":"page","link":"https:\/\/www.avafin.es\/ca\/politica-de-cookies","title":{"rendered":"Politica de cookies"},"content":{"rendered":"<div style=\"height:30px\" aria-hidden=\"true\" class=\"wp-block-spacer\"><\/div>\n\n\n\n<p><strong>AVAFIN SPAIN, SLU<\/strong>, societat amb NIF: B71087472, domicili a Avinguda Diagonal 508, 1-6, 08006, Barcelona, i inscrita al Registre Mercantil de Barcelona, Tom 46324, Foli 155 Full B-516513, Inscripci\u00f3 11a (d&#039;ara endavant,&nbsp;<strong>\u201cAVAFIN SPAIN<\/strong>\u201d o&nbsp;<strong>\u201cnosaltres\u201d<\/strong>); utilitza cookies pr\u00f2pies i de tercers per garantir el funcionament correcte i segur del present lloc web, identificar-te en iniciar sessi\u00f3, i prestar-te els serveis que ofereix el lloc web. A m\u00e9s, <strong><strong>AVAFIN<\/strong> SPAIN<\/strong> podr\u00e0 utilitzar cookies per proporcionar-te una millor experi\u00e8ncia d&#039;usuari, obtenir informaci\u00f3 anal\u00edtica i estad\u00edstiques sobre la teva navegaci\u00f3, i mostrar-te anuncis rellevants adaptats als teus h\u00e0bits de navegaci\u00f3.<\/p>\n\n\n\n<p>D&#039;aquesta manera, i d&#039;acord amb all\u00f2 establert a l&#039;article 22.2 de la Llei 34\/2002, d&#039;11 de juliol, de serveis de la societat de la informaci\u00f3 i del comer\u00e7 electr\u00f2nic (LSSICE); i d&#039;acord amb el que disposa el Reglament (UE) 2016\/679, del Parlament Europeu i del Consell, de 27 d&#039;abril del 2016 relatiu a la protecci\u00f3 de les persones f\u00edsiques pel que fa al tractament de dades personals ia la lliure circulaci\u00f3 d&#039;aquestes dades i pel qual es deroga la Directiva 95\/46\/CE (RGPD) i la Llei Org\u00e0nica 3\/2018, de 5 de desembre, de Protecci\u00f3 de Dades Personals i garantia dels drets digitals (LOPDGDD), aquesta Pol\u00edtica de Cookies t\u00e9 per finalitat informar-te de forma clara, precisa i transparent sobre les cookies que s&#039;utilitzen a <a href=\"https:\/\/www.avafin.es\/ca\/\">https:\/\/www.avafin.es\/<\/a> (d&#039;ara endavant, el \u201c<strong>Lloc Web<\/strong>\u201d).<\/p>\n\n\n\n<p>Tingues en compte que haur\u00e0s de prestar el teu consentiment per a la utilitzaci\u00f3 de determinades cookies en accedir al Lloc Web, encara que queden exceptuades d&#039;aquesta obligaci\u00f3, les cookies que tinguin com a finalitat la de permetre \u00fanicament la comunicaci\u00f3 entre l&#039;equip de l&#039;usuari i la xarxa, aquelles que estrictament siguin necess\u00e0ries per prestar un servei que hagi estat sol\u00b7licitat per l&#039;usuari, les cookies d&#039;entrada, les cookies d&#039;entrada de reproductor multim\u00e8dia, les galetes de sessi\u00f3 per equilibrar la c\u00e0rrega, les galetes de personalitzaci\u00f3 de la interf\u00edcie d&#039;usuari, o determinades galetes de complement (plug-in) per intercanviar continguts socials (en mantenir la sessi\u00f3 oberta).<\/p>\n\n\n\n<p><strong>Qu\u00e8 \u00e9s una galeta?<\/strong><\/p>\n\n\n\n<p>Una cookie \u00e9s un arxiu inform\u00e0tic que s&#039;instal\u00b7la al terminal de l&#039;usuari quan aquest accedeix al Lloc Web i la finalitat del qual \u00e9s obtenir i emmagatzemar pautes i dades de navegaci\u00f3 per a la posterior recuperaci\u00f3 i tractament per part nostra.<\/p>\n\n\n\n<p>\u00c9s important destacar que aquests fitxers nom\u00e9s obtenen informaci\u00f3 relacionada amb el nombre de visites a la p\u00e0gina, la ciutat o localitzaci\u00f3 assignada a l&#039;adre\u00e7a IP des de la qual s&#039;accedeix, el nombre de nous usuaris, aix\u00ed com la freq\u00fc\u00e8ncia i la reincid\u00e8ncia de les visites, el temps d&#039;aquestes, o el navegador o l&#039;operador o tipus de terminal des del qual s&#039;accedeix. La informaci\u00f3 recollida per les cookies \u00e9s gen\u00e8rica i an\u00f2nima, en cap cas no s&#039;obtenen dades sobre el nom, cognoms, adre\u00e7a postal o altres dades an\u00e0logues de l&#039;usuari que s&#039;ha connectat.<\/p>\n\n\n\n<p>Si la funci\u00f3 de cookies no est\u00e0 habilitada, \u00e9s possible que no pugueu accedir correctament a determinats continguts o dur a terme determinades accions que ens sol\u00b7liciteu, de manera que la vostra experi\u00e8ncia com a usuari pot no ser del tot satisfact\u00f2ria.<\/p>\n\n\n\n<p>En tot moment podreu retirar el consentiment prestat per a l&#039;\u00fas de cookies i modificar les prefer\u00e8ncies del navegador utilitzat amb la finalitat d&#039;impedir la instal\u00b7laci\u00f3 d&#039;aquests fitxers.<\/p>\n\n\n\n<p><strong>Quins tipus de galetes hi ha?<\/strong><\/p>\n\n\n\n<p>Les galetes es poden classificar atenent a diversos criteris:<\/p>\n\n\n\n<ul class=\"wp-block-list\">\n<li><strong>Segons qui les gestioni<\/strong>. Podent diferenciar-se entre cookies pr\u00f2pies o de tercers.<\/li>\n<\/ul>\n\n\n\n<p>Les <em>cookies pr\u00f2pies<\/em> s\u00f3n les que s&#039;envien a l&#039;equip de l&#039;usuari des d&#039;un domini gestionat per nosaltres, des del qual es presta el servei sol\u00b7licitat per l&#039;usuari.<\/p>\n\n\n\n<p>Les <em>cookies de tercers<\/em> s\u00f3n aquelles que s&#039;envien al terminal de l&#039;usuari des d&#039;un equip que no \u00e9s gestionat per nosaltres, sin\u00f3 per una altra entitat amb qu\u00e8 col\u00b7laborem i que tracta les dades obtingudes a trav\u00e9s de les cookies.<\/p>\n\n\n\n<ul class=\"wp-block-list\">\n<li><strong>Segons la finalitat<\/strong>. Pot ser t\u00e8cniques, funcionals o de publicitat.<\/li>\n<\/ul>\n\n\n\n<p>Les <em>cookies t\u00e8cniques<\/em> s\u00f3n aquelles que permeten a l&#039;usuari la navegaci\u00f3 a trav\u00e9s del Lloc Web, i la utilitzaci\u00f3 de les diferents opcions o serveis que hi existeixen. Asseguren que el contingut est\u00e0 operatiu, que es mostra correctament i que \u00e9s segur, permetent autenticar l&#039;usuari, evitar l&#039;\u00fas fraudulent de les credencials d&#039;inici de sessi\u00f3, i preveuen els accessos i els usos no autoritzats.<\/p>\n\n\n\n<p>Les <em>cookies funcionals <\/em>permeten recordar informaci\u00f3 perqu\u00e8 l&#039;usuari accedeixi al Lloc Web amb caracter\u00edstiques determinades que poden diferenciar la seva experi\u00e8ncia de la d&#039;altres usuaris. Tamb\u00e9 ens permeten fer el seguiment i l&#039;an\u00e0lisi del comportament dels usuaris del Lloc Web, i permeten quantificar, entre altres aspectes, el nombre d&#039;usuaris que hi accedeixen, les p\u00e0gines visitades, el temps que hi romanen, etc.<\/p>\n\n\n\n<p>Finalment, les cookies de <em>publicitat <\/em>s\u00f3n aquelles que emmagatzemen informaci\u00f3 del comportament dels usuaris obtinguda a trav\u00e9s de l&#039;observaci\u00f3 continuada dels seus h\u00e0bits de navegaci\u00f3 al llarg del temps, a diferents llocs web i\/o apps, i que permeten als anunciants adaptar la publicitat als interessos de l&#039;usuari. Per exemple, s\u00f3n galetes usades per xarxes socials, o per complements externs de contingut per publicar anuncis rellevants a l&#039;usuari, automatitzar activitats de m\u00e0rqueting, etc.<\/p>\n\n\n\n<ul class=\"wp-block-list\">\n<li><strong>Segons el temps d&#039;activitat<\/strong>. En aquest cas podem diferenciar entre les galetes de sessi\u00f3 o persistents.<\/li>\n<\/ul>\n\n\n\n<p>Les <em>cookies persistents<\/em> s\u00f3n un tipus de cookies que fan que les dades segueixin emmagatzemades al terminal i puguin ser accedides i tractades durant un per\u00edode definit per nosaltres, que pot anar d&#039;uns minuts a diversos anys.<\/p>\n\n\n\n<p>Les <em>cookies de sessi\u00f3 <\/em>tenen car\u00e0cter temporal, i nom\u00e9s estan actives des del moment en qu\u00e8 l&#039;usuari accedeix al Lloc Web, fins que en surt i el navegador es tanca.<\/p>\n\n\n\n<p><strong>\u00bf Amb quines finalitats utilitzem les galetes?<\/strong><\/p>\n\n\n\n<p>A <strong><strong>AVAFIN<\/strong> SPAIN<\/strong> utilitzem cookies amb les seg\u00fcents finalitats:<\/p>\n\n\n\n<ul class=\"wp-block-list\">\n<li>Per facilitar la navegaci\u00f3 de lusuari, la utilitzaci\u00f3 dels serveis disponibles, garantir la disponibilitat del contingut i resta delements din\u00e0mics del Lloc Web.<\/li>\n\n\n\n<li>Per controlar el tr\u00e0nsit i la comunicaci\u00f3 de dades i identificar la sessi\u00f3.<\/li>\n\n\n\n<li>Per assegurar el funcionament correcte del Lloc Web i del flux de dades del sistema.<\/li>\n\n\n\n<li>Per facilitar lacc\u00e9s a l\u00e0rea personal dusuari.<\/li>\n\n\n\n<li>Per emmagatzemar les prefer\u00e8ncies individuals de l&#039;usuari i personalitzar-ne l&#039;experi\u00e8ncia i el contingut al Lloc Web.<\/li>\n\n\n\n<li>Per prevenir activitats abusives i fraudulentes, per tal de millorar la seguretat dels usuaris i assegurar la integritat del Lloc Web.<\/li>\n\n\n\n<li>Per analitzar els h\u00e0bits de navegaci\u00f3 a Internet i mostrar als usuaris publicitat relacionada amb el vostre perfil de navegaci\u00f3.<\/li>\n\n\n\n<li>Per facilitar i monitoritzar la connexi\u00f3 i la publicaci\u00f3 de continguts entre aquest lloc web i les xarxes socials en qu\u00e8 participem, que instal\u00b7len cookies a tots els visitants.<\/li>\n\n\n\n<li>Per fer un seguiment de les visites procedents d&#039;altres webs.<\/li>\n\n\n\n<li>Per determinar geogr\u00e0ficament la ubicaci\u00f3 del dispositiu mitjan\u00e7ant el qual s&#039;accedeix al Lloc Web.<\/li>\n\n\n\n<li>Per realitzar activitats de mesura i an\u00e0lisis estad\u00edstiques: S&#039;obt\u00e9 informaci\u00f3 sobre el nombre d&#039;usuaris que accedeixen al lloc web, l&#039;origen de les visites, el comportament de navegaci\u00f3 i la utilitzaci\u00f3 que fan dels serveis oferts i del contingut disponible; com tamb\u00e9 s&#039;elaboren perfils de navegaci\u00f3 i es mesura l&#039;activitat en general del lloc web, d&#039;acord amb dades relatives al tr\u00e0nsit que arriba segons l&#039;audi\u00e8ncia per fer-ne un seguiment per zones geogr\u00e0fiques, data, tipus d&#039;idioma o dispositius i navegadors d&#039;acc\u00e9s, etc.<\/li>\n<\/ul>\n\n\n\n<p>A m\u00e9s, t&#039;informem que les nostres entitats col\u00b7laboradores tamb\u00e9 podran fer servir les dades que obtinguin de la teva navegaci\u00f3 per millorar els seus propis serveis, i per oferir serveis a altres empreses.<\/p>\n\n\n\n<p>Si vols eliminar les cookies amb posterioritat, ho haur\u00e0s de fer des del teu propi navegador (com s&#039;indicar\u00e0 posteriorment), oa trav\u00e9s del sistema que indiqui el tercer. Aix\u00ed mateix, pots obtenir m\u00e9s informaci\u00f3 de les transfer\u00e8ncies a tercers pa\u00efsos que, si escau, realitzen els titulars de les cookies de tercers identificats aqu\u00ed, a trav\u00e9s de les seves corresponents pol\u00edtiques de cookies i de privadesa que s\u00f3n accessibles als seus llocs web.<\/p>\n\n\n\n<p><strong>Quines galetes utilitzem?<\/strong><\/p>\n\n\n\n<figure class=\"wp-block-table\"><table><tbody><tr><td><strong>Nom<\/strong><\/td><td><strong>Pr\u00f2pia o de tercers<\/strong><\/td><td><strong>Propietari<\/strong><\/td><td><strong>Descripci\u00f3<\/strong><\/td><td><strong>Categoria<\/strong><\/td><\/tr><tr><td>sessi\u00f3<br><\/td><td>Pr\u00f2pia<br><\/td><td>Avafin<\/td><td>Emmagatzemar informaci\u00f3 sobre el comportament dels usuaris a la p\u00e0gina a curt termini<\/td><td>Cookie t\u00e8cnica<\/td><\/tr><tr><td>cf_tag<\/td><td>Pr\u00f2pia<\/td><td>Avafin<\/td><td>Vincular m\u00faltiples sessions juntes per usuari<\/td><td>Cookie t\u00e8cnica<\/td><\/tr><tr><td>query<\/td><td>Pr\u00f2pia<\/td><td>Avafin<\/td><td>Informar els nostres col\u00b7laboradors de les visites dels usuaris de la seva p\u00e0gina web a la nostra<\/td><td>Cookie funcional<\/td><\/tr><tr><td>_ga _gid _gat_UA-63977967-1<\/td><td>Tercers<\/td><td><a href=\"https:\/\/developers.google.com\/analytics\/devguides\/collection\/analyticsjs\/cookie-usage\">Google Analytics<\/a><br><\/td><td>Registrar un \u00fanic ID per generar dades estad\u00edstiques sobre com el visitant utilitza la p\u00e0gina web<\/td><td>Cookie funcional<\/td><\/tr><tr><td>notice_behaviour notice_preferences notice_gdpr_prefs<\/td><td>Tercers<\/td><td><a href=\"https:\/\/trustarc.com\/cookie-policy\/\">TrustArc<\/a><br><\/td><td>Gesti\u00f3 de la c\u00e0rrega de galetes, i consentiment i administraci\u00f3 de prefer\u00e8ncies en el seu \u00fas.<\/td><td>Cookie funcional<\/td><\/tr><tr><td>_fbp<\/td><td>Tercers<\/td><td><a href=\"https:\/\/www.facebook.com\/policies\/cookies\">Facebook<\/a><\/td><td>Utilitzada per Facebook per oferir una s\u00e8rie de productes publicitaris en temps real d&#039;anunciants externs<\/td><td>Cookie de publicitat<\/td><\/tr><tr><td>_hjTLDTest<br><\/td><td>Tercers<\/td><td><a href=\"https:\/\/help.hotjar.com\/hc\/en-us\/articles\/115011789248-Hotjar-Cookie-Information\">Hotjar<\/a><\/td><td>Detecta la classificaci\u00f3 SEO del lloc web actual. El servei \u00e9s part d&#039;an\u00e0lisi i estad\u00edstiques de tercers<\/td><td>Cookie funcional<\/td><\/tr><tr><td>_hjid<br><\/td><td>Tercers<\/td><td><a href=\"https:\/\/help.hotjar.com\/hc\/en-us\/articles\/115011789248-Hotjar-Cookie-Information\">Hotjar<\/a><\/td><td>Estableix una ID \u00fanica per a la sessi\u00f3. Aix\u00f2 permet que el lloc web obtingui dades sobre el comportament dels visitants amb finalitats estad\u00edstiques<\/td><td>Cookie funcional<\/td><\/tr><tr><td>_hjAbsoluteSessionInProgre<\/td><td>Tercers<\/td><td><a href=\"https:\/\/help.hotjar.com\/hc\/en-us\/articles\/115011789248-Hotjar-Cookie-Information\">Hotjar<\/a><\/td><td>Aquesta galeta s&#039;utilitza per comptar quantes vegades un lloc web ha estat visitat per diferents visitants. Aix\u00f2 es duu a terme assignant l&#039;ID de visitant, cosa que permet que l&#039;usuari no es registri dues vegades<\/td><td>Cookie funcional<\/td><\/tr><tr><td>fr<\/td><td>Tercers<\/td><td><a href=\"https:\/\/www.facebook.com\/policies\/cookies\">Facebook<\/a><\/td><td>S&#039;utilitza per oferir una s\u00e8rie de productes publicitaris, com ara ofertes en temps real d&#039;anunciants externs<\/td><td>Cookie de publicitat<\/td><\/tr><tr><td>lang<\/td><td>Tercers<\/td><td><a href=\"https:\/\/www.daktela.com\/wp-content\/uploads\/2020\/01\/Processing-cookies.pdf\">Daktela<\/a><\/td><td>Aquesta galeta recorda l&#039;usuari el vostre idioma seleccionat al lloc web<\/td><td>Cookie funcional<\/td><\/tr><\/tbody><\/table><\/figure>\n\n\n\n<p><strong>Com puc gestionar les galetes?<\/strong><\/p>\n\n\n\n<p>D&#039;una banda, pots acceptar o rebutjar l&#039;\u00fas de galetes a trav\u00e9s del centre de configuraci\u00f3 de galetes que posem sempre a la teva disposici\u00f3, i al qual pots accedir tant a trav\u00e9s del missatge d&#039;informaci\u00f3 que apareix en accedir al Lloc Web per primera vegada en sol\u00b7licitar el teu consentiment per a l&#039;\u00fas de galetes o en renovar-lo; oa trav\u00e9s de la navegaci\u00f3 al Lloc Web, on a la part baixa trobar\u00e0s l&#039;enlla\u00e7 per accedir a les &#039;Prefer\u00e8ncies de Cookies&#039;.<\/p>\n\n\n\n<p>Aix\u00ed mateix, si has acceptat la instal\u00b7laci\u00f3 de galetes de tercers en algun moment, podr\u00e0 eliminar-les mitjan\u00e7ant la configuraci\u00f3 de les opcions del teu navegador. Podeu trobar informaci\u00f3 sobre com fer-ho, en relaci\u00f3 amb els navegadors m\u00e9s comuns, a trav\u00e9s dels enlla\u00e7os que s&#039;indiquen a continuaci\u00f3:<\/p>\n\n\n\n<ul class=\"wp-block-list\">\n<li><a href=\"https:\/\/support.microsoft.com\/es-es\/topic\/c%C3%B3mo-eliminar-archivos-de-cookies-en-internet-explorer-bca9446f-d873-78de-77ba-d42645fa52fc\">Explorer<\/a><\/li>\n\n\n\n<li><a href=\"https:\/\/support.mozilla.org\/es\/kb\/habilitar-y-deshabilitar-cookies-que-los-sitios-we\">Firefox<\/a>&nbsp;<\/li>\n\n\n\n<li><a href=\"http:\/\/support.google.com\/chrome\/bin\/answer.py?hl=es&amp;answer=95647\">Chrome<\/a><\/li>\n\n\n\n<li><a href=\"https:\/\/support.apple.com\/es-es\/HT201265\">Safari<\/a><\/li>\n\n\n\n<li><a href=\"https:\/\/support.google.com\/accounts\/answer\/61416?co=GENIE.Platform%3DAndroid&amp;hl=es\">Android<\/a><\/li>\n\n\n\n<li><a href=\"https:\/\/blogs.opera.com\/news\/2015\/08\/how-to-manage-cookies-in-opera\/\">Opera<\/a><\/li>\n<\/ul>\n\n\n\n<p>T&#039;informem, per\u00f2, de la possibilitat que la desactivaci\u00f3 d&#039;alguna galeta impedeixi o dificulti la navegaci\u00f3 o la prestaci\u00f3 dels serveis oferts per <strong><strong>AVAFIN <\/strong>SPAIN<\/strong>.<\/p>\n\n\n\n<p><strong>Canvis a la Pol\u00edtica de Cookies i informaci\u00f3<\/strong><\/p>\n\n\n\n<p>Podem canviar aquesta Pol\u00edtica de cookies en qualsevol moment, ia aquest efecte, sempre indicarem la data en qu\u00e8 es va actualitzar per darrera vegada. Si hi ha hagut modificacions significatives, destacarem aquests canvis i intentarem alertar-te directament quan sigui possible.<\/p>\n\n\n\n<p>Si vols obtenir m\u00e9s informaci\u00f3 sobre l&#039;\u00fas de les dades recopilades de les galetes de tercers, pots identificar quines galetes es col\u00b7loquen a trav\u00e9s de la configuraci\u00f3 de privadesa del teu navegador oa la informaci\u00f3 del lloc (consulta la secci\u00f3 d&#039;ajuda del teu navegador), i despr\u00e9s visita el lloc del tercer que correspongui per localitzar la pol\u00edtica de privadesa i de galetes. Si vols optar per no rebre publicitat basada en interessos, fes clic <a href=\"https:\/\/www.youronlinechoices.com\/\">aqu\u00ed<\/a>.<\/p>\n\n\n\n<p>Per consultes o dubtes sobre com fem servir les cookies a <a href=\"https:\/\/www.avafin.es\/ca\/\">https:\/\/www.avafin.es\/<\/a>, comunica&#039;t amb nosaltres a trav\u00e9s del correu electr\u00f2nic seg\u00fcent: <a href=\"mailto:legal@avafin.es\">legal@avafin.es<\/a>.<\/p>\n\n\n\n<p><strong>Aquesta Pol\u00edtica de Cookies ha estat publicada el 20 d&#039;agost de 2021.<\/strong><\/p>\n\n\n\n<div style=\"height:32px\" aria-hidden=\"true\" class=\"wp-block-spacer\"><\/div>","protected":false},"excerpt":{"rendered":"<p>AVAFIN SPAIN, SLU, societat amb NIF: B71087472, domicili a Avinguda Diagonal 508, 1-6, 08006, Barcelona, i inscrita al Registre Mercantil de Barcelona, Tom 46324, Foli 155 Fulla B-516513, Inscripci\u00f3 \u201cnosaltres\u201d); utilitza cookies pr\u00f2pies i de tercers per garantir el correcte i segur funcionament del present lloc web, identificar-te en iniciar sessi\u00f3, [\u2026]<\/p>","protected":false},"author":5,"featured_media":0,"parent":0,"menu_order":0,"comment_status":"closed","ping_status":"closed","template":"","meta":{"_acf_changed":false,"footnotes":""},"class_list":["post-2445","page","type-page","status-publish","hentry"],"acf":[],"yoast_head":"<!-- This site is optimized with the Yoast SEO plugin v26.4 - https:\/\/yoast.com\/wordpress\/plugins\/seo\/ -->\n<title>Pol\u00edtica de cookies | AvaFin Espa\u00f1a<\/title>\n<meta name=\"robots\" content=\"index, follow, max-snippet:-1, max-image-preview:large, max-video-preview:-1\" \/>\n<link rel=\"canonical\" href=\"https:\/\/www.avafin.es\/ca\/politica-de-cookies\" \/>\n<meta property=\"og:locale\" content=\"ca_ES\" \/>\n<meta property=\"og:type\" content=\"article\" \/>\n<meta property=\"og:title\" content=\"Pol\u00edtica de cookies | AvaFin Espa\u00f1a\" \/>\n<meta property=\"og:description\" content=\"AVAFIN SPAIN, S.L.U., sociedad con N.I.F.: B71087472, domicilio en Avenida Diagonal 508, 1-6, 08006, Barcelona, e inscrita en el Registro Mercantil de Barcelona, Tomo 46324, Folio 155 Hoja B-516513, Inscripci\u00f3n 11\u00aa (en adelante,&nbsp;\u201cAVAFIN SPAIN\u201d&nbsp;o&nbsp;\u201cnosotros\u201d); utiliza cookies propias y de terceros para garantizar el correcto y seguro funcionamiento del presente sitio web, identificarte al iniciar sesi\u00f3n, [&hellip;]\" \/>\n<meta property=\"og:url\" content=\"https:\/\/www.avafin.es\/ca\/politica-de-cookies\" \/>\n<meta property=\"og:site_name\" content=\"AvaFin Espa\u00f1a\" \/>\n<meta property=\"article:modified_time\" content=\"2025-01-21T08:28:13+00:00\" \/>\n<meta name=\"twitter:card\" content=\"summary_large_image\" \/>\n<meta name=\"twitter:label1\" content=\"Est. reading time\" \/>\n\t<meta name=\"twitter:data1\" content=\"10 minuts\" \/>\n<script type=\"application\/ld+json\" class=\"yoast-schema-graph\">{\"@context\":\"https:\/\/schema.org\",\"@graph\":[{\"@type\":\"WebPage\",\"@id\":\"https:\/\/www.avafin.es\/ca\/politica-de-cookies\",\"url\":\"https:\/\/www.avafin.es\/ca\/politica-de-cookies\",\"name\":\"Pol\u00edtica de cookies | AvaFin Espa\u00f1a\",\"isPartOf\":{\"@id\":\"https:\/\/www.avafin.es\/ca\/#website\"},\"datePublished\":\"2021-08-12T12:50:03+00:00\",\"dateModified\":\"2025-01-21T08:28:13+00:00\",\"breadcrumb\":{\"@id\":\"https:\/\/www.avafin.es\/ca\/politica-de-cookies#breadcrumb\"},\"inLanguage\":\"ca\",\"potentialAction\":[{\"@type\":\"ReadAction\",\"target\":[\"https:\/\/www.avafin.es\/ca\/politica-de-cookies\"]}]},{\"@type\":\"BreadcrumbList\",\"@id\":\"https:\/\/www.avafin.es\/ca\/politica-de-cookies#breadcrumb\",\"itemListElement\":[{\"@type\":\"ListItem\",\"position\":1,\"name\":\"Inicio\",\"item\":\"https:\/\/www.avafin.es\/\"},{\"@type\":\"ListItem\",\"position\":2,\"name\":\"Pol\u00edtica de cookies\"}]},{\"@type\":\"WebSite\",\"@id\":\"https:\/\/www.avafin.es\/ca\/#website\",\"url\":\"https:\/\/www.avafin.es\/ca\/\",\"name\":\"AvaFin Espa\u00f1a\",\"description\":\"\",\"potentialAction\":[{\"@type\":\"SearchAction\",\"target\":{\"@type\":\"EntryPoint\",\"urlTemplate\":\"https:\/\/www.avafin.es\/ca\/?s={search_term_string}\"},\"query-input\":{\"@type\":\"PropertyValueSpecification\",\"valueRequired\":true,\"valueName\":\"search_term_string\"}}],\"inLanguage\":\"ca\"}]}<\/script>\n<!-- \/ Yoast SEO plugin. -->","yoast_head_json":{"title":"Pol\u00edtica de galetes | AvaFin Espanya","robots":{"index":"index","follow":"follow","max-snippet":"max-snippet:-1","max-image-preview":"max-image-preview:large","max-video-preview":"max-video-preview:-1"},"canonical":"https:\/\/www.avafin.es\/ca\/politica-de-cookies","og_locale":"ca_ES","og_type":"article","og_title":"Pol\u00edtica de cookies | AvaFin Espa\u00f1a","og_description":"AVAFIN SPAIN, S.L.U., sociedad con N.I.F.: B71087472, domicilio en Avenida Diagonal 508, 1-6, 08006, Barcelona, e inscrita en el Registro Mercantil de Barcelona, Tomo 46324, Folio 155 Hoja B-516513, Inscripci\u00f3n 11\u00aa (en adelante,&nbsp;\u201cAVAFIN SPAIN\u201d&nbsp;o&nbsp;\u201cnosotros\u201d); utiliza cookies propias y de terceros para garantizar el correcto y seguro funcionamiento del presente sitio web, identificarte al iniciar sesi\u00f3n, [&hellip;]","og_url":"https:\/\/www.avafin.es\/ca\/politica-de-cookies","og_site_name":"AvaFin Espa\u00f1a","article_modified_time":"2025-01-21T08:28:13+00:00","twitter_card":"summary_large_image","twitter_misc":{"Est. reading time":"10 minuts"},"schema":{"@context":"https:\/\/schema.org","@graph":[{"@type":"WebPage","@id":"https:\/\/www.avafin.es\/ca\/politica-de-cookies","url":"https:\/\/www.avafin.es\/ca\/politica-de-cookies","name":"Pol\u00edtica de galetes | AvaFin Espanya","isPartOf":{"@id":"https:\/\/www.avafin.es\/ca\/#website"},"datePublished":"2021-08-12T12:50:03+00:00","dateModified":"2025-01-21T08:28:13+00:00","breadcrumb":{"@id":"https:\/\/www.avafin.es\/ca\/politica-de-cookies#breadcrumb"},"inLanguage":"ca","potentialAction":[{"@type":"ReadAction","target":["https:\/\/www.avafin.es\/ca\/politica-de-cookies"]}]},{"@type":"BreadcrumbList","@id":"https:\/\/www.avafin.es\/ca\/politica-de-cookies#breadcrumb","itemListElement":[{"@type":"ListItem","position":1,"name":"Inicio","item":"https:\/\/www.avafin.es\/"},{"@type":"ListItem","position":2,"name":"Pol\u00edtica de cookies"}]},{"@type":"WebSite","@id":"https:\/\/www.avafin.es\/ca\/#website","url":"https:\/\/www.avafin.es\/ca\/","name":"AvaFin Espanya","description":"","potentialAction":[{"@type":"SearchAction","target":{"@type":"EntryPoint","urlTemplate":"https:\/\/www.avafin.es\/ca\/?s={search_term_string}"},"query-input":{"@type":"PropertyValueSpecification","valueRequired":true,"valueName":"search_term_string"}}],"inLanguage":"ca"}]}},"_links":{"self":[{"href":"https:\/\/www.avafin.es\/ca\/wp-json\/wp\/v2\/pages\/2445","targetHints":{"allow":["GET"]}}],"collection":[{"href":"https:\/\/www.avafin.es\/ca\/wp-json\/wp\/v2\/pages"}],"about":[{"href":"https:\/\/www.avafin.es\/ca\/wp-json\/wp\/v2\/types\/page"}],"author":[{"embeddable":true,"href":"https:\/\/www.avafin.es\/ca\/wp-json\/wp\/v2\/users\/5"}],"replies":[{"embeddable":true,"href":"https:\/\/www.avafin.es\/ca\/wp-json\/wp\/v2\/comments?post=2445"}],"version-history":[{"count":0,"href":"https:\/\/www.avafin.es\/ca\/wp-json\/wp\/v2\/pages\/2445\/revisions"}],"wp:attachment":[{"href":"https:\/\/www.avafin.es\/ca\/wp-json\/wp\/v2\/media?parent=2445"}],"curies":[{"name":"wp","href":"https:\/\/api.w.org\/{rel}","templated":true}]}}