{"id":1744,"date":"2021-02-01T12:38:34","date_gmt":"2021-02-01T12:38:34","guid":{"rendered":"https:\/\/avafines.wpenginepowered.com\/?page_id=1744"},"modified":"2024-08-26T10:34:07","modified_gmt":"2024-08-26T10:34:07","slug":"pagar-el-prestec","status":"publish","type":"page","link":"https:\/\/www.avafin.es\/ca\/com-funciona\/pagar-el-prestec","title":{"rendered":"Pagar el Pr\u00e9stec"},"content":{"rendered":"<div class=\"wp-block-group alignfull\"><div class=\"wp-block-group__inner-container is-layout-flow wp-block-group-is-layout-flow\">\n<h3 class=\"wp-block-heading has-text-align-center header-full-dots has-text-color\" style=\"color:#010440;text-transform:none\"><span>Com pagar el teu pr\u00e9stec en l\u00ednia?<\/span><\/h3>\n\n\n<section id=\"cards-group-block_d09a2242ec75c32a80bda23bb49e9426\" class=\"av-cards-group   av-cards-group-3 av-card-group-standard\" >\n            <div id=\"card-0\"\n            class=\"av-card\"\n            style=\"\"\n                    >\n                                <div class=\"av-cards-group-img-container\">\n                        <img decoding=\"async\" src=\"https:\/\/www.avafin.es\/wp-content\/uploads\/2024\/08\/credit_card_red.png\" width=\"48\" height=\"48\" loading=\"lazy\" alt=\"\"\/>\n                    <\/div>\n                                                <h3><p>Targeta de d\u00e8bit<\/p>\n<\/h3>\n                                                <p><p>Accedeix a la teva \u00e0rea de client per pagar amb targeta de d\u00e8bit.<\/p>\n<\/p>\n                                                                <a                            class=\"av-card-button btn btn-basic btn-md\"\n                            href=\"https:\/\/portal.avafin.es\/login\"                                                        role=\"button\"                        >\n                        \u00c0rea de Client                        <\/a>\n                                        <\/div>\n            <div id=\"card-1\"\n            class=\"av-card\"\n            style=\"\"\n                    >\n                                <div class=\"av-cards-group-img-container\">\n                        <img decoding=\"async\" src=\"https:\/\/www.avafin.es\/wp-content\/uploads\/2024\/07\/stopwatch_red.png\" width=\"48\" height=\"48\" loading=\"lazy\" alt=\"\"\/>\n                    <\/div>\n                                                <h3><p>Transfer\u00e8ncia instant\u00e0nia<\/p>\n<\/h3>\n                                                <p><p>Accedeix a la teva \u00e0rea de client per pagar mitjan\u00e7ant transfer\u00e8ncia instant\u00e0nia<\/p>\n<\/p>\n                                                                <a                            class=\"av-card-button btn btn-basic btn-md\"\n                            href=\"https:\/\/portal.avafin.es\/login\"                                                        role=\"button\"                        >\n                        \u00c0rea de Client                        <\/a>\n                                        <\/div>\n            <div id=\"card-2\"\n            class=\"av-card\"\n            style=\"\"\n                    >\n                                <div class=\"av-cards-group-img-container\">\n                        <img decoding=\"async\" src=\"https:\/\/www.avafin.es\/wp-content\/uploads\/2024\/08\/mail_red.png\" width=\"48\" height=\"48\" loading=\"lazy\" alt=\"\"\/>\n                    <\/div>\n                                                <h3><p>Transfer\u00e8ncia ordin\u00e0ria<\/p>\n<\/h3>\n                                                <p><p>A continuaci\u00f3 us expliquem com fer-la<\/p>\n<\/p>\n                                                            <div class=\"av-card-decorative-button\"><p>M\u00e9s informaci\u00f3 a continuaci\u00f3<\/p>\n<\/div>\n                                    <\/div>\n    <\/section>\n\n\n\n<div style=\"height:42px\" aria-hidden=\"true\" class=\"wp-block-spacer\"><\/div>\n\n\n\n<h3 class=\"wp-block-heading has-text-align-center header-full-dots has-text-color\" id=\"how-to-pay\" style=\"color:#010440\"><span>Pagar el pr\u00e9stec mitjan\u00e7ant Transfer\u00e8ncia Ordin\u00e0ria<\/span><\/h3>\n\n\n\n<div style=\"margin: auto\"><div class=\"wp-block-lendon-card av-horizontal-card\">\n<div class=\"wp-block-columns are-vertically-aligned-center is-layout-flex wp-container-core-columns-is-layout-9d6595d7 wp-block-columns-is-layout-flex\">\n<div class=\"wp-block-column is-vertically-aligned-center is-layout-flow wp-block-column-is-layout-flow\" style=\"flex-basis:25%\"><div class=\"wp-block-image\">\n<figure class=\"alignleft size-full\"><img loading=\"lazy\" decoding=\"async\" width=\"250\" height=\"61\" src=\"https:\/\/www.avafin.es\/wp-content\/uploads\/2024\/08\/caixa.webp\" alt=\"\" class=\"wp-image-4411\"\/><\/figure>\n<\/div><\/div>\n\n\n\n<div class=\"wp-block-column is-vertically-aligned-center is-layout-flow wp-block-column-is-layout-flow\" style=\"flex-basis:25%\">\n<p class=\"has-text-align-center line-h26 has-text-color\" style=\"color:#666370\"><strong>N\u00famero de compte:<\/strong> <\/p>\n\n\n\n<p class=\"has-text-align-center line-h26 has-text-color\" style=\"color:#666370\"><strong>ES8521003013262200658395<\/strong><\/p>\n<\/div>\n\n\n\n<div class=\"wp-block-column is-vertically-aligned-center is-layout-flow wp-block-column-is-layout-flow\" style=\"flex-basis:25%\">\n<p class=\"has-text-align-center line-h26 has-text-color\" style=\"color:#666370\"><strong>Beneficiari:<\/strong><\/p>\n\n\n\n<p class=\"has-text-align-center line-h26 has-text-color\" style=\"color:#666370\">Avafin Spain SLU<\/p>\n<\/div>\n\n\n\n<div class=\"wp-block-column is-vertically-aligned-center is-layout-flow wp-block-column-is-layout-flow\" style=\"flex-basis:25%\">\n<p class=\"has-text-align-center line-h26 has-text-color\" style=\"color:#666370\"><strong>Concepte:<\/strong><\/p>\n\n\n\n<p class=\"has-text-align-center line-h26 has-text-color\" style=\"color:#666370\">DNI\/NIE\/ Codi del pr\u00e9stec<\/p>\n<\/div>\n<\/div>\n<\/div><\/div>\n\n\n\n<div style=\"height:32px\" aria-hidden=\"true\" class=\"wp-block-spacer\"><\/div>\n\n\n\n<div style=\"margin: auto\"><div class=\"wp-block-lendon-card av-horizontal-card\">\n<div class=\"wp-block-columns are-vertically-aligned-center is-layout-flex wp-container-core-columns-is-layout-9d6595d7 wp-block-columns-is-layout-flex\">\n<div class=\"wp-block-column is-vertically-aligned-center is-layout-flow wp-block-column-is-layout-flow\" style=\"flex-basis:25%\"><div class=\"wp-block-image\">\n<figure class=\"alignleft size-full\"><img loading=\"lazy\" decoding=\"async\" width=\"303\" height=\"75\" src=\"https:\/\/www.avafin.es\/wp-content\/uploads\/2024\/08\/santander.webp\" alt=\"\" class=\"wp-image-4413\" srcset=\"https:\/\/www.avafin.es\/wp-content\/uploads\/2024\/08\/santander.webp 303w, https:\/\/www.avafin.es\/wp-content\/uploads\/2024\/08\/santander-300x74.webp 300w\" sizes=\"auto, (max-width: 303px) 100vw, 303px\" \/><\/figure>\n<\/div><\/div>\n\n\n\n<div class=\"wp-block-column is-vertically-aligned-center is-layout-flow wp-block-column-is-layout-flow\" style=\"flex-basis:25%\">\n<p class=\"has-text-align-center line-h26 has-text-color\" style=\"color:#666370\"><strong>N\u00famero de compte:<\/strong> <\/p>\n\n\n\n<p class=\"has-text-align-center line-h26 has-text-color\" style=\"color:#666370\"><strong>ES0900491821032810655709<\/strong><\/p>\n<\/div>\n\n\n\n<div class=\"wp-block-column is-vertically-aligned-center is-layout-flow wp-block-column-is-layout-flow\" style=\"flex-basis:25%\">\n<p class=\"has-text-align-center line-h26 has-text-color\" style=\"color:#666370\"><strong>Beneficiari:<\/strong><\/p>\n\n\n\n<p class=\"has-text-align-center line-h26 has-text-color\" style=\"color:#666370\">Avafin Spain SLU<\/p>\n<\/div>\n\n\n\n<div class=\"wp-block-column is-vertically-aligned-center is-layout-flow wp-block-column-is-layout-flow\" style=\"flex-basis:25%\">\n<p class=\"has-text-align-center line-h26 has-text-color\" style=\"color:#666370\"><strong>Concepte:<\/strong><\/p>\n\n\n\n<p class=\"has-text-align-center line-h26 has-text-color\" style=\"color:#666370\">DNI\/NIE\/ Codi del pr\u00e9stec<\/p>\n<\/div>\n<\/div>\n<\/div><\/div>\n<\/div><\/div>\n\n\n\n<div style=\"height:40px\" aria-hidden=\"true\" class=\"wp-block-spacer\"><\/div>\n\n\n\n<h3 class=\"wp-block-heading has-text-align-center has-large-font-size\">No et va b\u00e9 pagar ara?<\/h3>\n\n\n\n<p class=\"has-text-align-left\" style=\"font-size:17px\">Si no pots pagar el pr\u00e9stec a la data de venciment del mateix per qualsevol motiu, recorda que<strong> pots sol\u00b7licitar una extensi\u00f3 de fins a 30 dies<\/strong>.<\/p>\n\n\n\n<p>Pots optar per estendre el pagament a <strong>10, 15 o 30 dies<\/strong>. Per gestionar-ho, accedeix al teu <strong><a href=\"https:\/\/portal.avafin.es\/login\">\u00c0rea de client<\/a><\/strong> o truca&#039;ns al <strong>900 533 81<\/strong>7. D&#039;aquesta manera, evitareu pagar interessos de demora i despeses addicionals.<\/p>\n\n\n\n<div style=\"height:40px\" aria-hidden=\"true\" class=\"wp-block-spacer\"><\/div>","protected":false},"excerpt":{"rendered":"<p>Recorda fer el pagament del teu pr\u00e9stec a temps.<br \/>\nAqu\u00ed us expliquem com fer-ho d&#039;una manera senzilla i r\u00e0pida.<\/p>","protected":false},"author":5,"featured_media":0,"parent":269,"menu_order":0,"comment_status":"closed","ping_status":"closed","template":"","meta":{"_acf_changed":false,"footnotes":""},"class_list":["post-1744","page","type-page","status-publish","hentry"],"acf":[],"yoast_head":"<!-- This site is optimized with the Yoast SEO plugin v26.4 - https:\/\/yoast.com\/wordpress\/plugins\/seo\/ -->\n<title>Pagar tu Pr\u00e9stamo de Manera Sencilla 2026 | AvaFin Espa\u00f1a<\/title>\n<meta name=\"description\" content=\"Descubre c\u00f3mo pagar tu pr\u00e9stamo de forma r\u00e1pida y sencilla con tarjeta de d\u00e9bito, transferencia inmediata o transferencia bancaria. Accede a tu \u00c1rea de Cliente y evita intereses de demora.\" \/>\n<meta name=\"robots\" content=\"index, follow, max-snippet:-1, max-image-preview:large, max-video-preview:-1\" \/>\n<link rel=\"canonical\" href=\"https:\/\/www.avafin.es\/ca\/com-funciona\/pagar-el-prestec\" \/>\n<meta property=\"og:locale\" content=\"ca_ES\" \/>\n<meta property=\"og:type\" content=\"article\" \/>\n<meta property=\"og:title\" content=\"Pagar tu Pr\u00e9stamo de Manera Sencilla 2026 | AvaFin Espa\u00f1a\" \/>\n<meta property=\"og:description\" content=\"Descubre c\u00f3mo pagar tu pr\u00e9stamo de forma r\u00e1pida y sencilla con tarjeta de d\u00e9bito, transferencia inmediata o transferencia bancaria. Accede a tu \u00c1rea de Cliente y evita intereses de demora.\" \/>\n<meta property=\"og:url\" content=\"https:\/\/www.avafin.es\/ca\/com-funciona\/pagar-el-prestec\" \/>\n<meta property=\"og:site_name\" content=\"AvaFin Espa\u00f1a\" \/>\n<meta property=\"article:modified_time\" content=\"2024-08-26T10:34:07+00:00\" \/>\n<meta property=\"og:image\" content=\"https:\/\/www.avafin.es\/wp-content\/uploads\/2024\/08\/caixa.webp\" \/>\n<meta name=\"twitter:card\" content=\"summary_large_image\" \/>\n<meta name=\"twitter:label1\" content=\"Est. reading time\" \/>\n\t<meta name=\"twitter:data1\" content=\"1 minut\" \/>\n<script type=\"application\/ld+json\" class=\"yoast-schema-graph\">{\"@context\":\"https:\/\/schema.org\",\"@graph\":[{\"@type\":\"WebPage\",\"@id\":\"https:\/\/www.avafin.es\/ca\/com-funciona\/pagar-el-prestec\",\"url\":\"https:\/\/www.avafin.es\/ca\/com-funciona\/pagar-el-prestec\",\"name\":\"Pagar tu Pr\u00e9stamo de Manera Sencilla 2026 | AvaFin Espa\u00f1a\",\"isPartOf\":{\"@id\":\"https:\/\/www.avafin.es\/ca\/#website\"},\"primaryImageOfPage\":{\"@id\":\"https:\/\/www.avafin.es\/ca\/com-funciona\/pagar-el-prestec#primaryimage\"},\"image\":{\"@id\":\"https:\/\/www.avafin.es\/ca\/com-funciona\/pagar-el-prestec#primaryimage\"},\"thumbnailUrl\":\"https:\/\/www.avafin.es\/wp-content\/uploads\/2024\/08\/caixa.webp\",\"datePublished\":\"2021-02-01T12:38:34+00:00\",\"dateModified\":\"2024-08-26T10:34:07+00:00\",\"description\":\"Descubre c\u00f3mo pagar tu pr\u00e9stamo de forma r\u00e1pida y sencilla con tarjeta de d\u00e9bito, transferencia inmediata o transferencia bancaria. Accede a tu \u00c1rea de Cliente y evita intereses de demora.\",\"breadcrumb\":{\"@id\":\"https:\/\/www.avafin.es\/ca\/com-funciona\/pagar-el-prestec#breadcrumb\"},\"inLanguage\":\"ca\",\"potentialAction\":[{\"@type\":\"ReadAction\",\"target\":[\"https:\/\/www.avafin.es\/ca\/com-funciona\/pagar-el-prestec\"]}]},{\"@type\":\"ImageObject\",\"inLanguage\":\"ca\",\"@id\":\"https:\/\/www.avafin.es\/ca\/com-funciona\/pagar-el-prestec#primaryimage\",\"url\":\"https:\/\/www.avafin.es\/wp-content\/uploads\/2024\/08\/caixa.webp\",\"contentUrl\":\"https:\/\/www.avafin.es\/wp-content\/uploads\/2024\/08\/caixa.webp\"},{\"@type\":\"BreadcrumbList\",\"@id\":\"https:\/\/www.avafin.es\/ca\/com-funciona\/pagar-el-prestec#breadcrumb\",\"itemListElement\":[{\"@type\":\"ListItem\",\"position\":1,\"name\":\"Inicio\",\"item\":\"https:\/\/www.avafin.es\/\"},{\"@type\":\"ListItem\",\"position\":2,\"name\":\"C\u00f3mo Funciona\",\"item\":\"https:\/\/www.avafin.es\/como-funciona\"},{\"@type\":\"ListItem\",\"position\":3,\"name\":\"Pagar el Pr\u00e9stamo\"}]},{\"@type\":\"WebSite\",\"@id\":\"https:\/\/www.avafin.es\/ca\/#website\",\"url\":\"https:\/\/www.avafin.es\/ca\/\",\"name\":\"AvaFin Espa\u00f1a\",\"description\":\"\",\"potentialAction\":[{\"@type\":\"SearchAction\",\"target\":{\"@type\":\"EntryPoint\",\"urlTemplate\":\"https:\/\/www.avafin.es\/ca\/?s={search_term_string}\"},\"query-input\":{\"@type\":\"PropertyValueSpecification\",\"valueRequired\":true,\"valueName\":\"search_term_string\"}}],\"inLanguage\":\"ca\"}]}<\/script>\n<!-- \/ Yoast SEO plugin. -->","yoast_head_json":{"title":"Pagar el teu Pr\u00e9stec de Manera Senzilla 2026 | AvaFin Espanya","description":"Descobreix com pagar el teu pr\u00e9stec de manera r\u00e0pida i senzilla amb targeta de d\u00e8bit, transfer\u00e8ncia immediata o transfer\u00e8ncia banc\u00e0ria. Accedeix a la teva \u00c0rea de Client i evita interessos de demora.","robots":{"index":"index","follow":"follow","max-snippet":"max-snippet:-1","max-image-preview":"max-image-preview:large","max-video-preview":"max-video-preview:-1"},"canonical":"https:\/\/www.avafin.es\/ca\/com-funciona\/pagar-el-prestec","og_locale":"ca_ES","og_type":"article","og_title":"Pagar tu Pr\u00e9stamo de Manera Sencilla 2026 | AvaFin Espa\u00f1a","og_description":"Descubre c\u00f3mo pagar tu pr\u00e9stamo de forma r\u00e1pida y sencilla con tarjeta de d\u00e9bito, transferencia inmediata o transferencia bancaria. Accede a tu \u00c1rea de Cliente y evita intereses de demora.","og_url":"https:\/\/www.avafin.es\/ca\/com-funciona\/pagar-el-prestec","og_site_name":"AvaFin Espa\u00f1a","article_modified_time":"2024-08-26T10:34:07+00:00","og_image":[{"url":"https:\/\/www.avafin.es\/wp-content\/uploads\/2024\/08\/caixa.webp","type":"","width":"","height":""}],"twitter_card":"summary_large_image","twitter_misc":{"Est. reading time":"1 minut"},"schema":{"@context":"https:\/\/schema.org","@graph":[{"@type":"WebPage","@id":"https:\/\/www.avafin.es\/ca\/com-funciona\/pagar-el-prestec","url":"https:\/\/www.avafin.es\/ca\/com-funciona\/pagar-el-prestec","name":"Pagar el teu Pr\u00e9stec de Manera Senzilla 2026 | AvaFin Espanya","isPartOf":{"@id":"https:\/\/www.avafin.es\/ca\/#website"},"primaryImageOfPage":{"@id":"https:\/\/www.avafin.es\/ca\/com-funciona\/pagar-el-prestec#primaryimage"},"image":{"@id":"https:\/\/www.avafin.es\/ca\/com-funciona\/pagar-el-prestec#primaryimage"},"thumbnailUrl":"https:\/\/www.avafin.es\/wp-content\/uploads\/2024\/08\/caixa.webp","datePublished":"2021-02-01T12:38:34+00:00","dateModified":"2024-08-26T10:34:07+00:00","description":"Descobreix com pagar el teu pr\u00e9stec de manera r\u00e0pida i senzilla amb targeta de d\u00e8bit, transfer\u00e8ncia immediata o transfer\u00e8ncia banc\u00e0ria. Accedeix a la teva \u00c0rea de Client i evita interessos de demora.","breadcrumb":{"@id":"https:\/\/www.avafin.es\/ca\/com-funciona\/pagar-el-prestec#breadcrumb"},"inLanguage":"ca","potentialAction":[{"@type":"ReadAction","target":["https:\/\/www.avafin.es\/ca\/com-funciona\/pagar-el-prestec"]}]},{"@type":"ImageObject","inLanguage":"ca","@id":"https:\/\/www.avafin.es\/ca\/com-funciona\/pagar-el-prestec#primaryimage","url":"https:\/\/www.avafin.es\/wp-content\/uploads\/2024\/08\/caixa.webp","contentUrl":"https:\/\/www.avafin.es\/wp-content\/uploads\/2024\/08\/caixa.webp"},{"@type":"BreadcrumbList","@id":"https:\/\/www.avafin.es\/ca\/com-funciona\/pagar-el-prestec#breadcrumb","itemListElement":[{"@type":"ListItem","position":1,"name":"Inicio","item":"https:\/\/www.avafin.es\/"},{"@type":"ListItem","position":2,"name":"C\u00f3mo Funciona","item":"https:\/\/www.avafin.es\/como-funciona"},{"@type":"ListItem","position":3,"name":"Pagar el Pr\u00e9stamo"}]},{"@type":"WebSite","@id":"https:\/\/www.avafin.es\/ca\/#website","url":"https:\/\/www.avafin.es\/ca\/","name":"AvaFin Espanya","description":"","potentialAction":[{"@type":"SearchAction","target":{"@type":"EntryPoint","urlTemplate":"https:\/\/www.avafin.es\/ca\/?s={search_term_string}"},"query-input":{"@type":"PropertyValueSpecification","valueRequired":true,"valueName":"search_term_string"}}],"inLanguage":"ca"}]}},"_links":{"self":[{"href":"https:\/\/www.avafin.es\/ca\/wp-json\/wp\/v2\/pages\/1744","targetHints":{"allow":["GET"]}}],"collection":[{"href":"https:\/\/www.avafin.es\/ca\/wp-json\/wp\/v2\/pages"}],"about":[{"href":"https:\/\/www.avafin.es\/ca\/wp-json\/wp\/v2\/types\/page"}],"author":[{"embeddable":true,"href":"https:\/\/www.avafin.es\/ca\/wp-json\/wp\/v2\/users\/5"}],"replies":[{"embeddable":true,"href":"https:\/\/www.avafin.es\/ca\/wp-json\/wp\/v2\/comments?post=1744"}],"version-history":[{"count":0,"href":"https:\/\/www.avafin.es\/ca\/wp-json\/wp\/v2\/pages\/1744\/revisions"}],"up":[{"embeddable":true,"href":"https:\/\/www.avafin.es\/ca\/wp-json\/wp\/v2\/pages\/269"}],"wp:attachment":[{"href":"https:\/\/www.avafin.es\/ca\/wp-json\/wp\/v2\/media?parent=1744"}],"curies":[{"name":"wp","href":"https:\/\/api.w.org\/{rel}","templated":true}]}}